{"id":3586,"date":"2018-09-27T14:13:11","date_gmt":"2018-09-27T17:13:11","guid":{"rendered":"http:\/\/pedroleopoldo.mg.gov.br\/?page_id=3586"},"modified":"2026-03-23T17:00:37","modified_gmt":"2026-03-23T20:00:37","slug":"ngc-vigilancia-sanitaria","status":"publish","type":"page","link":"https:\/\/arquivo.pedroleopoldo.mg.gov.br\/?page_id=3586","title":{"rendered":"Vigil\u00e2ncia em Sa\u00fade"},"content":{"rendered":"\n<h2 class=\"wp-block-heading\">Boletim Epidemiol\u00f3gico Arboviroses <\/h2>\n\n\n<a href=\"https:\/\/arquivo.pedroleopoldo.mg.gov.br\/wp-content\/uploads\/2025\/02\/Boletim-Arboviroses-no.05-120225.pdf\" class=\"pdfemb-viewer\" style=\"\" data-width=\"max\" data-height=\"max\" data-toolbar=\"both\" data-toolbar-fixed=\"on\">Boletim-Arboviroses-no.05-120225<\/a>\n<p class=\"wp-block-pdfemb-pdf-embedder-viewer\"><\/p>\n\n\n<a href=\"https:\/\/arquivo.pedroleopoldo.mg.gov.br\/wp-content\/uploads\/2025\/02\/Boletim-Arboviroses-no.04-050225.pdf\" class=\"pdfemb-viewer\" style=\"\" data-width=\"max\" data-height=\"max\" data-toolbar=\"both\" data-toolbar-fixed=\"on\">Boletim-Arboviroses-no.04-050225<\/a>\n<p class=\"wp-block-pdfemb-pdf-embedder-viewer\"><\/p>\n\n\n<a href=\"https:\/\/arquivo.pedroleopoldo.mg.gov.br\/wp-content\/uploads\/2025\/01\/BOLETIM-EPIDEMIOLOGICO-012025.pdf\" class=\"pdfemb-viewer\" style=\"\" data-width=\"max\" data-height=\"max\" data-toolbar=\"both\" data-toolbar-fixed=\"on\">BOLETIM-EPIDEMIOLOGICO-012025<\/a>\n<p class=\"wp-block-pdfemb-pdf-embedder-viewer\"><\/p>\n\n\n\n<h2 class=\"wp-block-heading\">Comunicado de Risco<\/h2>\n\n\n<a href=\"https:\/\/arquivo.pedroleopoldo.mg.gov.br\/wp-content\/uploads\/2023\/05\/Comunicado-de-Risco.pdf\" class=\"pdfemb-viewer\" style=\"\" data-width=\"max\" data-height=\"max\" data-toolbar=\"both\" data-toolbar-fixed=\"on\">Comunicado-de-Risco<\/a>\n<p class=\"wp-block-pdfemb-pdf-embedder-viewer\"><\/p>\n\n\n\n<p>Boletim da Dengue <\/p>\n\n\n<a href=\"https:\/\/arquivo.pedroleopoldo.mg.gov.br\/wp-content\/uploads\/2023\/03\/Boletim-Arbovirose-e-Consolidado-das-A\u00e7\u00f5es-1.pdf\" class=\"pdfemb-viewer\" style=\"\" data-width=\"max\" data-height=\"max\" data-toolbar=\"both\" data-toolbar-fixed=\"on\">Boletim-Arbovirose-e-Consolidado-das-A\u00e7\u00f5es-1<\/a>\n<p class=\"wp-block-pdfemb-pdf-embedder-viewer\"><\/p>\n\n\n\n<p>Comunicado<\/p>\n\n\n<a href=\"https:\/\/arquivo.pedroleopoldo.mg.gov.br\/wp-content\/uploads\/2023\/03\/VISA-Comunicado.pdf\" class=\"pdfemb-viewer\" style=\"\" data-width=\"max\" data-height=\"max\" data-toolbar=\"both\" data-toolbar-fixed=\"on\">VISA-Comunicado<\/a>\n<p class=\"wp-block-pdfemb-pdf-embedder-viewer\"><\/p>\n\n\n\n<p>Comunicados de Risco<\/p>\n\n\n<a href=\"https:\/\/arquivo.pedroleopoldo.mg.gov.br\/wp-content\/uploads\/2023\/03\/COMUNICADOS-DE-RISCO.pdf\" class=\"pdfemb-viewer\" style=\"\" data-width=\"max\" data-height=\"max\" data-toolbar=\"both\" data-toolbar-fixed=\"on\">COMUNICADOS-DE-RISCO<\/a>\n<p class=\"wp-block-pdfemb-pdf-embedder-viewer\"><\/p>\n\n\n\n<h2 class=\"wp-block-heading\">A\u00e7\u00f5es Comit\u00ea de Arboviroses<\/h2>\n\n\n<a href=\"https:\/\/arquivo.pedroleopoldo.mg.gov.br\/wp-content\/uploads\/2023\/03\/Comit\u00ea-em-Dr.-Lund.pdf\" class=\"pdfemb-viewer\" style=\"\" data-width=\"max\" data-height=\"max\" data-toolbar=\"both\" data-toolbar-fixed=\"on\">Comit\u00ea-em-Dr.-Lund<\/a>\n<p class=\"wp-block-pdfemb-pdf-embedder-viewer\"><\/p>\n\n\n<a href=\"https:\/\/arquivo.pedroleopoldo.mg.gov.br\/wp-content\/uploads\/2023\/01\/Arbovirose.pdf\" class=\"pdfemb-viewer\" style=\"\" data-width=\"max\" data-height=\"max\" data-toolbar=\"both\" data-toolbar-fixed=\"on\">Arbovirose<\/a>\n<p class=\"wp-block-pdfemb-pdf-embedder-viewer\"><\/p>\n\n\n<a href=\"https:\/\/arquivo.pedroleopoldo.mg.gov.br\/wp-content\/uploads\/2023\/02\/REUNI\u00c3O-COMIT\u00ca-ARBOVIROSE-FEVEREIRO-2023.pdf\" class=\"pdfemb-viewer\" style=\"\" data-width=\"max\" data-height=\"max\" data-toolbar=\"both\" data-toolbar-fixed=\"on\">REUNI\u00c3O-COMIT\u00ca-ARBOVIROSE-FEVEREIRO-2023<\/a>\n<p class=\"wp-block-pdfemb-pdf-embedder-viewer\"><\/p>\n\n\n\n<h2 class=\"wp-block-heading\">COMUNICADO DE VARIANTE CORONAV\u00cdRUS<\/h2>\n\n\n<a href=\"https:\/\/arquivo.pedroleopoldo.mg.gov.br\/wp-content\/uploads\/2022\/11\/NOTA-TECNICA-VARIANTE-OK.pdf\" class=\"pdfemb-viewer\" style=\"\" data-width=\"max\" data-height=\"max\" data-toolbar=\"both\" data-toolbar-fixed=\"on\">NOTA-TECNICA-VARIANTE-OK<\/a>\n<p class=\"wp-block-pdfemb-pdf-embedder-viewer\"><\/p>\n\n\n<a href=\"https:\/\/arquivo.pedroleopoldo.mg.gov.br\/wp-content\/uploads\/2022\/11\/Freitas-TRPF-2022.-Dengue-Geral.pdf\" class=\"pdfemb-viewer\" style=\"\" data-width=\"max\" data-height=\"max\" data-toolbar=\"both\" data-toolbar-fixed=\"on\">Freitas-TRPF-2022.-Dengue-Geral<\/a>\n<p class=\"wp-block-pdfemb-pdf-embedder-viewer\"><\/p>\n\n\n<a href=\"https:\/\/arquivo.pedroleopoldo.mg.gov.br\/wp-content\/uploads\/2022\/10\/Notifica\u00e7\u00e3o.pdf\" class=\"pdfemb-viewer\" style=\"\" data-width=\"max\" data-height=\"max\" data-toolbar=\"both\" data-toolbar-fixed=\"on\">Notifica\u00e7\u00e3o<\/a>\n<p class=\"wp-block-pdfemb-pdf-embedder-viewer\"><\/p>\n\n\n\n<h4 class=\"wp-block-heading\">INFORME DOEN\u00c7A P\u00c9 M\u00c3O E BOCA<\/h4>\n\n\n<a href=\"https:\/\/arquivo.pedroleopoldo.mg.gov.br\/wp-content\/uploads\/2022\/10\/P\u00e9-M\u00e3o-e-Boca-1.pdf\" class=\"pdfemb-viewer\" style=\"\" data-width=\"max\" data-height=\"max\" data-toolbar=\"both\" data-toolbar-fixed=\"on\">P\u00e9-M\u00e3o-e-Boca-1<\/a>\n<p class=\"wp-block-pdfemb-pdf-embedder-viewer\"><\/p>\n\n\n<a href=\"https:\/\/arquivo.pedroleopoldo.mg.gov.br\/wp-content\/uploads\/2022\/09\/Resolu\u00e7\u00e3o-N\u00ba-3.160.pdf\" class=\"pdfemb-viewer\" style=\"\" data-width=\"max\" data-height=\"max\" data-toolbar=\"both\" data-toolbar-fixed=\"on\">Resolu\u00e7\u00e3o-N\u00ba-3.160<\/a>\n<p class=\"wp-block-pdfemb-pdf-embedder-viewer\"><\/p>\n\n\n\n<p><strong>Recolhimento Ceftriaxona<\/strong><\/p>\n\n\n<a href=\"https:\/\/arquivo.pedroleopoldo.mg.gov.br\/wp-content\/uploads\/2022\/08\/Of\u00edcio-011-Recolhimento-Ceftriaxona7309.pdf\" class=\"pdfemb-viewer\" style=\"\" data-width=\"max\" data-height=\"max\" data-toolbar=\"both\" data-toolbar-fixed=\"on\">Of\u00edcio-011-Recolhimento-Ceftriaxona7309<\/a>\n<p class=\"wp-block-pdfemb-pdf-embedder-viewer\"><\/p>\n\n\n\n<p>Notifica\u00e7\u00e3o Visa &#8211; Interdi\u00e7\u00e3o Cautelar<\/p>\n\n\n<a href=\"https:\/\/arquivo.pedroleopoldo.mg.gov.br\/wp-content\/uploads\/2021\/12\/Notifica\u00e7\u00e3o-VISA-Interdi\u00e7\u00e3o-Cautelar-002-21-PINDAR\u00c9.pdf\" class=\"pdfemb-viewer\" style=\"\" data-width=\"max\" data-height=\"max\" data-toolbar=\"both\" data-toolbar-fixed=\"on\">Notifica\u00e7\u00e3o-VISA-Interdi\u00e7\u00e3o-Cautelar-002-21-PINDAR\u00c9<\/a>\n<p class=\"wp-block-pdfemb-pdf-embedder-viewer\"><\/p>\n\n\n\n<p>Nota T\u00e9cnica 004\/2021<\/p>\n\n\n<a href=\"https:\/\/arquivo.pedroleopoldo.mg.gov.br\/wp-content\/uploads\/2021\/10\/Nota-T\u00e9cnica-004-2021-Vacina\u00e7\u00e3o-COVID-19.pdf\" class=\"pdfemb-viewer\" style=\"\" data-width=\"max\" data-height=\"max\" data-toolbar=\"both\" data-toolbar-fixed=\"on\">Nota-T\u00e9cnica-004-2021-Vacina\u00e7\u00e3o-COVID-19<\/a>\n<p class=\"wp-block-pdfemb-pdf-embedder-viewer\"><\/p>\n\n\n\n<p>Nota t\u00e9cnica Variante Delta (Coronav\u00edrus) <\/p>\n\n\n<a href=\"https:\/\/arquivo.pedroleopoldo.mg.gov.br\/wp-content\/uploads\/2021\/08\/Nota-T\u00e9cnica-002-2021-COVID-19-Variante-Delta.pdf\" class=\"pdfemb-viewer\" style=\"\" data-width=\"max\" data-height=\"max\" data-toolbar=\"both\" data-toolbar-fixed=\"on\">Nota-T\u00e9cnica-002-2021-COVID-19-Variante-Delta<\/a>\n<p class=\"wp-block-pdfemb-pdf-embedder-viewer\"><\/p>\n\n\n\n<p>Nota t\u00e9cnica 001\/2021 &#8211; Febre Maculosa<\/p>\n\n\n<a href=\"https:\/\/arquivo.pedroleopoldo.mg.gov.br\/wp-content\/uploads\/2021\/08\/Nota-T\u00e9cnica-001-2021-Febre-Maculosa.pdf\" class=\"pdfemb-viewer\" style=\"\" data-width=\"max\" data-height=\"max\" data-toolbar=\"both\" data-toolbar-fixed=\"on\">Nota-T\u00e9cnica-001-2021-Febre-Maculosa<\/a>\n<p class=\"wp-block-pdfemb-pdf-embedder-viewer\"><\/p>\n\n\n\n<p>Lista de verifica\u00e7\u00e3o de Boas Pr\u00e1ticas de fabrica\u00e7\u00e3o de alimentos<\/p>\n\n\n<a href=\"https:\/\/arquivo.pedroleopoldo.mg.gov.br\/wp-content\/uploads\/2021\/02\/Lista-de-verifica\u00e7\u00e3o-de-Boas-Pr\u00e1ticas-de-fabrica\u00e7\u00e3o-de-alimentos.pdf\" class=\"pdfemb-viewer\" style=\"\" data-width=\"max\" data-height=\"max\" data-toolbar=\"both\" data-toolbar-fixed=\"on\">Lista-de-verifica\u00e7\u00e3o-de-Boas-Pr\u00e1ticas-de-fabrica\u00e7\u00e3o-de-alimentos<\/a>\n<p class=\"wp-block-pdfemb-pdf-embedder-viewer\"><\/p>\n\n\n<a href=\"https:\/\/arquivo.pedroleopoldo.mg.gov.br\/wp-content\/uploads\/2020\/03\/Fluxogramas-e-anexos.pdf\" class=\"pdfemb-viewer\" style=\"\" data-width=\"max\" data-height=\"max\" data-toolbar=\"both\" data-toolbar-fixed=\"on\">Fluxogramas-e-anexos<\/a>\n<p class=\"wp-block-pdfemb-pdf-embedder-viewer\"><\/p>\n\n\n<a href=\"https:\/\/arquivo.pedroleopoldo.mg.gov.br\/wp-content\/uploads\/2020\/03\/Boletim-Epidemiologico-Leishmaniose-2019.pdf\" class=\"pdfemb-viewer\" style=\"\" data-width=\"max\" data-height=\"max\" data-toolbar=\"both\" data-toolbar-fixed=\"on\">Boletim-Epidemiologico-Leishmaniose-2019<\/a>\n<p class=\"wp-block-pdfemb-pdf-embedder-viewer\"><\/p>\n\n\n\n<p>Nota T\u00e9cnica N\u00ba 08\/DAVS \/ Divis\u00e3o de Vigil\u00e2ncia em Sa\u00fade com o resultado do Lira &#8211;&nbsp;&nbsp;<strong>LEVANTAMENTO DE \u00cdNDICE R\u00c1PIDO DO&nbsp;<\/strong><em><strong>AEDES AEGYPTI&nbsp;<\/strong><\/em><strong>(LIRAa)<\/strong> &#8211; 31\/01\/2020<\/p>\n\n\n\n<figure class=\"wp-block-image\"><img decoding=\"async\" loading=\"lazy\" width=\"960\" height=\"960\" src=\"https:\/\/arquivo.pedroleopoldo.mg.gov.br\/wp-content\/uploads\/2020\/04\/boletim-dengue1.jpg\" alt=\"\" class=\"wp-image-12181\" srcset=\"https:\/\/arquivo.pedroleopoldo.mg.gov.br\/wp-content\/uploads\/2020\/04\/boletim-dengue1.jpg 960w, https:\/\/arquivo.pedroleopoldo.mg.gov.br\/wp-content\/uploads\/2020\/04\/boletim-dengue1-150x150.jpg 150w, https:\/\/arquivo.pedroleopoldo.mg.gov.br\/wp-content\/uploads\/2020\/04\/boletim-dengue1-300x300.jpg 300w, https:\/\/arquivo.pedroleopoldo.mg.gov.br\/wp-content\/uploads\/2020\/04\/boletim-dengue1-768x768.jpg 768w\" sizes=\"(max-width: 960px) 100vw, 960px\" \/><\/figure>\n\n\n\n<figure class=\"wp-block-image\"><img decoding=\"async\" loading=\"lazy\" width=\"960\" height=\"960\" src=\"https:\/\/arquivo.pedroleopoldo.mg.gov.br\/wp-content\/uploads\/2020\/04\/boletim-dengue-mar\u00e7o.jpg\" alt=\"\" class=\"wp-image-12184\" srcset=\"https:\/\/arquivo.pedroleopoldo.mg.gov.br\/wp-content\/uploads\/2020\/04\/boletim-dengue-mar\u00e7o.jpg 960w, https:\/\/arquivo.pedroleopoldo.mg.gov.br\/wp-content\/uploads\/2020\/04\/boletim-dengue-mar\u00e7o-150x150.jpg 150w, https:\/\/arquivo.pedroleopoldo.mg.gov.br\/wp-content\/uploads\/2020\/04\/boletim-dengue-mar\u00e7o-300x300.jpg 300w, https:\/\/arquivo.pedroleopoldo.mg.gov.br\/wp-content\/uploads\/2020\/04\/boletim-dengue-mar\u00e7o-768x768.jpg 768w\" sizes=\"(max-width: 960px) 100vw, 960px\" \/><\/figure>\n\n\n<a href=\"https:\/\/arquivo.pedroleopoldo.mg.gov.br\/wp-content\/uploads\/2020\/02\/NT-LIRAa-Janeiro-2020.pdf\" class=\"pdfemb-viewer\" style=\"\" data-width=\"max\" data-height=\"max\" data-toolbar=\"both\" data-toolbar-fixed=\"on\">NT-LIRAa-Janeiro-2020<\/a>\n<p class=\"wp-block-pdfemb-pdf-embedder-viewer\"><\/p>\n\n\n\n<figure class=\"wp-block-image\"><img decoding=\"async\" loading=\"lazy\" width=\"491\" height=\"715\" src=\"https:\/\/arquivo.pedroleopoldo.mg.gov.br\/wp-content\/uploads\/2020\/02\/boletim_dengue.jpeg\" alt=\"\" class=\"wp-image-11660\" srcset=\"https:\/\/arquivo.pedroleopoldo.mg.gov.br\/wp-content\/uploads\/2020\/02\/boletim_dengue.jpeg 491w, https:\/\/arquivo.pedroleopoldo.mg.gov.br\/wp-content\/uploads\/2020\/02\/boletim_dengue-206x300.jpeg 206w\" sizes=\"(max-width: 491px) 100vw, 491px\" \/><\/figure>\n\n\n\n<p><strong>Boletim Epidemiol\u00f3gico Vigil\u00e2ncia em Sa\u00fade &#8211; 26\/12\/2019<\/strong><\/p>\n\n\n<a href=\"https:\/\/arquivo.pedroleopoldo.mg.gov.br\/wp-content\/uploads\/2019\/12\/Boletim-Epidemiologico-Leishmaniose-2019.pdf\" class=\"pdfemb-viewer\" style=\"\" data-width=\"max\" data-height=\"max\" data-toolbar=\"both\" data-toolbar-fixed=\"on\">Boletim-Epidemiologico-Leishmaniose-2019<\/a>\n<p class=\"wp-block-pdfemb-pdf-embedder-viewer\"><\/p>\n\n\n\n<p><strong>Fluxograma I Leishmaniose Tegumentar Americana (LTA) <\/strong> <\/p>\n\n\n<a href=\"https:\/\/arquivo.pedroleopoldo.mg.gov.br\/wp-content\/uploads\/2019\/12\/Fluxogramas-e-anexos.pdf\" class=\"pdfemb-viewer\" style=\"\" data-width=\"max\" data-height=\"max\" data-toolbar=\"both\" data-toolbar-fixed=\"on\">Fluxogramas-e-anexos<\/a>\n<p class=\"wp-block-pdfemb-pdf-embedder-viewer\"><\/p>\n\n\n\n<p><strong>Atas das Reuni\u00f5es do Comit\u00ea de Arboviroses&nbsp;<\/strong><\/p>\n\n\n<a href=\"https:\/\/arquivo.pedroleopoldo.mg.gov.br\/wp-content\/uploads\/2019\/10\/Ata-da-1\u00aa-Reuni\u00e3o-Comit\u00ea-de-Arboviroses-16.01.2019.pdf\" class=\"pdfemb-viewer\" style=\"\" data-width=\"max\" data-height=\"max\" data-toolbar=\"both\" data-toolbar-fixed=\"on\">Ata-da-1\u00aa-Reuni\u00e3o-Comit\u00ea-de-Arboviroses-16.01.2019<\/a>\n<p class=\"wp-block-pdfemb-pdf-embedder-viewer\"><\/p>\n\n\n<a href=\"https:\/\/arquivo.pedroleopoldo.mg.gov.br\/wp-content\/uploads\/2019\/10\/Ata-da-1\u00aa-reuni\u00e3o-26-06-2018.pdf\" class=\"pdfemb-viewer\" style=\"\" data-width=\"max\" data-height=\"max\" data-toolbar=\"both\" data-toolbar-fixed=\"on\">Ata-da-1\u00aa-reuni\u00e3o-26-06-2018<\/a>\n<p class=\"wp-block-pdfemb-pdf-embedder-viewer\"><\/p>\n\n\n<a href=\"https:\/\/arquivo.pedroleopoldo.mg.gov.br\/wp-content\/uploads\/2019\/10\/Ata-da-2\u00aa-reuni\u00e3o-01-08-2018.pdf\" class=\"pdfemb-viewer\" style=\"\" data-width=\"max\" data-height=\"max\" data-toolbar=\"both\" data-toolbar-fixed=\"on\">Ata-da-2\u00aa-reuni\u00e3o-01-08-2018<\/a>\n<p class=\"wp-block-pdfemb-pdf-embedder-viewer\"><\/p>\n\n\n<a href=\"https:\/\/arquivo.pedroleopoldo.mg.gov.br\/wp-content\/uploads\/2019\/10\/Ata-da-2\u00aa-Reuni\u00e3o-Comit\u00ea-de-Arboviroses-20.03.2019.pdf\" class=\"pdfemb-viewer\" style=\"\" data-width=\"max\" data-height=\"max\" data-toolbar=\"both\" data-toolbar-fixed=\"on\">Ata-da-2\u00aa-Reuni\u00e3o-Comit\u00ea-de-Arboviroses-20.03.2019<\/a>\n<p class=\"wp-block-pdfemb-pdf-embedder-viewer\"><\/p>\n\n\n<a href=\"https:\/\/arquivo.pedroleopoldo.mg.gov.br\/wp-content\/uploads\/2019\/10\/Ata-da-3\u00aa-Reuni\u00e3o-Comit\u00ea-de-Arboviroses-12.06.2019.pdf\" class=\"pdfemb-viewer\" style=\"\" data-width=\"max\" data-height=\"max\" data-toolbar=\"both\" data-toolbar-fixed=\"on\">Ata-da-3\u00aa-Reuni\u00e3o-Comit\u00ea-de-Arboviroses-12.06.2019<\/a>\n<p class=\"wp-block-pdfemb-pdf-embedder-viewer\"><\/p>\n\n\n<a href=\"https:\/\/arquivo.pedroleopoldo.mg.gov.br\/wp-content\/uploads\/2019\/10\/Ata-da-3\u00aa-reuni\u00e3o-12-09-2018.pdf\" class=\"pdfemb-viewer\" style=\"\" data-width=\"max\" data-height=\"max\" data-toolbar=\"both\" data-toolbar-fixed=\"on\">Ata-da-3\u00aa-reuni\u00e3o-12-09-2018<\/a>\n<p class=\"wp-block-pdfemb-pdf-embedder-viewer\"><\/p>\n\n\n<a href=\"https:\/\/arquivo.pedroleopoldo.mg.gov.br\/wp-content\/uploads\/2019\/10\/Ata-da-4\u00aa-Reuni\u00e3o-Comit\u00ea-de-Arboviroses-21.08.2019-1.pdf\" class=\"pdfemb-viewer\" style=\"\" data-width=\"max\" data-height=\"max\" data-toolbar=\"both\" data-toolbar-fixed=\"on\">Ata-da-4\u00aa-Reuni\u00e3o-Comit\u00ea-de-Arboviroses-21.08.2019-1<\/a>\n<p class=\"wp-block-pdfemb-pdf-embedder-viewer\"><\/p>\n\n\n<a href=\"https:\/\/arquivo.pedroleopoldo.mg.gov.br\/wp-content\/uploads\/2019\/10\/Ata-da-4\u00aa-reuni\u00e3o-17-10-2018.pdf\" class=\"pdfemb-viewer\" style=\"\" data-width=\"max\" data-height=\"max\" data-toolbar=\"both\" data-toolbar-fixed=\"on\">Ata-da-4\u00aa-reuni\u00e3o-17-10-2018<\/a>\n<p class=\"wp-block-pdfemb-pdf-embedder-viewer\"><\/p>\n\n\n<a href=\"https:\/\/arquivo.pedroleopoldo.mg.gov.br\/wp-content\/uploads\/2019\/10\/Ata-da-5\u00aa-Reuni\u00e3o-Comit\u00ea-de-Arboviroses-09.10.2019.pdf\" class=\"pdfemb-viewer\" style=\"\" data-width=\"max\" data-height=\"max\" data-toolbar=\"both\" data-toolbar-fixed=\"on\">Ata-da-5\u00aa-Reuni\u00e3o-Comit\u00ea-de-Arboviroses-09.10.2019<\/a>\n<p class=\"wp-block-pdfemb-pdf-embedder-viewer\"><\/p>\n\n\n<a href=\"https:\/\/arquivo.pedroleopoldo.mg.gov.br\/wp-content\/uploads\/2019\/10\/Ata-da-5\u00aa-reuni\u00e3o-28-11-2018.pdf\" class=\"pdfemb-viewer\" style=\"\" data-width=\"max\" data-height=\"max\" data-toolbar=\"both\" data-toolbar-fixed=\"on\">Ata-da-5\u00aa-reuni\u00e3o-28-11-2018<\/a>\n<p class=\"wp-block-pdfemb-pdf-embedder-viewer\"><\/p>\n\n\n\n<h2 class=\"wp-block-heading\">Comunicado \u00e0s Drogarias<\/h2>\n\n\n<a href=\"https:\/\/arquivo.pedroleopoldo.mg.gov.br\/wp-content\/uploads\/2019\/08\/Divulga\u00e7\u00e3o-Drogarias-Proj-Arquitet\u00f4nico.pdf\" class=\"pdfemb-viewer\" style=\"\" data-width=\"max\" data-height=\"max\" data-toolbar=\"both\" data-toolbar-fixed=\"on\">Divulga\u00e7\u00e3o-Drogarias-Proj-Arquitet\u00f4nico<\/a>\n<p class=\"wp-block-pdfemb-pdf-embedder-viewer\"><\/p>\n\n\n\n<h2 class=\"wp-block-heading\">Not\u00edcias Visa<\/h2>\n\n\n\n<p><strong><em>A\u00e7\u00f5es do Projeto da Recoa (Rede Comunit\u00e1ria em A\u00e7\u00e3o) <\/em><\/strong><\/p>\n\n\n\n<p><strong>Pequenas a\u00e7\u00f5es transformam o mundo em um lugar melhor no Bairro Morada\ndos Angicos<\/strong><\/p>\n\n\n\n<p>&nbsp;A Rede Comunit\u00e1ria em A\u00e7\u00e3o (Recoa) e a ONG\nLagoa Viva ao desenvolver os Projetos de Educa\u00e7\u00e3o Ambiental \u201cMuros Inteligentes\u201d\ne \u201cGuardi\u00f5es da Reciclagem\u201d iniciam uma nova e ousada etapa de atividades\nenvolvendo as comunidades na cidade de Pedro Leopoldo. A comunidade do bairro\nMorada dos Angicos no Distrito de Lagoa de Santo Ant\u00f4nio \u00e9 a pioneira para as\n\u201cA\u00c7\u00d5ES DE MOBILIZA\u00c7\u00c3O DE LIMPEZA, EMBELEZAMENTO DE VIAS P\u00daBLICAS E EDUCA\u00c7\u00c3O\nAMBIENTAL COM CONSCIENTIZA\u00c7\u00c3O DA IMPORT\u00c2NCIA DE CUIDAR DO MEIO AMBIENTE\u201d. <\/p>\n\n\n\n<p>A escolha dessa comunidade se deu\na partir do pedido de uma moradora do bairro, Marilda Borges do Reis, m\u00e3e de\nMaria Paula, aluna do 5\u00ba ano da Escola Municipal Heitor Cl\u00e1udio de Sales, que\ndesenvolve juntamente com outros 90 colegas o Projeto \u201cGuardi\u00f5es da Reciclagem\u201d\nsob coordena\u00e7\u00e3o da professora Concei\u00e7\u00e3o Lima Lopes.<\/p>\n\n\n\n<p>Se sentindo incomodada com a\ndisposi\u00e7\u00e3o inadequada de res\u00edduos s\u00f3lidos em lotes vagos no seu bairro, a m\u00e3e\nquestionou se o Projeto que fomenta o cuidado com o meio ambiente tomando como\nfoco a coleta seletiva de forma muito bem sucedida, tendo j\u00e1 extrapolado os\nmuros escolares ao conscientizar outras escolas, distritos e outras cidades.<\/p>\n\n\n\n<p>Diante do desafio, as Associa\u00e7\u00f5es\nque comp\u00f5em a RedeRecoa, dentre elas, a&nbsp;\nONG Lagoa Viva, prop\u00f5em um a\u00e7\u00e3o baseada na&nbsp; metodologia da \u201cViv\u00eancia Oasis\u201d, que se\nbaseia na Filosofia Elos,&nbsp; na experi\u00eancia\nde 2015 desenvolvida&nbsp; pelo Instituto\nLafargeHolcim em 2015 para cria\u00e7\u00e3o do Comit\u00ea de A\u00e7\u00f5es Participativas &#8211; CAP,&nbsp; uma&nbsp;\naprendizagem pragm\u00e1tica&nbsp; do poder\nde sensibiliza\u00e7\u00e3o de lideran\u00e7as para o desenvolvimento de uma cultura de\nabund\u00e2ncia e de colabora\u00e7\u00e3o, impulsionando mudan\u00e7as positivas.<\/p>\n\n\n\n<p>Assim, numa primeira reuni\u00e3o com\n26 pessoas em 23 de julho na Igreja Quadrangular localizada \u00e0 Rua Cruzeiro,\npr\u00f3xima ao n\u00famero 100, bairro Morada dos Angicos, espa\u00e7o gentilmente emprestado\npelo pastor Paulo de Tarso, iniciou-se um trabalho junto \u00e0 comunidade,\nconvidando os moradores presentes a CONSTRUIR UM SONHO COLETIVO. Em 17 de\nagosto, com 41 pessoas ocorreu a segunda reuni\u00e3o com intuito de planejar o DIA\n31 DE AGOSTO, de 07h00min AS 16h30min, que ser\u00e1 o dia de a\u00e7\u00f5es coletivas no\nbairro com mobiliza\u00e7\u00e3o dos moradores para limpeza e embelezamento de vias\np\u00fablicas atrav\u00e9s dos grafiteiros, parceiros da RedeRecoa. S\u00d3 SER\u00c3O BENEFICIADAS\nAS RUAS que tiverem moradores envolvidos no movimento e que contar\u00e3o tamb\u00e9m com\nblitz educativa e visita dos Guardi\u00f5es da Reciclagem, membros da ASCAPEL e\nagentes da vigil\u00e2ncia de sa\u00fade municipais falando da import\u00e2ncia de cuidar bem\ndo meio ambiente. <\/p>\n\n\n\n<p>O tamanho dessa a\u00e7\u00e3o vai depender\nda condi\u00e7\u00e3o dessa comunidade de SONHAR e se ORGANIZAR.&nbsp; A proposta \u00e9 mostrar \u00e0 comunidade o potencial\nque ela tem, seus talentos, sua for\u00e7a. Faz\u00ea-la compreender que PODE construir\num mundo melhor, agindo desde o lugar onde est\u00e1 e da posi\u00e7\u00e3o que ocupa na sua\norganiza\u00e7\u00e3o e no mundo. Para isso, a RedeRecoa est\u00e1 empenhada em usar a\ncredibilidade que conquistou nos seus seis anos de exist\u00eancia, na seriedade em\nque atua na proposta de contribuir para a&nbsp;\nconstru\u00e7\u00e3o de pol\u00edticas p\u00fablicas, ou seja,metas coletivas conscientes,\nque visem o bem comum.<\/p>\n\n\n\n<p>A RedeRecoa busca o apoio dos\nparceiros civis, da parceria de empresas e com\u00e9rcios locais na doa\u00e7\u00e3o de\ndonativos( alimentos para lanche e almo\u00e7o no dia da a\u00e7\u00e3o, tinta para o grafite,\npara pintar meios fios e brincadeiras nas ruas, cimento, brita, areia para\nfazer passeios em mutir\u00e3o, mudas de plantas adequadas para arborizar ruas,\nplacas de tr\u00e2nsito e educativas para melhor uso do espa\u00e7o, empr\u00e9stimo de\nferramentas e de m\u00e3o de obra). Busca tamb\u00e9m a parceria institucional do poder\np\u00fablico municipal atrav\u00e9s de suas secretarias, solucionando ou direcionando caminhos\na curto e longo prazo para as demandas levantadas pela comunidade nessa a\u00e7\u00e3o. Busca\nainda apoio do poder legislativo convidando os vereadores a colocarem a m\u00e3o na\nmassa para a\u00e7\u00f5es imediatas e a criar meios eficazes para solucionar problemas\nmais complexos do bairro.<\/p>\n\n\n\n<p>&nbsp;A RedeRecoa acredita que as parcerias da sociedade\ncivil, empres\u00e1rios, comerciantes e&nbsp; do\nPoder P\u00fablico s\u00e3o imprescind\u00edveis nessa constru\u00e7\u00e3o coletiva e na exist\u00eancia de\numa REDE cada vez mais&nbsp; fortalecida,\ntrabalhando na constru\u00e7\u00e3o de&nbsp; um mundo\nmelhor de se viver. PARTICIPEM!<\/p>\n\n\n\n<figure class=\"wp-block-image\"><img decoding=\"async\" loading=\"lazy\" width=\"1024\" height=\"768\" src=\"https:\/\/arquivo.pedroleopoldo.mg.gov.br\/wp-content\/uploads\/2019\/08\/01-2-1024x768.jpg\" alt=\"\" class=\"wp-image-9273\" srcset=\"https:\/\/arquivo.pedroleopoldo.mg.gov.br\/wp-content\/uploads\/2019\/08\/01-2-1024x768.jpg 1024w, https:\/\/arquivo.pedroleopoldo.mg.gov.br\/wp-content\/uploads\/2019\/08\/01-2-300x225.jpg 300w, https:\/\/arquivo.pedroleopoldo.mg.gov.br\/wp-content\/uploads\/2019\/08\/01-2-768x576.jpg 768w, https:\/\/arquivo.pedroleopoldo.mg.gov.br\/wp-content\/uploads\/2019\/08\/01-2.jpg 1280w\" sizes=\"(max-width: 1024px) 100vw, 1024px\" \/><\/figure>\n\n\n\n<p><strong>Nota Campanha Antirr\u00e1bica<\/strong> <\/p>\n\n\n<a href=\"https:\/\/arquivo.pedroleopoldo.mg.gov.br\/wp-content\/uploads\/2019\/08\/NT-Campanha-Antirr\u00e1bica-Animal-2019-convertido.pdf\" class=\"pdfemb-viewer\" style=\"\" data-width=\"max\" data-height=\"max\" data-toolbar=\"both\" data-toolbar-fixed=\"on\">NT-Campanha-Antirr\u00e1bica-Animal-2019-convertido<\/a>\n<p class=\"wp-block-pdfemb-pdf-embedder-viewer\"><\/p>\n\n\n<h1>Informativos<\/h1>\n<p><a href=\"https:\/\/arquivo.pedroleopoldo.mg.gov.br\/wp-content\/uploads\/2018\/11\/Informativo-Escorpionismo.pdf\">Informativo Escorpionismo<\/a><\/p>\n<p><a href=\"https:\/\/arquivo.pedroleopoldo.mg.gov.br\/wp-content\/uploads\/2019\/01\/Mat\u00e9ria-Mutir\u00e3o-contra-o-mosquito-Aedes-acontece-em-PL-na-primeira-semana-de-fevereiro.pdf\">A\u00e7\u00f5es disparadas de combate ao Aedes<\/a><\/p>\n<p><a href=\"https:\/\/arquivo.pedroleopoldo.mg.gov.br\/wp-content\/uploads\/2019\/04\/Informativo-Fumac\u00ea-2019-1.pdf\">Informativo Fumac\u00ea 2019 (1)<\/a><\/p>\n<h1>Boletim<\/h1>\n<p><a href=\"https:\/\/arquivo.pedroleopoldo.mg.gov.br\/wp-content\/uploads\/2019\/01\/Boletim-Epidemiologico-3-QuadrimestreDez-2018.-1.pdf\">Boletim Epidemiologico &#8211; 3 QuadrimestreDez-2018<\/a><\/p>\n\n<a href=\"https:\/\/arquivo.pedroleopoldo.mg.gov.br\/wp-content\/uploads\/2019\/04\/Boletim-1-Quadrimestre-2019-DENGUE-.pdf\" class=\"pdfemb-viewer\" style=\"\" data-width=\"max\" data-height=\"max\" data-toolbar=\"both\" data-toolbar-fixed=\"on\">Boletim-1-Quadrimestre-2019-DENGUE-<\/a>\n<p class=\"wp-block-pdfemb-pdf-embedder-viewer\"><\/p>\n\n\n\n<p><strong>B<\/strong><\/p>\n\n\n","protected":false},"excerpt":{"rendered":"<p>Boletim Epidemiol\u00f3gico Arboviroses Comunicado de Risco Boletim da Dengue Comunicado Comunicados de Risco A\u00e7\u00f5es Comit\u00ea de Arboviroses COMUNICADO DE VARIANTE CORONAV\u00cdRUS INFORME DOEN\u00c7A P\u00c9 M\u00c3O E BOCA Recolhimento Ceftriaxona Notifica\u00e7\u00e3o Visa &#8211; Interdi\u00e7\u00e3o Cautelar Nota T\u00e9cnica 004\/2021 Nota t\u00e9cnica Variante Delta (Coronav\u00edrus) Nota t\u00e9cnica 001\/2021 &#8211; Febre Maculosa Lista de verifica\u00e7\u00e3o de Boas Pr\u00e1ticas de &hellip; <a href=\"https:\/\/arquivo.pedroleopoldo.mg.gov.br\/?page_id=3586\" class=\"more-link\">Continuar lendo <span class=\"screen-reader-text\">Vigil\u00e2ncia em Sa\u00fade<\/span><\/a><\/p>\n","protected":false},"author":1,"featured_media":0,"parent":0,"menu_order":0,"comment_status":"closed","ping_status":"closed","template":"","meta":{"footnotes":""},"_links":{"self":[{"href":"https:\/\/arquivo.pedroleopoldo.mg.gov.br\/index.php?rest_route=\/wp\/v2\/pages\/3586"}],"collection":[{"href":"https:\/\/arquivo.pedroleopoldo.mg.gov.br\/index.php?rest_route=\/wp\/v2\/pages"}],"about":[{"href":"https:\/\/arquivo.pedroleopoldo.mg.gov.br\/index.php?rest_route=\/wp\/v2\/types\/page"}],"author":[{"embeddable":true,"href":"https:\/\/arquivo.pedroleopoldo.mg.gov.br\/index.php?rest_route=\/wp\/v2\/users\/1"}],"replies":[{"embeddable":true,"href":"https:\/\/arquivo.pedroleopoldo.mg.gov.br\/index.php?rest_route=%2Fwp%2Fv2%2Fcomments&post=3586"}],"version-history":[{"count":1,"href":"https:\/\/arquivo.pedroleopoldo.mg.gov.br\/index.php?rest_route=\/wp\/v2\/pages\/3586\/revisions"}],"predecessor-version":[{"id":32431,"href":"https:\/\/arquivo.pedroleopoldo.mg.gov.br\/index.php?rest_route=\/wp\/v2\/pages\/3586\/revisions\/32431"}],"wp:attachment":[{"href":"https:\/\/arquivo.pedroleopoldo.mg.gov.br\/index.php?rest_route=%2Fwp%2Fv2%2Fmedia&parent=3586"}],"curies":[{"name":"wp","href":"https:\/\/api.w.org\/{rel}","templated":true}]}}