{"id":30350,"date":"2026-03-12T14:04:54","date_gmt":"2026-03-12T17:04:54","guid":{"rendered":"https:\/\/arquivo.pedroleopoldo.mg.gov.br\/?page_id=30350"},"modified":"2026-03-16T12:25:57","modified_gmt":"2026-03-16T15:25:57","slug":"arquivo","status":"publish","type":"page","link":"https:\/\/arquivo.pedroleopoldo.mg.gov.br\/","title":{"rendered":"Arquivo"},"content":{"rendered":"\n<p class=\"has-text-align-center has-large-font-size\">Publica\u00e7\u00f5es site antigo<\/p>\n\n\n\n<p>Utilize o Menu ao lado desta p\u00e1gina para acesso as pub\u00e7lica\u00e7\u00f5es realizadas antes de 11\/03\/2026 no antigo site da prefeitura. Ou acesse pelos links abaixo pelo m\u00eas da publica\u00e7\u00e3o.<\/p>\n\n\n\n<p><\/p>\n\n\n\n<p class=\"has-text-align-center has-large-font-size\">Publica\u00e7\u00f5es por data<\/p>\n\n\n<ul class=\"wp-block-archives-list wp-block-archives\">\t<li><a href='https:\/\/arquivo.pedroleopoldo.mg.gov.br\/?m=202603'>mar\u00e7o 2026<\/a><\/li>\n\t<li><a href='https:\/\/arquivo.pedroleopoldo.mg.gov.br\/?m=202602'>fevereiro 2026<\/a><\/li>\n\t<li><a href='https:\/\/arquivo.pedroleopoldo.mg.gov.br\/?m=202601'>janeiro 2026<\/a><\/li>\n\t<li><a href='https:\/\/arquivo.pedroleopoldo.mg.gov.br\/?m=202512'>dezembro 2025<\/a><\/li>\n\t<li><a href='https:\/\/arquivo.pedroleopoldo.mg.gov.br\/?m=202511'>novembro 2025<\/a><\/li>\n\t<li><a href='https:\/\/arquivo.pedroleopoldo.mg.gov.br\/?m=202510'>outubro 2025<\/a><\/li>\n\t<li><a href='https:\/\/arquivo.pedroleopoldo.mg.gov.br\/?m=202509'>setembro 2025<\/a><\/li>\n\t<li><a href='https:\/\/arquivo.pedroleopoldo.mg.gov.br\/?m=202508'>agosto 2025<\/a><\/li>\n\t<li><a href='https:\/\/arquivo.pedroleopoldo.mg.gov.br\/?m=202507'>julho 2025<\/a><\/li>\n\t<li><a href='https:\/\/arquivo.pedroleopoldo.mg.gov.br\/?m=202506'>junho 2025<\/a><\/li>\n\t<li><a href='https:\/\/arquivo.pedroleopoldo.mg.gov.br\/?m=202505'>maio 2025<\/a><\/li>\n\t<li><a href='https:\/\/arquivo.pedroleopoldo.mg.gov.br\/?m=202504'>abril 2025<\/a><\/li>\n\t<li><a href='https:\/\/arquivo.pedroleopoldo.mg.gov.br\/?m=202503'>mar\u00e7o 2025<\/a><\/li>\n\t<li><a href='https:\/\/arquivo.pedroleopoldo.mg.gov.br\/?m=202502'>fevereiro 2025<\/a><\/li>\n\t<li><a href='https:\/\/arquivo.pedroleopoldo.mg.gov.br\/?m=202501'>janeiro 2025<\/a><\/li>\n\t<li><a href='https:\/\/arquivo.pedroleopoldo.mg.gov.br\/?m=202412'>dezembro 2024<\/a><\/li>\n\t<li><a href='https:\/\/arquivo.pedroleopoldo.mg.gov.br\/?m=202411'>novembro 2024<\/a><\/li>\n\t<li><a href='https:\/\/arquivo.pedroleopoldo.mg.gov.br\/?m=202410'>outubro 2024<\/a><\/li>\n\t<li><a href='https:\/\/arquivo.pedroleopoldo.mg.gov.br\/?m=202409'>setembro 2024<\/a><\/li>\n\t<li><a href='https:\/\/arquivo.pedroleopoldo.mg.gov.br\/?m=202408'>agosto 2024<\/a><\/li>\n\t<li><a href='https:\/\/arquivo.pedroleopoldo.mg.gov.br\/?m=202407'>julho 2024<\/a><\/li>\n\t<li><a href='https:\/\/arquivo.pedroleopoldo.mg.gov.br\/?m=202406'>junho 2024<\/a><\/li>\n\t<li><a href='https:\/\/arquivo.pedroleopoldo.mg.gov.br\/?m=202405'>maio 2024<\/a><\/li>\n\t<li><a href='https:\/\/arquivo.pedroleopoldo.mg.gov.br\/?m=202404'>abril 2024<\/a><\/li>\n\t<li><a href='https:\/\/arquivo.pedroleopoldo.mg.gov.br\/?m=202403'>mar\u00e7o 2024<\/a><\/li>\n\t<li><a href='https:\/\/arquivo.pedroleopoldo.mg.gov.br\/?m=202402'>fevereiro 2024<\/a><\/li>\n\t<li><a href='https:\/\/arquivo.pedroleopoldo.mg.gov.br\/?m=202401'>janeiro 2024<\/a><\/li>\n\t<li><a href='https:\/\/arquivo.pedroleopoldo.mg.gov.br\/?m=202312'>dezembro 2023<\/a><\/li>\n\t<li><a href='https:\/\/arquivo.pedroleopoldo.mg.gov.br\/?m=202311'>novembro 2023<\/a><\/li>\n\t<li><a href='https:\/\/arquivo.pedroleopoldo.mg.gov.br\/?m=202310'>outubro 2023<\/a><\/li>\n\t<li><a href='https:\/\/arquivo.pedroleopoldo.mg.gov.br\/?m=202309'>setembro 2023<\/a><\/li>\n\t<li><a href='https:\/\/arquivo.pedroleopoldo.mg.gov.br\/?m=202308'>agosto 2023<\/a><\/li>\n\t<li><a href='https:\/\/arquivo.pedroleopoldo.mg.gov.br\/?m=202307'>julho 2023<\/a><\/li>\n\t<li><a href='https:\/\/arquivo.pedroleopoldo.mg.gov.br\/?m=202306'>junho 2023<\/a><\/li>\n\t<li><a href='https:\/\/arquivo.pedroleopoldo.mg.gov.br\/?m=202305'>maio 2023<\/a><\/li>\n\t<li><a href='https:\/\/arquivo.pedroleopoldo.mg.gov.br\/?m=202304'>abril 2023<\/a><\/li>\n\t<li><a href='https:\/\/arquivo.pedroleopoldo.mg.gov.br\/?m=202303'>mar\u00e7o 2023<\/a><\/li>\n\t<li><a href='https:\/\/arquivo.pedroleopoldo.mg.gov.br\/?m=202302'>fevereiro 2023<\/a><\/li>\n\t<li><a href='https:\/\/arquivo.pedroleopoldo.mg.gov.br\/?m=202301'>janeiro 2023<\/a><\/li>\n\t<li><a href='https:\/\/arquivo.pedroleopoldo.mg.gov.br\/?m=202212'>dezembro 2022<\/a><\/li>\n\t<li><a href='https:\/\/arquivo.pedroleopoldo.mg.gov.br\/?m=202211'>novembro 2022<\/a><\/li>\n\t<li><a href='https:\/\/arquivo.pedroleopoldo.mg.gov.br\/?m=202210'>outubro 2022<\/a><\/li>\n\t<li><a href='https:\/\/arquivo.pedroleopoldo.mg.gov.br\/?m=202209'>setembro 2022<\/a><\/li>\n\t<li><a href='https:\/\/arquivo.pedroleopoldo.mg.gov.br\/?m=202208'>agosto 2022<\/a><\/li>\n\t<li><a href='https:\/\/arquivo.pedroleopoldo.mg.gov.br\/?m=202207'>julho 2022<\/a><\/li>\n\t<li><a href='https:\/\/arquivo.pedroleopoldo.mg.gov.br\/?m=202206'>junho 2022<\/a><\/li>\n\t<li><a href='https:\/\/arquivo.pedroleopoldo.mg.gov.br\/?m=202205'>maio 2022<\/a><\/li>\n\t<li><a href='https:\/\/arquivo.pedroleopoldo.mg.gov.br\/?m=202204'>abril 2022<\/a><\/li>\n\t<li><a href='https:\/\/arquivo.pedroleopoldo.mg.gov.br\/?m=202203'>mar\u00e7o 2022<\/a><\/li>\n\t<li><a href='https:\/\/arquivo.pedroleopoldo.mg.gov.br\/?m=202202'>fevereiro 2022<\/a><\/li>\n\t<li><a href='https:\/\/arquivo.pedroleopoldo.mg.gov.br\/?m=202201'>janeiro 2022<\/a><\/li>\n\t<li><a href='https:\/\/arquivo.pedroleopoldo.mg.gov.br\/?m=202112'>dezembro 2021<\/a><\/li>\n\t<li><a href='https:\/\/arquivo.pedroleopoldo.mg.gov.br\/?m=202111'>novembro 2021<\/a><\/li>\n\t<li><a href='https:\/\/arquivo.pedroleopoldo.mg.gov.br\/?m=202110'>outubro 2021<\/a><\/li>\n\t<li><a href='https:\/\/arquivo.pedroleopoldo.mg.gov.br\/?m=202109'>setembro 2021<\/a><\/li>\n\t<li><a href='https:\/\/arquivo.pedroleopoldo.mg.gov.br\/?m=202108'>agosto 2021<\/a><\/li>\n\t<li><a href='https:\/\/arquivo.pedroleopoldo.mg.gov.br\/?m=202107'>julho 2021<\/a><\/li>\n\t<li><a href='https:\/\/arquivo.pedroleopoldo.mg.gov.br\/?m=202106'>junho 2021<\/a><\/li>\n\t<li><a href='https:\/\/arquivo.pedroleopoldo.mg.gov.br\/?m=202105'>maio 2021<\/a><\/li>\n\t<li><a href='https:\/\/arquivo.pedroleopoldo.mg.gov.br\/?m=202104'>abril 2021<\/a><\/li>\n\t<li><a href='https:\/\/arquivo.pedroleopoldo.mg.gov.br\/?m=202103'>mar\u00e7o 2021<\/a><\/li>\n\t<li><a href='https:\/\/arquivo.pedroleopoldo.mg.gov.br\/?m=202102'>fevereiro 2021<\/a><\/li>\n\t<li><a href='https:\/\/arquivo.pedroleopoldo.mg.gov.br\/?m=202101'>janeiro 2021<\/a><\/li>\n<\/ul>","protected":false},"excerpt":{"rendered":"<p>Publica\u00e7\u00f5es site antigo Utilize o Menu ao lado desta p\u00e1gina para acesso as pub\u00e7lica\u00e7\u00f5es realizadas antes de 11\/03\/2026 no antigo site da prefeitura. Ou acesse pelos links abaixo pelo m\u00eas da publica\u00e7\u00e3o. Publica\u00e7\u00f5es por data<\/p>\n","protected":false},"author":6,"featured_media":0,"parent":0,"menu_order":0,"comment_status":"closed","ping_status":"closed","template":"","meta":{"footnotes":""},"_links":{"self":[{"href":"https:\/\/arquivo.pedroleopoldo.mg.gov.br\/index.php?rest_route=\/wp\/v2\/pages\/30350"}],"collection":[{"href":"https:\/\/arquivo.pedroleopoldo.mg.gov.br\/index.php?rest_route=\/wp\/v2\/pages"}],"about":[{"href":"https:\/\/arquivo.pedroleopoldo.mg.gov.br\/index.php?rest_route=\/wp\/v2\/types\/page"}],"author":[{"embeddable":true,"href":"https:\/\/arquivo.pedroleopoldo.mg.gov.br\/index.php?rest_route=\/wp\/v2\/users\/6"}],"replies":[{"embeddable":true,"href":"https:\/\/arquivo.pedroleopoldo.mg.gov.br\/index.php?rest_route=%2Fwp%2Fv2%2Fcomments&post=30350"}],"version-history":[{"count":0,"href":"https:\/\/arquivo.pedroleopoldo.mg.gov.br\/index.php?rest_route=\/wp\/v2\/pages\/30350\/revisions"}],"wp:attachment":[{"href":"https:\/\/arquivo.pedroleopoldo.mg.gov.br\/index.php?rest_route=%2Fwp%2Fv2%2Fmedia&parent=30350"}],"curies":[{"name":"wp","href":"https:\/\/api.w.org\/{rel}","templated":true}]}}