{"id":26243,"date":"2024-10-30T14:21:55","date_gmt":"2024-10-30T17:21:55","guid":{"rendered":"https:\/\/arquivo.pedroleopoldo.mg.gov.br\/?page_id=26243"},"modified":"2026-03-23T17:00:18","modified_gmt":"2026-03-23T20:00:18","slug":"convenios-sus","status":"publish","type":"page","link":"https:\/\/arquivo.pedroleopoldo.mg.gov.br\/?page_id=26243","title":{"rendered":"Conv\u00eanios SUS"},"content":{"rendered":"\n<h2 class=\"wp-block-heading\">Conv\u00eanios e Aditivos &#8211; 2024<\/h2>\n\n\n<a href=\"https:\/\/arquivo.pedroleopoldo.mg.gov.br\/wp-content\/uploads\/2024\/11\/Convenio-005-2024-INDSH.pdf\" class=\"pdfemb-viewer\" style=\"\" data-width=\"max\" data-height=\"max\" data-toolbar=\"both\" data-toolbar-fixed=\"on\">Convenio-005-2024-INDSH<\/a>\n<p class=\"wp-block-pdfemb-pdf-embedder-viewer\"><\/p>\n\n\n<a href=\"https:\/\/arquivo.pedroleopoldo.mg.gov.br\/wp-content\/uploads\/2024\/11\/Convenio-006-2024-INDSH.pdf\" class=\"pdfemb-viewer\" style=\"\" data-width=\"max\" data-height=\"max\" data-toolbar=\"both\" data-toolbar-fixed=\"on\">Convenio-006-2024-INDSH<\/a>\n<p class=\"wp-block-pdfemb-pdf-embedder-viewer\"><\/p>\n\n\n\n<h2 class=\"wp-block-heading\">Conv\u00eanios e Aditivos &#8211; 2022<\/h2>\n\n\n\n<h2 class=\"wp-block-heading\">Conv\u00eanio 17 \/ 2022<\/h2>\n\n\n<a href=\"https:\/\/arquivo.pedroleopoldo.mg.gov.br\/wp-content\/uploads\/2024\/11\/Contrato-017-2022-Instituto-Nacional-de-Desenvolvimento-Social-e-Humano-INDSH.pdf\" class=\"pdfemb-viewer\" style=\"\" data-width=\"max\" data-height=\"max\" data-toolbar=\"both\" data-toolbar-fixed=\"on\">Contrato-017-2022-Instituto-Nacional-de-Desenvolvimento-Social-e-Humano-INDSH<\/a>\n<p class=\"wp-block-pdfemb-pdf-embedder-viewer\"><\/p>\n\n\n<a href=\"https:\/\/arquivo.pedroleopoldo.mg.gov.br\/wp-content\/uploads\/2024\/11\/1o-Termo-Aditivo-ao-Contrato-017-2022-INSTITUTO-NACIONAL-DE-DESENVOLVIMENTO-SOCIAL-E-HUMANO-INDSH.pdf\" class=\"pdfemb-viewer\" style=\"\" data-width=\"max\" data-height=\"max\" data-toolbar=\"both\" data-toolbar-fixed=\"on\">1o-Termo-Aditivo-ao-Contrato-017-2022-INSTITUTO-NACIONAL-DE-DESENVOLVIMENTO-SOCIAL-E-HUMANO-INDSH<\/a>\n<p class=\"wp-block-pdfemb-pdf-embedder-viewer\"><\/p>\n\n\n<a href=\"https:\/\/arquivo.pedroleopoldo.mg.gov.br\/wp-content\/uploads\/2024\/11\/2o-Termo-Aditivo-ao-Contrato-017-2022-INSTITUTO-NACIONAL-DE-DESENVOLVIMENTO-SOCIAL-E-HUMANO-INDSH.pdf\" class=\"pdfemb-viewer\" style=\"\" data-width=\"max\" data-height=\"max\" data-toolbar=\"both\" data-toolbar-fixed=\"on\">2o-Termo-Aditivo-ao-Contrato-017-2022-INSTITUTO-NACIONAL-DE-DESENVOLVIMENTO-SOCIAL-E-HUMANO-INDSH<\/a>\n<p class=\"wp-block-pdfemb-pdf-embedder-viewer\"><\/p>\n\n\n<a href=\"https:\/\/arquivo.pedroleopoldo.mg.gov.br\/wp-content\/uploads\/2024\/11\/3o-Termo-Aditivo-ao-Contrato-017-2022-INSTITUTO-DE-DESENVOLVIMENTO-SOCIAL-E-HUMANO-INDSH.pdf\" class=\"pdfemb-viewer\" style=\"\" data-width=\"max\" data-height=\"max\" data-toolbar=\"both\" data-toolbar-fixed=\"on\">3o-Termo-Aditivo-ao-Contrato-017-2022-INSTITUTO-DE-DESENVOLVIMENTO-SOCIAL-E-HUMANO-INDSH<\/a>\n<p class=\"wp-block-pdfemb-pdf-embedder-viewer\"><\/p>\n\n\n<a href=\"https:\/\/arquivo.pedroleopoldo.mg.gov.br\/wp-content\/uploads\/2024\/11\/4\u00b0-Termo-Aditivo-ao-Contrato-017-2022-INSTITUTO-NACIONAL-DE-DESENVOLVIMENTO-SOCIAL-E-HUMANO-INDSH.pdf\" class=\"pdfemb-viewer\" style=\"\" data-width=\"max\" data-height=\"max\" data-toolbar=\"both\" data-toolbar-fixed=\"on\">4\u00b0-Termo-Aditivo-ao-Contrato-017-2022-INSTITUTO-NACIONAL-DE-DESENVOLVIMENTO-SOCIAL-E-HUMANO-INDSH<\/a>\n<p class=\"wp-block-pdfemb-pdf-embedder-viewer\"><\/p>\n\n\n<a href=\"https:\/\/arquivo.pedroleopoldo.mg.gov.br\/wp-content\/uploads\/2024\/11\/5\u00b0-Termo-Aditivo-ao-Contrato-017-2022-INSTITUTO-NACIONAL-DE-DESENVOLVIMENTO-SOCIAL-E-HUMANO-INDSH.pdf\" class=\"pdfemb-viewer\" style=\"\" data-width=\"max\" data-height=\"max\" data-toolbar=\"both\" data-toolbar-fixed=\"on\">5\u00b0-Termo-Aditivo-ao-Contrato-017-2022-INSTITUTO-NACIONAL-DE-DESENVOLVIMENTO-SOCIAL-E-HUMANO-INDSH<\/a>\n<p class=\"wp-block-pdfemb-pdf-embedder-viewer\"><\/p>\n\n\n<a href=\"https:\/\/arquivo.pedroleopoldo.mg.gov.br\/wp-content\/uploads\/2024\/11\/6o-Termo-de-Aditivo-ao-Contrato-017-2022-INSTITUTO-NACIONAL-DE-DESENVOLVIMENTO-SOCIAL-E-HUMANO-INDSH.pdf\" class=\"pdfemb-viewer\" style=\"\" data-width=\"max\" data-height=\"max\" data-toolbar=\"both\" data-toolbar-fixed=\"on\">6o-Termo-de-Aditivo-ao-Contrato-017-2022-INSTITUTO-NACIONAL-DE-DESENVOLVIMENTO-SOCIAL-E-HUMANO-INDSH<\/a>\n<p class=\"wp-block-pdfemb-pdf-embedder-viewer\"><\/p>\n\n\n\n<h2 class=\"wp-block-heading\">Conv\u00eanio 03 \/ 2022<\/h2>\n\n\n<a href=\"https:\/\/arquivo.pedroleopoldo.mg.gov.br\/wp-content\/uploads\/2024\/11\/Convenio-003-2022-Instituto-Nacional-de-Desenvolvimento-Social-e-Humano-INDSH.pdf\" class=\"pdfemb-viewer\" style=\"\" data-width=\"max\" data-height=\"max\" data-toolbar=\"both\" data-toolbar-fixed=\"on\">Convenio-003-2022-Instituto-Nacional-de-Desenvolvimento-Social-e-Humano-INDSH<\/a>\n<p class=\"wp-block-pdfemb-pdf-embedder-viewer\"><\/p>\n\n\n<a href=\"https:\/\/arquivo.pedroleopoldo.mg.gov.br\/wp-content\/uploads\/2024\/11\/1o-Termo-Aditivo-ao-Convenio-003-2022-INSTITUTO-NACIONAL-DE-DESENVOLVIMENTO-SOCIAL-E-HUMANO-INDSH.pdf\" class=\"pdfemb-viewer\" style=\"\" data-width=\"max\" data-height=\"max\" data-toolbar=\"both\" data-toolbar-fixed=\"on\">1o-Termo-Aditivo-ao-Convenio-003-2022-INSTITUTO-NACIONAL-DE-DESENVOLVIMENTO-SOCIAL-E-HUMANO-INDSH<\/a>\n<p class=\"wp-block-pdfemb-pdf-embedder-viewer\"><\/p>\n\n\n<a href=\"https:\/\/arquivo.pedroleopoldo.mg.gov.br\/wp-content\/uploads\/2024\/11\/2o-Termo-Aditivo-ao-Convenio-003-2022-INSTITUTO-NACIONAL-DE-DESENVOLVIMENTO-SOCIAL-E-HUMANO-INDSH.pdf\" class=\"pdfemb-viewer\" style=\"\" data-width=\"max\" data-height=\"max\" data-toolbar=\"both\" data-toolbar-fixed=\"on\">2o-Termo-Aditivo-ao-Convenio-003-2022-INSTITUTO-NACIONAL-DE-DESENVOLVIMENTO-SOCIAL-E-HUMANO-INDSH<\/a>\n<p class=\"wp-block-pdfemb-pdf-embedder-viewer\"><\/p>\n\n\n<a href=\"https:\/\/arquivo.pedroleopoldo.mg.gov.br\/wp-content\/uploads\/2024\/11\/3o-Termo-Aditivo-ao-Convenio-003-2022-INSTITUTO-NACIONAL-DE-DESENVOLVIMENTO-SOCIAL-E-HUMANO-INDISH.pdf\" class=\"pdfemb-viewer\" style=\"\" data-width=\"max\" data-height=\"max\" data-toolbar=\"both\" data-toolbar-fixed=\"on\">3o-Termo-Aditivo-ao-Convenio-003-2022-INSTITUTO-NACIONAL-DE-DESENVOLVIMENTO-SOCIAL-E-HUMANO-INDISH<\/a>\n<p class=\"wp-block-pdfemb-pdf-embedder-viewer\"><\/p>\n\n\n<a href=\"https:\/\/arquivo.pedroleopoldo.mg.gov.br\/wp-content\/uploads\/2024\/11\/4o-Termo-Aditivo-ao-Convenio-003-2022-INSTITUTO-NACIONAL-DE-DESENVOLVIMENTO-SOCIAL-E-HUMANO-INDSH.pdf\" class=\"pdfemb-viewer\" style=\"\" data-width=\"max\" data-height=\"max\" data-toolbar=\"both\" data-toolbar-fixed=\"on\">4o-Termo-Aditivo-ao-Convenio-003-2022-INSTITUTO-NACIONAL-DE-DESENVOLVIMENTO-SOCIAL-E-HUMANO-INDSH<\/a>\n<p class=\"wp-block-pdfemb-pdf-embedder-viewer\"><\/p>\n\n\n<a href=\"https:\/\/arquivo.pedroleopoldo.mg.gov.br\/wp-content\/uploads\/2024\/11\/5o-Termo-Aditivo-ao-Convenio-003-2022-INSTITUTO-NACIONAL-DE-DESENVOLVIMENTO-SOCIAL-E-HUMANO-INDSH.pdf\" class=\"pdfemb-viewer\" style=\"\" data-width=\"max\" data-height=\"max\" data-toolbar=\"both\" data-toolbar-fixed=\"on\">5o-Termo-Aditivo-ao-Convenio-003-2022-INSTITUTO-NACIONAL-DE-DESENVOLVIMENTO-SOCIAL-E-HUMANO-INDSH<\/a>\n<p class=\"wp-block-pdfemb-pdf-embedder-viewer\"><\/p>\n\n\n<a href=\"https:\/\/arquivo.pedroleopoldo.mg.gov.br\/wp-content\/uploads\/2024\/11\/6o-Termo-Aditivo-ao-Convenio-003-2022-INSTITUTO-NACIONAL-DE-DESENVOLVIMENTO-SOCIAL-E-HUMANO-INDSH.pdf\" class=\"pdfemb-viewer\" style=\"\" data-width=\"max\" data-height=\"max\" data-toolbar=\"both\" data-toolbar-fixed=\"on\">6o-Termo-Aditivo-ao-Convenio-003-2022-INSTITUTO-NACIONAL-DE-DESENVOLVIMENTO-SOCIAL-E-HUMANO-INDSH<\/a>\n<p class=\"wp-block-pdfemb-pdf-embedder-viewer\"><\/p>\n\n\n<a href=\"https:\/\/arquivo.pedroleopoldo.mg.gov.br\/wp-content\/uploads\/2024\/11\/7o-Termo-Aditivo-ao-Convenio-003-2022-INSTITUTO-NACIONAL-DE-DESENVOLVIMENTO-SOCIAL-E-HUMANO-INDSH.pdf\" class=\"pdfemb-viewer\" style=\"\" data-width=\"max\" data-height=\"max\" data-toolbar=\"both\" data-toolbar-fixed=\"on\">7o-Termo-Aditivo-ao-Convenio-003-2022-INSTITUTO-NACIONAL-DE-DESENVOLVIMENTO-SOCIAL-E-HUMANO-INDSH<\/a>\n<p class=\"wp-block-pdfemb-pdf-embedder-viewer\"><\/p>\n\n\n\n<h2 class=\"wp-block-heading\">Conv\u00eanios e Aditivos<em> &#8211;  20<\/em>20<\/h2>\n\n\n<a href=\"https:\/\/arquivo.pedroleopoldo.mg.gov.br\/wp-content\/uploads\/2024\/11\/Convenio-005-2020-INSTITUTO-NACIONAL-DE-DESENVOLVIMENTO-SOCIAL-E-HUMANO-INDSH-.pdf\" class=\"pdfemb-viewer\" style=\"\" data-width=\"max\" data-height=\"max\" data-toolbar=\"both\" data-toolbar-fixed=\"on\">Convenio-005-2020-INSTITUTO-NACIONAL-DE-DESENVOLVIMENTO-SOCIAL-E-HUMANO-INDSH-<\/a>\n<p class=\"wp-block-pdfemb-pdf-embedder-viewer\"><\/p>\n\n\n<a href=\"https:\/\/arquivo.pedroleopoldo.mg.gov.br\/wp-content\/uploads\/2024\/11\/1o-Termo-Aditivo-ao-Convenio-no-005-2020-Instituto-Nacional-de-Desenvolvimento-Social-e-Humano-INDSH.pdf\" class=\"pdfemb-viewer\" style=\"\" data-width=\"max\" data-height=\"max\" data-toolbar=\"both\" data-toolbar-fixed=\"on\">1o-Termo-Aditivo-ao-Convenio-no-005-2020-Instituto-Nacional-de-Desenvolvimento-Social-e-Humano-INDSH<\/a>\n<p class=\"wp-block-pdfemb-pdf-embedder-viewer\"><\/p>\n\n\n<a href=\"https:\/\/arquivo.pedroleopoldo.mg.gov.br\/wp-content\/uploads\/2024\/11\/2o-Termo-Aditivo-ao-Convenio-no-005-2020-Instituto-Nacional-de-Desenvolvimento-Social-e-Humano-INDSH.pdf\" class=\"pdfemb-viewer\" style=\"\" data-width=\"max\" data-height=\"max\" data-toolbar=\"both\" data-toolbar-fixed=\"on\">2o-Termo-Aditivo-ao-Convenio-no-005-2020-Instituto-Nacional-de-Desenvolvimento-Social-e-Humano-INDSH<\/a>\n<p class=\"wp-block-pdfemb-pdf-embedder-viewer\"><\/p>\n\n\n<a href=\"https:\/\/arquivo.pedroleopoldo.mg.gov.br\/wp-content\/uploads\/2024\/11\/3o-Termo-Aditivo-ao-Convenio-no-005-2020-Instituto-Nacional-de-Desenvolvimento-Social-e-Humano-INDSH.pdf\" class=\"pdfemb-viewer\" style=\"\" data-width=\"max\" data-height=\"max\" data-toolbar=\"both\" data-toolbar-fixed=\"on\">3o-Termo-Aditivo-ao-Convenio-no-005-2020-Instituto-Nacional-de-Desenvolvimento-Social-e-Humano-INDSH<\/a>\n<p class=\"wp-block-pdfemb-pdf-embedder-viewer\"><\/p>\n\n\n<a href=\"https:\/\/arquivo.pedroleopoldo.mg.gov.br\/wp-content\/uploads\/2024\/11\/Convenio-006-2020-INSTITUTO-NACIONAL-DE-DESENVOLVIMENTO-SOCIAL-E-HUMANO-INDSH-1.pdf\" class=\"pdfemb-viewer\" style=\"\" data-width=\"max\" data-height=\"max\" data-toolbar=\"both\" data-toolbar-fixed=\"on\">Convenio-006-2020-INSTITUTO-NACIONAL-DE-DESENVOLVIMENTO-SOCIAL-E-HUMANO-INDSH-1<\/a>\n<p class=\"wp-block-pdfemb-pdf-embedder-viewer\"><\/p>\n\n\n<!-- PDF Embedder: Please provide an \"URL\" attribute in your shortcode. -->\n\n\n<h2 class=\"wp-block-heading\">Conv\u00eanios e Aditivos<em> &#8211;  2015 <\/em><\/h2>\n\n\n<a href=\"https:\/\/arquivo.pedroleopoldo.mg.gov.br\/wp-content\/uploads\/2024\/11\/CONVENIO-023-2015-INDSH.pdf\" class=\"pdfemb-viewer\" style=\"\" data-width=\"max\" data-height=\"max\" data-toolbar=\"both\" data-toolbar-fixed=\"on\">CONVENIO-023-2015-INDSH<\/a>\n<p class=\"wp-block-pdfemb-pdf-embedder-viewer\"><\/p>\n\n\n<a href=\"https:\/\/arquivo.pedroleopoldo.mg.gov.br\/wp-content\/uploads\/2024\/11\/1o-Termo-Aditivo-ao-Contrato-023-2015-INSTITUTO-NACIONAL-DE-DESENVOLVIMENTO-SOCIAL-E-HUMANO-INDSH.pdf\" class=\"pdfemb-viewer\" style=\"\" data-width=\"max\" data-height=\"max\" data-toolbar=\"both\" data-toolbar-fixed=\"on\">1o-Termo-Aditivo-ao-Contrato-023-2015-INSTITUTO-NACIONAL-DE-DESENVOLVIMENTO-SOCIAL-E-HUMANO-INDSH<\/a>\n<p class=\"wp-block-pdfemb-pdf-embedder-viewer\"><\/p>\n\n\n<a href=\"https:\/\/arquivo.pedroleopoldo.mg.gov.br\/wp-content\/uploads\/2024\/11\/3o-Termo-Aditivo-ao-Contrato-023-2015-INSTITUTO-NACIONAL-DE-DESENVOLVIMENTO-SOCIAL-E-HUMANO-INDSH.pdf\" class=\"pdfemb-viewer\" style=\"\" data-width=\"max\" data-height=\"max\" data-toolbar=\"both\" data-toolbar-fixed=\"on\">3o-Termo-Aditivo-ao-Contrato-023-2015-INSTITUTO-NACIONAL-DE-DESENVOLVIMENTO-SOCIAL-E-HUMANO-INDSH<\/a>\n<p class=\"wp-block-pdfemb-pdf-embedder-viewer\"><\/p>\n\n\n<a href=\"https:\/\/arquivo.pedroleopoldo.mg.gov.br\/wp-content\/uploads\/2024\/11\/4o-Termo-Aditivo-ao-Contrato-023-2015-INSTITUTO-NACIONAL-DE-DESENVOLVIMENTO-SOCIAL-E-HUMANO-INDSH.pdf\" class=\"pdfemb-viewer\" style=\"\" data-width=\"max\" data-height=\"max\" data-toolbar=\"both\" data-toolbar-fixed=\"on\">4o-Termo-Aditivo-ao-Contrato-023-2015-INSTITUTO-NACIONAL-DE-DESENVOLVIMENTO-SOCIAL-E-HUMANO-INDSH<\/a>\n<p class=\"wp-block-pdfemb-pdf-embedder-viewer\"><\/p>\n\n\n<a href=\"https:\/\/arquivo.pedroleopoldo.mg.gov.br\/wp-content\/uploads\/2024\/11\/5o-Termo-Aditivo-ao-Contrato-023-2015-INSTITUTO-NACIONAL-DE-DESENVOLVIMENTO-SOCIAL-E-HUMANO-INDSH.pdf\" class=\"pdfemb-viewer\" style=\"\" data-width=\"max\" data-height=\"max\" data-toolbar=\"both\" data-toolbar-fixed=\"on\">5o-Termo-Aditivo-ao-Contrato-023-2015-INSTITUTO-NACIONAL-DE-DESENVOLVIMENTO-SOCIAL-E-HUMANO-INDSH<\/a>\n<p class=\"wp-block-pdfemb-pdf-embedder-viewer\"><\/p>\n\n\n<a href=\"https:\/\/arquivo.pedroleopoldo.mg.gov.br\/wp-content\/uploads\/2024\/11\/6o-Termo-Aditivo-ao-Contrato-023-2015-INSTITUTO-NACIONAL-DE-DESENVOLVIMENTO-SOCIAL-E-HUMANO-INDSH.pdf\" class=\"pdfemb-viewer\" style=\"\" data-width=\"max\" data-height=\"max\" data-toolbar=\"both\" data-toolbar-fixed=\"on\">6o-Termo-Aditivo-ao-Contrato-023-2015-INSTITUTO-NACIONAL-DE-DESENVOLVIMENTO-SOCIAL-E-HUMANO-INDSH<\/a>\n<p class=\"wp-block-pdfemb-pdf-embedder-viewer\"><\/p>\n\n\n<a href=\"https:\/\/arquivo.pedroleopoldo.mg.gov.br\/wp-content\/uploads\/2024\/11\/7o-Termo-Aditivo-ao-Contrato-023-2015-INSTITUTO-NACIONAL-DE-DESENVOLVIMENTO-SOCIAL-E-HUMANO-INDSH.pdf\" class=\"pdfemb-viewer\" style=\"\" data-width=\"max\" data-height=\"max\" data-toolbar=\"both\" data-toolbar-fixed=\"on\">7o-Termo-Aditivo-ao-Contrato-023-2015-INSTITUTO-NACIONAL-DE-DESENVOLVIMENTO-SOCIAL-E-HUMANO-INDSH<\/a>\n<p class=\"wp-block-pdfemb-pdf-embedder-viewer\"><\/p>\n\n\n<a href=\"https:\/\/arquivo.pedroleopoldo.mg.gov.br\/wp-content\/uploads\/2024\/11\/8o-Termo-Aditivo-ao-Contrato-023-2015-INSTITUTO-NACIONAL-DE-DESENVOLVIMENTO-SOCIAL-E-HUMANO-INDSH.pdf\" class=\"pdfemb-viewer\" style=\"\" data-width=\"max\" data-height=\"max\" data-toolbar=\"both\" data-toolbar-fixed=\"on\">8o-Termo-Aditivo-ao-Contrato-023-2015-INSTITUTO-NACIONAL-DE-DESENVOLVIMENTO-SOCIAL-E-HUMANO-INDSH<\/a>\n<p class=\"wp-block-pdfemb-pdf-embedder-viewer\"><\/p>\n\n\n<a href=\"https:\/\/arquivo.pedroleopoldo.mg.gov.br\/wp-content\/uploads\/2024\/11\/9o-Termo-Aditivo-ao-Contrato-023-2015-INSTITUTO-NACIONAL-DE-DESENVOLVIMENTO-SOCIAL-E-HUMANO-INDSH.pdf\" class=\"pdfemb-viewer\" style=\"\" data-width=\"max\" data-height=\"max\" data-toolbar=\"both\" data-toolbar-fixed=\"on\">9o-Termo-Aditivo-ao-Contrato-023-2015-INSTITUTO-NACIONAL-DE-DESENVOLVIMENTO-SOCIAL-E-HUMANO-INDSH<\/a>\n<p class=\"wp-block-pdfemb-pdf-embedder-viewer\"><\/p>\n\n\n<a href=\"https:\/\/arquivo.pedroleopoldo.mg.gov.br\/wp-content\/uploads\/2024\/11\/10o-Termo-Aditivo-ao-Contrato-023-2015-INSTITUTO-NACIONAL-DE-DESENVOLVIMENTO-SOCIAL-E-HUMANO-INDSH.pdf\" class=\"pdfemb-viewer\" style=\"\" data-width=\"max\" data-height=\"max\" data-toolbar=\"both\" data-toolbar-fixed=\"on\">10o-Termo-Aditivo-ao-Contrato-023-2015-INSTITUTO-NACIONAL-DE-DESENVOLVIMENTO-SOCIAL-E-HUMANO-INDSH<\/a>\n<p class=\"wp-block-pdfemb-pdf-embedder-viewer\"><\/p>\n\n\n<a href=\"https:\/\/arquivo.pedroleopoldo.mg.gov.br\/wp-content\/uploads\/2024\/11\/11o-Termo-Aditivo-ao-Contrato-023-2015-INSTITUTO-NACIONAL-DE-DESENVOLVIMENTO-SOCIAL-E-HUMANO-INDSH.pdf\" class=\"pdfemb-viewer\" style=\"\" data-width=\"max\" data-height=\"max\" data-toolbar=\"both\" data-toolbar-fixed=\"on\">11o-Termo-Aditivo-ao-Contrato-023-2015-INSTITUTO-NACIONAL-DE-DESENVOLVIMENTO-SOCIAL-E-HUMANO-INDSH<\/a>\n<p class=\"wp-block-pdfemb-pdf-embedder-viewer\"><\/p>\n\n\n<a href=\"https:\/\/arquivo.pedroleopoldo.mg.gov.br\/wp-content\/uploads\/2024\/11\/12o-Termo-Aditivo-ao-Contrato-023-2015-INSTITUTO-NACIONAL-DE-DESENVOLVIMENTO-SOCIAL-E-HUMANO-INDSH.pdf\" class=\"pdfemb-viewer\" style=\"\" data-width=\"max\" data-height=\"max\" data-toolbar=\"both\" data-toolbar-fixed=\"on\">12o-Termo-Aditivo-ao-Contrato-023-2015-INSTITUTO-NACIONAL-DE-DESENVOLVIMENTO-SOCIAL-E-HUMANO-INDSH<\/a>\n<p class=\"wp-block-pdfemb-pdf-embedder-viewer\"><\/p>\n\n\n<a href=\"https:\/\/arquivo.pedroleopoldo.mg.gov.br\/wp-content\/uploads\/2024\/11\/13o-Termo-Aditivo-ao-Contrato-023-2015-INSTITUTO-NACIONAL-DE-DESENVOLVIMENTO-SOCIAL-E-HUMANO-INDSH.pdf\" class=\"pdfemb-viewer\" style=\"\" data-width=\"max\" data-height=\"max\" data-toolbar=\"both\" data-toolbar-fixed=\"on\">13o-Termo-Aditivo-ao-Contrato-023-2015-INSTITUTO-NACIONAL-DE-DESENVOLVIMENTO-SOCIAL-E-HUMANO-INDSH<\/a>\n<p class=\"wp-block-pdfemb-pdf-embedder-viewer\"><\/p>\n\n\n<a href=\"https:\/\/arquivo.pedroleopoldo.mg.gov.br\/wp-content\/uploads\/2024\/11\/14o-Termo-Aditivo-ao-Contrato-023-2015-INSTITUTO-NACIONAL-DE-DESENVOLVIMENTO-SOCIAL-E-HUMANO-INDSH.pdf\" class=\"pdfemb-viewer\" style=\"\" data-width=\"max\" data-height=\"max\" data-toolbar=\"both\" data-toolbar-fixed=\"on\">14o-Termo-Aditivo-ao-Contrato-023-2015-INSTITUTO-NACIONAL-DE-DESENVOLVIMENTO-SOCIAL-E-HUMANO-INDSH<\/a>\n<p class=\"wp-block-pdfemb-pdf-embedder-viewer\"><\/p>\n\n\n<a href=\"https:\/\/arquivo.pedroleopoldo.mg.gov.br\/wp-content\/uploads\/2024\/11\/15o-Termo-Aditivo-ao-Contrato-023-2015-INSTITUTO-NACIONAL-DE-DESENVOLVIMENTO-SOCIAL-E-HUMANO-INDSH.pdf\" class=\"pdfemb-viewer\" style=\"\" data-width=\"max\" data-height=\"max\" data-toolbar=\"both\" data-toolbar-fixed=\"on\">15o-Termo-Aditivo-ao-Contrato-023-2015-INSTITUTO-NACIONAL-DE-DESENVOLVIMENTO-SOCIAL-E-HUMANO-INDSH<\/a>\n<p class=\"wp-block-pdfemb-pdf-embedder-viewer\"><\/p>\n","protected":false},"excerpt":{"rendered":"<p>Conv\u00eanios e Aditivos &#8211; 2024 Conv\u00eanios e Aditivos &#8211; 2022 Conv\u00eanio 17 \/ 2022 Conv\u00eanio 03 \/ 2022 Conv\u00eanios e Aditivos &#8211; 2020 Conv\u00eanios e Aditivos &#8211; 2015<\/p>\n","protected":false},"author":1,"featured_media":0,"parent":0,"menu_order":0,"comment_status":"closed","ping_status":"closed","template":"","meta":{"footnotes":""},"_links":{"self":[{"href":"https:\/\/arquivo.pedroleopoldo.mg.gov.br\/index.php?rest_route=\/wp\/v2\/pages\/26243"}],"collection":[{"href":"https:\/\/arquivo.pedroleopoldo.mg.gov.br\/index.php?rest_route=\/wp\/v2\/pages"}],"about":[{"href":"https:\/\/arquivo.pedroleopoldo.mg.gov.br\/index.php?rest_route=\/wp\/v2\/types\/page"}],"author":[{"embeddable":true,"href":"https:\/\/arquivo.pedroleopoldo.mg.gov.br\/index.php?rest_route=\/wp\/v2\/users\/1"}],"replies":[{"embeddable":true,"href":"https:\/\/arquivo.pedroleopoldo.mg.gov.br\/index.php?rest_route=%2Fwp%2Fv2%2Fcomments&post=26243"}],"version-history":[{"count":1,"href":"https:\/\/arquivo.pedroleopoldo.mg.gov.br\/index.php?rest_route=\/wp\/v2\/pages\/26243\/revisions"}],"predecessor-version":[{"id":32430,"href":"https:\/\/arquivo.pedroleopoldo.mg.gov.br\/index.php?rest_route=\/wp\/v2\/pages\/26243\/revisions\/32430"}],"wp:attachment":[{"href":"https:\/\/arquivo.pedroleopoldo.mg.gov.br\/index.php?rest_route=%2Fwp%2Fv2%2Fmedia&parent=26243"}],"curies":[{"name":"wp","href":"https:\/\/api.w.org\/{rel}","templated":true}]}}