{"id":24392,"date":"2023-11-22T14:56:31","date_gmt":"2023-11-22T17:56:31","guid":{"rendered":"http:\/\/pedroleopoldo.mg.gov.br\/?page_id=24392"},"modified":"2026-03-23T16:17:31","modified_gmt":"2026-03-23T19:17:31","slug":"bolsa-atleta","status":"publish","type":"page","link":"https:\/\/arquivo.pedroleopoldo.mg.gov.br\/?page_id=24392","title":{"rendered":"Bolsa Atleta"},"content":{"rendered":"\n<p><strong>Tabela de Presta\u00e7\u00e3o de Conta<\/strong>s<\/p>\n\n\n<a href=\"https:\/\/arquivo.pedroleopoldo.mg.gov.br\/wp-content\/uploads\/2025\/08\/Calendario-Prestacao-de-Conta-Bolsa-Atleta.pdf\" class=\"pdfemb-viewer\" style=\"\" data-width=\"max\" data-height=\"max\" data-toolbar=\"both\" data-toolbar-fixed=\"on\">Calendario-Prestacao-de-Conta-Bolsa-Atleta<\/a>\n\n\n<h4 class=\"wp-block-heading\">Errata ao Edital n\u00ba 003\/2025<\/h4>\n\n\n<a href=\"https:\/\/arquivo.pedroleopoldo.mg.gov.br\/wp-content\/uploads\/2025\/05\/ERRATA-AO-EDITAL-No-003-DOTACAO-ORCAMENTARIA.pdf\" class=\"pdfemb-viewer\" style=\"\" data-width=\"max\" data-height=\"max\" data-toolbar=\"both\" data-toolbar-fixed=\"on\">ERRATA-AO-EDITAL-No-003-DOTACAO-ORCAMENTARIA<\/a>\n\n\n<h4 class=\"wp-block-heading\">Comunicado Oficial Bolsa Atleta<\/h4>\n\n\n<a href=\"https:\/\/arquivo.pedroleopoldo.mg.gov.br\/wp-content\/uploads\/2025\/04\/COMUNICADO-OFICIAL-\u2013-PROGRAMA-BOLSA-ATLETA-PRESTACAO-DE-CONTAS.pdf\" class=\"pdfemb-viewer\" style=\"\" data-width=\"max\" data-height=\"max\" data-toolbar=\"both\" data-toolbar-fixed=\"on\">COMUNICADO-OFICIAL-\u2013-PROGRAMA-BOLSA-ATLETA-PRESTACAO-DE-CONTAS<\/a>\n<p class=\"wp-block-pdfemb-pdf-embedder-viewer\"><\/p>\n\n\n\n<h4 class=\"wp-block-heading\">Errata ao Edital n\u00ba 003\/2025<\/h4>\n\n\n<a href=\"https:\/\/arquivo.pedroleopoldo.mg.gov.br\/wp-content\/uploads\/2025\/04\/ERRATA-AO-EDITAL-No-003-2025.pdf\" class=\"pdfemb-viewer\" style=\"\" data-width=\"max\" data-height=\"max\" data-toolbar=\"both\" data-toolbar-fixed=\"on\">ERRATA-AO-EDITAL-No-003-2025<\/a>\n<p class=\"wp-block-pdfemb-pdf-embedder-viewer\"><\/p>\n\n\n\n<p><strong>Resultado FINAL<\/strong><\/p>\n\n\n<a href=\"https:\/\/arquivo.pedroleopoldo.mg.gov.br\/wp-content\/uploads\/2025\/03\/Bolsa-Atleta-2025-Resultado-FINAL.pdf\" class=\"pdfemb-viewer\" style=\"\" data-width=\"max\" data-height=\"max\" data-toolbar=\"both\" data-toolbar-fixed=\"on\">Bolsa-Atleta-2025-Resultado-FINAL<\/a>\n<p class=\"wp-block-pdfemb-pdf-embedder-viewer\"><\/p>\n\n\n\n<p><strong>Resultado do Recurso &#8211; 2\u00ba Etapa&nbsp;<\/strong><\/p>\n\n\n<a href=\"https:\/\/arquivo.pedroleopoldo.mg.gov.br\/wp-content\/uploads\/2025\/03\/Bolsa-Atleta-2025-Resultado-Recurso-2o-etapa.pdf\" class=\"pdfemb-viewer\" style=\"\" data-width=\"max\" data-height=\"max\" data-toolbar=\"both\" data-toolbar-fixed=\"on\">Bolsa-Atleta-2025-Resultado-Recurso-2o-etapa<\/a>\n<p class=\"wp-block-pdfemb-pdf-embedder-viewer\"><\/p>\n\n\n\n<h5 class=\"wp-block-heading\">Resultado PARCIAL da 2\u00aa Etapa do Edital Bolsa Atleta<br><\/h5>\n\n\n<a href=\"https:\/\/arquivo.pedroleopoldo.mg.gov.br\/wp-content\/uploads\/2025\/03\/Bolsa-Atleta-2025-Resultado-Parcial-2o-Etapa.pdf\" class=\"pdfemb-viewer\" style=\"\" data-width=\"max\" data-height=\"max\" data-toolbar=\"both\" data-toolbar-fixed=\"on\">Bolsa-Atleta-2025-Resultado-Parcial-2o-Etapa<\/a>\n<p class=\"wp-block-pdfemb-pdf-embedder-viewer\"><\/p>\n\n\n\n<p><strong>&nbsp;Resultado FINAL &#8211; 1\u00aa Etapa<\/strong><\/p>\n\n\n<a href=\"https:\/\/arquivo.pedroleopoldo.mg.gov.br\/wp-content\/uploads\/2025\/02\/Bolsa-Atleta-2025-Resultado-FINAL-1o-Etapa.pdf\" class=\"pdfemb-viewer\" style=\"\" data-width=\"max\" data-height=\"max\" data-toolbar=\"both\" data-toolbar-fixed=\"on\">Bolsa-Atleta-2025-Resultado-FINAL-1o-Etapa<\/a>\n<p class=\"wp-block-pdfemb-pdf-embedder-viewer\"><\/p>\n\n\n\n<p><strong>. Resultado do Recurso &#8211; 1\u00aa Etapa&nbsp;<\/strong><\/p>\n\n\n<a href=\"https:\/\/arquivo.pedroleopoldo.mg.gov.br\/wp-content\/uploads\/2025\/02\/Bolsa-Atleta-2025-Resultado-RECURSO-1o-Etapa.pdf\" class=\"pdfemb-viewer\" style=\"\" data-width=\"max\" data-height=\"max\" data-toolbar=\"both\" data-toolbar-fixed=\"on\">Bolsa-Atleta-2025-Resultado-RECURSO-1o-Etapa<\/a>\n<p class=\"wp-block-pdfemb-pdf-embedder-viewer\"><\/p>\n\n\n\n<h2 class=\"wp-block-heading\">Resultado Parcial 1\u00aa Etapa &#8211; Bolsa Atleta 2025<\/h2>\n\n\n<a href=\"https:\/\/arquivo.pedroleopoldo.mg.gov.br\/wp-content\/uploads\/2025\/02\/Bolsa-Atleta-2025-Resultado-Parcial-1o-Etapa.pdf\" class=\"pdfemb-viewer\" style=\"\" data-width=\"max\" data-height=\"max\" data-toolbar=\"both\" data-toolbar-fixed=\"on\">Bolsa-Atleta-2025-Resultado-Parcial-1o-Etapa<\/a>\n<p class=\"wp-block-pdfemb-pdf-embedder-viewer\"><\/p>\n\n\n\n<p class=\"has-black-color has-text-color has-large-font-size\"><strong>PUBLICA\u00c7\u00c3O DO EDITAL 003\/2025<\/strong><\/p>\n\n\n\n<p>Documento para impress\u00e3o:<\/p>\n\n\n<a href=\"https:\/\/arquivo.pedroleopoldo.mg.gov.br\/wp-content\/uploads\/2025\/01\/EDITAL-Bolsa-atleta-2025.pdf\" class=\"pdfemb-viewer\" style=\"\" data-width=\"max\" data-height=\"max\" data-toolbar=\"both\" data-toolbar-fixed=\"on\">EDITAL-Bolsa-atleta-2025<\/a>\n<p class=\"wp-block-pdfemb-pdf-embedder-viewer\"><\/p>\n\n\n<a href=\"https:\/\/arquivo.pedroleopoldo.mg.gov.br\/wp-content\/uploads\/2025\/01\/Edital-003.2025-Bolsa-Atleta-Homologado-1.pdf\" class=\"pdfemb-viewer\" style=\"\" data-width=\"max\" data-height=\"max\" data-toolbar=\"both\" data-toolbar-fixed=\"on\">Edital-003.2025-Bolsa-Atleta-Homologado-1<\/a>\n<p class=\"wp-block-pdfemb-pdf-embedder-viewer\"><\/p>\n\n\n\n<h2 class=\"wp-block-heading\"><strong>RESULTADO PARCIAL PRESTA\u00c7\u00c3O DE CONTAS BOLSA ATLETA<\/strong><\/h2>\n\n\n<a href=\"https:\/\/arquivo.pedroleopoldo.mg.gov.br\/wp-content\/uploads\/2025\/01\/Comissao-de-Prestacao-de-Contas-Bolsa-Atleta-1.pdf\" class=\"pdfemb-viewer\" style=\"\" data-width=\"max\" data-height=\"max\" data-toolbar=\"both\" data-toolbar-fixed=\"on\">Comissao-de-Prestacao-de-Contas-Bolsa-Atleta-1<\/a>\n<p class=\"wp-block-pdfemb-pdf-embedder-viewer\"><\/p>\n\n\n\n<h2 class=\"wp-block-heading\">EDITAL N\u00b0 002\/2024 CHAMAMENTO P\u00daBLICO PARA SELE\u00c7\u00c3O E CONCESS\u00c3O DO BENEF\u00cdCIO BOLSA-ATLETA<\/h2>\n\n\n<a href=\"https:\/\/arquivo.pedroleopoldo.mg.gov.br\/wp-content\/uploads\/2024\/12\/EDITAL-BOLSA-002-2024-1.pdf\" class=\"pdfemb-viewer\" style=\"\" data-width=\"max\" data-height=\"max\" data-toolbar=\"both\" data-toolbar-fixed=\"on\">EDITAL-BOLSA-002-2024-1<\/a>\n<p class=\"wp-block-pdfemb-pdf-embedder-viewer\"><\/p>\n\n\n<a href=\"https:\/\/arquivo.pedroleopoldo.mg.gov.br\/wp-content\/uploads\/2024\/12\/EDITAL-II-BOLSA-ATLETA-CORRIGIDO-APOS-REVISAO-DO-JURIDICO-13-12-1.pdf\" class=\"pdfemb-viewer\" style=\"\" data-width=\"max\" data-height=\"max\" data-toolbar=\"both\" data-toolbar-fixed=\"on\">EDITAL-II-BOLSA-ATLETA-CORRIGIDO-APOS-REVISAO-DO-JURIDICO-13-12-1<\/a>\n<p class=\"wp-block-pdfemb-pdf-embedder-viewer\"><\/p>\n\n\n\n<h2 class=\"wp-block-heading\">Ofi\u0301cio Desist\u00eancia Edital Bolsa Atleta<\/h2>\n\n\n<a href=\"https:\/\/arquivo.pedroleopoldo.mg.gov.br\/wp-content\/uploads\/2024\/06\/Oficio-Desistencia-Edital-Bolsa-Atleta.pdf\" class=\"pdfemb-viewer\" style=\"\" data-width=\"max\" data-height=\"max\" data-toolbar=\"both\" data-toolbar-fixed=\"on\">Oficio-Desistencia-Edital-Bolsa-Atleta<\/a>\n<p class=\"wp-block-pdfemb-pdf-embedder-viewer\"><\/p>\n\n\n\n<h2 class=\"wp-block-heading\">RESULTADO PONTUA\u00c7\u00c3O FINAL DO BOLSA ATLETA &#8211; ENTREVISTA<\/h2>\n\n\n<a href=\"https:\/\/arquivo.pedroleopoldo.mg.gov.br\/wp-content\/uploads\/2024\/06\/RESULTADO-PONTUACAO-FINAL-DO-BOLSA-ATLETA-ENTREVISTA.pdf\" class=\"pdfemb-viewer\" style=\"\" data-width=\"max\" data-height=\"max\" data-toolbar=\"both\" data-toolbar-fixed=\"on\">RESULTADO-PONTUACAO-FINAL-DO-BOLSA-ATLETA-ENTREVISTA<\/a>\n<p class=\"wp-block-pdfemb-pdf-embedder-viewer\"><\/p>\n\n\n\n<h2 class=\"wp-block-heading\">Requerimento Vagas Remanescentes <\/h2>\n\n\n<a href=\"https:\/\/arquivo.pedroleopoldo.mg.gov.br\/wp-content\/uploads\/2024\/06\/RESULTADOS-PONTUACAO-FINAL-DO-BOLSA-ATLETA-entrevista-dia-1906-2024.FABIANA.pdf\" class=\"pdfemb-viewer\" style=\"\" data-width=\"max\" data-height=\"max\" data-toolbar=\"both\" data-toolbar-fixed=\"on\">RESULTADOS-PONTUACAO-FINAL-DO-BOLSA-ATLETA-entrevista-dia-1906-2024.FABIANA<\/a>\n<p class=\"wp-block-pdfemb-pdf-embedder-viewer\"><\/p>\n\n\n<a href=\"https:\/\/arquivo.pedroleopoldo.mg.gov.br\/wp-content\/uploads\/2024\/06\/2\u00b0-ETAPA-ANALISE-DOS-CRITERIOS-DO-EDITAL-BOLSA-ATLETA-1.pdf\" class=\"pdfemb-viewer\" style=\"\" data-width=\"max\" data-height=\"max\" data-toolbar=\"both\" data-toolbar-fixed=\"on\">2\u00b0-ETAPA-ANALISE-DOS-CRITERIOS-DO-EDITAL-BOLSA-ATLETA-1<\/a>\n<p class=\"wp-block-pdfemb-pdf-embedder-viewer\"><\/p>\n\n\n<a href=\"https:\/\/arquivo.pedroleopoldo.mg.gov.br\/wp-content\/uploads\/2024\/06\/RESULTADO-ANALISE-DE-REQUERIMENTOS-BOLSA-ATLETA.pdf\" class=\"pdfemb-viewer\" style=\"\" data-width=\"max\" data-height=\"max\" data-toolbar=\"both\" data-toolbar-fixed=\"on\">RESULTADO-ANALISE-DE-REQUERIMENTOS-BOLSA-ATLETA<\/a>\n<p class=\"wp-block-pdfemb-pdf-embedder-viewer\"><\/p>\n\n\n<a href=\"https:\/\/arquivo.pedroleopoldo.mg.gov.br\/wp-content\/uploads\/2024\/05\/Requerimento-vagas-remanescentes.pdf\" class=\"pdfemb-viewer\" style=\"\" data-width=\"max\" data-height=\"max\" data-toolbar=\"both\" data-toolbar-fixed=\"on\">Requerimento-vagas-remanescentes<\/a>\n<p class=\"wp-block-pdfemb-pdf-embedder-viewer\"><\/p>\n\n\n\n<p>Presta\u00e7\u00e3o de Contas <\/p>\n\n\n<a href=\"https:\/\/arquivo.pedroleopoldo.mg.gov.br\/wp-content\/uploads\/2024\/02\/Prestacao-de-Contas-Bolsa-Atleta-final.pdf\" class=\"pdfemb-viewer\" style=\"\" data-width=\"max\" data-height=\"max\" data-toolbar=\"both\" data-toolbar-fixed=\"on\">Prestacao-de-Contas-Bolsa-Atleta-final<\/a>\n<p class=\"wp-block-pdfemb-pdf-embedder-viewer\"><\/p>\n\n\n\n<p>Deferidos<\/p>\n\n\n<a href=\"https:\/\/arquivo.pedroleopoldo.mg.gov.br\/wp-content\/uploads\/2024\/09\/BENEFICIARIOS-BOLSA-ATLETA-sem-conta.pdf\" class=\"pdfemb-viewer\" style=\"\" data-width=\"max\" data-height=\"max\" data-toolbar=\"both\" data-toolbar-fixed=\"on\">BENEFICIARIOS-BOLSA-ATLETA-sem-conta<\/a>\n<p class=\"wp-block-pdfemb-pdf-embedder-viewer\"><\/p>\n\n\n<a href=\"https:\/\/arquivo.pedroleopoldo.mg.gov.br\/wp-content\/uploads\/2023\/11\/A3BOLSAATLETA_INDEFERIDO-2.pdf\" class=\"pdfemb-viewer\" style=\"\" data-width=\"max\" data-height=\"max\" data-toolbar=\"both\" data-toolbar-fixed=\"on\">A3BOLSAATLETA_INDEFERIDO-2<\/a>\n<p class=\"wp-block-pdfemb-pdf-embedder-viewer\"><\/p>\n\n\n<a href=\"https:\/\/arquivo.pedroleopoldo.mg.gov.br\/wp-content\/uploads\/2023\/11\/RESULTADOS.pdf\" class=\"pdfemb-viewer\" style=\"\" data-width=\"max\" data-height=\"max\" data-toolbar=\"both\" data-toolbar-fixed=\"on\">RESULTADOS<\/a>\n<p class=\"wp-block-pdfemb-pdf-embedder-viewer\"><\/p>\n\n\n<a href=\"https:\/\/arquivo.pedroleopoldo.mg.gov.br\/wp-content\/uploads\/2023\/11\/Edital-Bolsa-Atleta.pdf\" class=\"pdfemb-viewer\" style=\"\" data-width=\"max\" data-height=\"max\" data-toolbar=\"both\" data-toolbar-fixed=\"on\">Edital-Bolsa-Atleta<\/a>\n<p class=\"wp-block-pdfemb-pdf-embedder-viewer\"><\/p>\n\n\n<a href=\"https:\/\/arquivo.pedroleopoldo.mg.gov.br\/wp-content\/uploads\/2023\/11\/EDITAL-BOLSA-ATLETA.pdf\" class=\"pdfemb-viewer\" style=\"\" data-width=\"max\" data-height=\"max\" data-toolbar=\"both\" data-toolbar-fixed=\"on\">EDITAL-BOLSA-ATLETA<\/a>\n<p class=\"wp-block-pdfemb-pdf-embedder-viewer\"><\/p>\n\n\n\n<p><\/p>\n\n\n\n<h2 class=\"wp-block-heading\"><\/h2>\n","protected":false},"excerpt":{"rendered":"<p>Tabela de Presta\u00e7\u00e3o de Contas Errata ao Edital n\u00ba 003\/2025 Comunicado Oficial Bolsa Atleta Errata ao Edital n\u00ba 003\/2025 Resultado FINAL Resultado do Recurso &#8211; 2\u00ba Etapa&nbsp; Resultado PARCIAL da 2\u00aa Etapa do Edital Bolsa Atleta &nbsp;Resultado FINAL &#8211; 1\u00aa Etapa . Resultado do Recurso &#8211; 1\u00aa Etapa&nbsp; Resultado Parcial 1\u00aa Etapa &#8211; Bolsa Atleta &hellip; <a href=\"https:\/\/arquivo.pedroleopoldo.mg.gov.br\/?page_id=24392\" class=\"more-link\">Continuar lendo <span class=\"screen-reader-text\">Bolsa Atleta<\/span><\/a><\/p>\n","protected":false},"author":1,"featured_media":0,"parent":0,"menu_order":0,"comment_status":"closed","ping_status":"closed","template":"","meta":{"footnotes":""},"_links":{"self":[{"href":"https:\/\/arquivo.pedroleopoldo.mg.gov.br\/index.php?rest_route=\/wp\/v2\/pages\/24392"}],"collection":[{"href":"https:\/\/arquivo.pedroleopoldo.mg.gov.br\/index.php?rest_route=\/wp\/v2\/pages"}],"about":[{"href":"https:\/\/arquivo.pedroleopoldo.mg.gov.br\/index.php?rest_route=\/wp\/v2\/types\/page"}],"author":[{"embeddable":true,"href":"https:\/\/arquivo.pedroleopoldo.mg.gov.br\/index.php?rest_route=\/wp\/v2\/users\/1"}],"replies":[{"embeddable":true,"href":"https:\/\/arquivo.pedroleopoldo.mg.gov.br\/index.php?rest_route=%2Fwp%2Fv2%2Fcomments&post=24392"}],"version-history":[{"count":1,"href":"https:\/\/arquivo.pedroleopoldo.mg.gov.br\/index.php?rest_route=\/wp\/v2\/pages\/24392\/revisions"}],"predecessor-version":[{"id":32310,"href":"https:\/\/arquivo.pedroleopoldo.mg.gov.br\/index.php?rest_route=\/wp\/v2\/pages\/24392\/revisions\/32310"}],"wp:attachment":[{"href":"https:\/\/arquivo.pedroleopoldo.mg.gov.br\/index.php?rest_route=%2Fwp%2Fv2%2Fmedia&parent=24392"}],"curies":[{"name":"wp","href":"https:\/\/api.w.org\/{rel}","templated":true}]}}