{"id":23040,"date":"2023-07-05T11:59:28","date_gmt":"2023-07-05T14:59:28","guid":{"rendered":"http:\/\/pedroleopoldo.mg.gov.br\/?page_id=23040"},"modified":"2026-03-20T14:05:51","modified_gmt":"2026-03-20T17:05:51","slug":"auxilio-emergencial-a-gratuidade-dos-idosos-previsto-na-emenda-constitucional-no-123-de-2022","status":"publish","type":"page","link":"https:\/\/arquivo.pedroleopoldo.mg.gov.br\/?page_id=23040","title":{"rendered":"Aux\u00edlio Emergencial \u00e0 Gratuidade dos Idosos previsto na Emenda Constitucional n\u00ba 123, de 2022"},"content":{"rendered":"\n<p class=\"has-large-font-size\"><strong>Termo de ades\u00e3o<\/strong><\/p>\n\n\n<a href=\"https:\/\/arquivo.pedroleopoldo.mg.gov.br\/wp-content\/uploads\/2023\/07\/Termo-de-ades\u00e3o-1.pdf\" class=\"pdfemb-viewer\" style=\"\" data-width=\"max\" data-height=\"max\" data-toolbar=\"both\" data-toolbar-fixed=\"on\">Termo-de-ades\u00e3o-1<\/a>\n\n\n<p class=\"has-large-font-size\"><strong>Publica\u00e7\u00e3o do termo de ades\u00e3o<\/strong><\/p>\n\n\n<a href=\"https:\/\/arquivo.pedroleopoldo.mg.gov.br\/wp-content\/uploads\/2023\/07\/PUBLICA\u00c7\u00c3O-TERMO-DE-ADES\u00c3O.pdf\" class=\"pdfemb-viewer\" style=\"\" data-width=\"max\" data-height=\"max\" data-toolbar=\"both\" data-toolbar-fixed=\"on\">PUBLICA\u00c7\u00c3O-TERMO-DE-ADES\u00c3O<\/a>\n\n\n<p class=\"has-large-font-size\"><strong>Decreto n\u00b0 2196, de 2022<\/strong><\/p>\n\n\n<a href=\"https:\/\/arquivo.pedroleopoldo.mg.gov.br\/wp-content\/uploads\/2023\/07\/DECRETO_N\u00ba_2196_-_GRATUIDADE_PARA_PESSOAS_IDOSAS_TRANSPORTE.pdf\" class=\"pdfemb-viewer\" style=\"\" data-width=\"max\" data-height=\"max\" data-toolbar=\"both\" data-toolbar-fixed=\"on\">DECRETO_N\u00ba_2196_-_GRATUIDADE_PARA_PESSOAS_IDOSAS_TRANSPORTE<\/a>\n\n\n<div class=\"wp-block-group is-layout-flow wp-block-group-is-layout-flow\"><div class=\"wp-block-group__inner-container\"><\/div><\/div>\n\n\n\n<p class=\"has-large-font-size\"><strong>Relat\u00f3rio de Gest\u00e3o Final<\/strong><\/p>\n\n\n<a href=\"https:\/\/arquivo.pedroleopoldo.mg.gov.br\/wp-content\/uploads\/2023\/07\/Relat\u00f3rio-de-Gest\u00e3o-Final.pdf\" class=\"pdfemb-viewer\" style=\"\" data-width=\"max\" data-height=\"max\" data-toolbar=\"both\" data-toolbar-fixed=\"on\">Relat\u00f3rio-de-Gest\u00e3o-Final<\/a>\n\n\n<p class=\"has-large-font-size\"><strong>Auto Declara\u00e7\u00e3o Relativa \u00e0 Presta\u00e7\u00e3o de Contas Final<\/strong><\/p>\n\n\n<a href=\"https:\/\/arquivo.pedroleopoldo.mg.gov.br\/wp-content\/uploads\/2023\/07\/Autoddeclara\u00e7\u00e3o.pdf\" class=\"pdfemb-viewer\" style=\"\" data-width=\"max\" data-height=\"max\" data-toolbar=\"both\" data-toolbar-fixed=\"on\">Autoddeclara\u00e7\u00e3o<\/a>","protected":false},"excerpt":{"rendered":"<p>Termo de ades\u00e3o Publica\u00e7\u00e3o do termo de ades\u00e3o Decreto n\u00b0 2196, de 2022 Relat\u00f3rio de Gest\u00e3o Final Auto Declara\u00e7\u00e3o Relativa \u00e0 Presta\u00e7\u00e3o de Contas Final<\/p>\n","protected":false},"author":1,"featured_media":0,"parent":0,"menu_order":0,"comment_status":"closed","ping_status":"closed","template":"","meta":{"footnotes":""},"_links":{"self":[{"href":"https:\/\/arquivo.pedroleopoldo.mg.gov.br\/index.php?rest_route=\/wp\/v2\/pages\/23040"}],"collection":[{"href":"https:\/\/arquivo.pedroleopoldo.mg.gov.br\/index.php?rest_route=\/wp\/v2\/pages"}],"about":[{"href":"https:\/\/arquivo.pedroleopoldo.mg.gov.br\/index.php?rest_route=\/wp\/v2\/types\/page"}],"author":[{"embeddable":true,"href":"https:\/\/arquivo.pedroleopoldo.mg.gov.br\/index.php?rest_route=\/wp\/v2\/users\/1"}],"replies":[{"embeddable":true,"href":"https:\/\/arquivo.pedroleopoldo.mg.gov.br\/index.php?rest_route=%2Fwp%2Fv2%2Fcomments&post=23040"}],"version-history":[{"count":1,"href":"https:\/\/arquivo.pedroleopoldo.mg.gov.br\/index.php?rest_route=\/wp\/v2\/pages\/23040\/revisions"}],"predecessor-version":[{"id":31912,"href":"https:\/\/arquivo.pedroleopoldo.mg.gov.br\/index.php?rest_route=\/wp\/v2\/pages\/23040\/revisions\/31912"}],"wp:attachment":[{"href":"https:\/\/arquivo.pedroleopoldo.mg.gov.br\/index.php?rest_route=%2Fwp%2Fv2%2Fmedia&parent=23040"}],"curies":[{"name":"wp","href":"https:\/\/api.w.org\/{rel}","templated":true}]}}