{"id":22783,"date":"2023-05-24T14:42:06","date_gmt":"2023-05-24T17:42:06","guid":{"rendered":"http:\/\/pedroleopoldo.mg.gov.br\/?page_id=22783"},"modified":"2026-03-23T17:01:00","modified_gmt":"2026-03-23T20:01:00","slug":"aces-e-acss","status":"publish","type":"page","link":"https:\/\/arquivo.pedroleopoldo.mg.gov.br\/?page_id=22783","title":{"rendered":"ACE\u00b4s e ACS\u00b4s"},"content":{"rendered":"\n<p>Para sua seguran\u00e7a, confira aqui a rela\u00e7\u00e3o dos nossos Agentes Comunit\u00e1rios de Sa\u00fade e Agente de Combate a Endemias<\/p>\n\n\n\n<h2 class=\"wp-block-heading\">ACS&#8217;s<\/h2>\n\n\n<a href=\"https:\/\/arquivo.pedroleopoldo.mg.gov.br\/wp-content\/uploads\/2025\/02\/Lista-Agentes-de-saude-4.pdf\" class=\"pdfemb-viewer\" style=\"\" data-width=\"max\" data-height=\"max\" data-toolbar=\"both\" data-toolbar-fixed=\"on\">Lista-Agentes-de-saude-4<\/a>\n<p class=\"wp-block-pdfemb-pdf-embedder-viewer\"><\/p>\n\n\n\n<h2 class=\"wp-block-heading\">ACE&#8217;s<\/h2>\n\n\n<a href=\"https:\/\/arquivo.pedroleopoldo.mg.gov.br\/wp-content\/uploads\/2025\/02\/Lista-de-Agentes-de-Combate-as-Endemias.pdf\" class=\"pdfemb-viewer\" style=\"\" data-width=\"max\" data-height=\"max\" data-toolbar=\"both\" data-toolbar-fixed=\"on\">Lista-de-Agentes-de-Combate-as-Endemias<\/a>\n<p class=\"wp-block-pdfemb-pdf-embedder-viewer\"><\/p>\n","protected":false},"excerpt":{"rendered":"<p>Para sua seguran\u00e7a, confira aqui a rela\u00e7\u00e3o dos nossos Agentes Comunit\u00e1rios de Sa\u00fade e Agente de Combate a Endemias ACS&#8217;s ACE&#8217;s<\/p>\n","protected":false},"author":1,"featured_media":0,"parent":0,"menu_order":0,"comment_status":"closed","ping_status":"closed","template":"","meta":{"footnotes":""},"_links":{"self":[{"href":"https:\/\/arquivo.pedroleopoldo.mg.gov.br\/index.php?rest_route=\/wp\/v2\/pages\/22783"}],"collection":[{"href":"https:\/\/arquivo.pedroleopoldo.mg.gov.br\/index.php?rest_route=\/wp\/v2\/pages"}],"about":[{"href":"https:\/\/arquivo.pedroleopoldo.mg.gov.br\/index.php?rest_route=\/wp\/v2\/types\/page"}],"author":[{"embeddable":true,"href":"https:\/\/arquivo.pedroleopoldo.mg.gov.br\/index.php?rest_route=\/wp\/v2\/users\/1"}],"replies":[{"embeddable":true,"href":"https:\/\/arquivo.pedroleopoldo.mg.gov.br\/index.php?rest_route=%2Fwp%2Fv2%2Fcomments&post=22783"}],"version-history":[{"count":1,"href":"https:\/\/arquivo.pedroleopoldo.mg.gov.br\/index.php?rest_route=\/wp\/v2\/pages\/22783\/revisions"}],"predecessor-version":[{"id":32432,"href":"https:\/\/arquivo.pedroleopoldo.mg.gov.br\/index.php?rest_route=\/wp\/v2\/pages\/22783\/revisions\/32432"}],"wp:attachment":[{"href":"https:\/\/arquivo.pedroleopoldo.mg.gov.br\/index.php?rest_route=%2Fwp%2Fv2%2Fmedia&parent=22783"}],"curies":[{"name":"wp","href":"https:\/\/api.w.org\/{rel}","templated":true}]}}