{"id":22471,"date":"2024-02-07T15:51:00","date_gmt":"2024-02-07T18:51:00","guid":{"rendered":"http:\/\/pedroleopoldo.mg.gov.br\/?page_id=22471"},"modified":"2026-03-19T11:18:02","modified_gmt":"2026-03-19T14:18:02","slug":"finisa","status":"publish","type":"page","link":"https:\/\/arquivo.pedroleopoldo.mg.gov.br\/?page_id=22471","title":{"rendered":"FINISA"},"content":{"rendered":"<a href=\"https:\/\/arquivo.pedroleopoldo.mg.gov.br\/wp-content\/uploads\/2025\/11\/prestacao-de-contas-5.10.pdf\" class=\"pdfemb-viewer\" style=\"\" data-width=\"max\" data-height=\"max\" data-toolbar=\"both\" data-toolbar-fixed=\"on\">prestacao-de-contas-5.10<\/a>\n\n<a href=\"https:\/\/arquivo.pedroleopoldo.mg.gov.br\/wp-content\/uploads\/2025\/05\/Prestacao-de-contas-36a-5a-Medicao-UBS-LUA.pdf\" class=\"pdfemb-viewer\" style=\"\" data-width=\"max\" data-height=\"max\" data-toolbar=\"both\" data-toolbar-fixed=\"on\">Prestacao-de-contas-36a-5a-Medicao-UBS-LUA<\/a>\n\n<a href=\"https:\/\/arquivo.pedroleopoldo.mg.gov.br\/wp-content\/uploads\/2025\/05\/Prestacao-de-Contas-35a-Medicao-11a-CEPPEL.pdf\" class=\"pdfemb-viewer\" style=\"\" data-width=\"max\" data-height=\"max\" data-toolbar=\"both\" data-toolbar-fixed=\"on\">Prestacao-de-Contas-35a-Medicao-11a-CEPPEL<\/a>\n\n<a href=\"https:\/\/arquivo.pedroleopoldo.mg.gov.br\/wp-content\/uploads\/2025\/04\/Prestacao-de-Contas-34a-11.1-Medicao-Via-Norte.pdf\" class=\"pdfemb-viewer\" style=\"\" data-width=\"max\" data-height=\"max\" data-toolbar=\"both\" data-toolbar-fixed=\"on\">Prestacao-de-Contas-34a-11.1-Medicao-Via-Norte<\/a>\n\n<a href=\"https:\/\/arquivo.pedroleopoldo.mg.gov.br\/wp-content\/uploads\/2025\/03\/Prestacao-de-Contas-33a-11a-Medicao-Via-Norte.pdf\" class=\"pdfemb-viewer\" style=\"\" data-width=\"max\" data-height=\"max\" data-toolbar=\"both\" data-toolbar-fixed=\"on\">Prestacao-de-Contas-33a-11a-Medicao-Via-Norte<\/a>\n\n<a href=\"https:\/\/arquivo.pedroleopoldo.mg.gov.br\/wp-content\/uploads\/2025\/03\/2o_TERMO-ADITIVO-CT-0615767-03-PM-PEDRO-LEOPOLDO-MG.pdf\" class=\"pdfemb-viewer\" style=\"\" data-width=\"max\" data-height=\"max\" data-toolbar=\"both\" data-toolbar-fixed=\"on\">2o_TERMO-ADITIVO-CT-0615767-03-PM-PEDRO-LEOPOLDO-MG<\/a>\n\n<a href=\"https:\/\/arquivo.pedroleopoldo.mg.gov.br\/wp-content\/uploads\/2025\/01\/Prestacao-de-Contas-32-Medicao-10a-CEPPEL.pdf\" class=\"pdfemb-viewer\" style=\"\" data-width=\"max\" data-height=\"max\" data-toolbar=\"both\" data-toolbar-fixed=\"on\">Prestacao-de-Contas-32-Medicao-10a-CEPPEL<\/a>\n\n<a href=\"https:\/\/arquivo.pedroleopoldo.mg.gov.br\/wp-content\/uploads\/2025\/01\/Prestacao-de-contas-31a-Medicao-1-Termo-Aditivo-ao-Contrato-n.o-004_2024-VIA-NORTE.pdf\" class=\"pdfemb-viewer\" style=\"\" data-width=\"max\" data-height=\"max\" data-toolbar=\"both\" data-toolbar-fixed=\"on\">Prestacao-de-contas-31a-Medicao-1-Termo-Aditivo-ao-Contrato-n.o-004_2024-VIA-NORTE<\/a>\n\n<a href=\"https:\/\/arquivo.pedroleopoldo.mg.gov.br\/wp-content\/uploads\/2025\/01\/RETIFICACAO-BOLETINS-DE-MEDICAO-CEPPEL.pdf\" class=\"pdfemb-viewer\" style=\"\" data-width=\"max\" data-height=\"max\" data-toolbar=\"both\" data-toolbar-fixed=\"on\">RETIFICACAO-BOLETINS-DE-MEDICAO-CEPPEL<\/a>\n\n<a href=\"https:\/\/arquivo.pedroleopoldo.mg.gov.br\/wp-content\/uploads\/2024\/12\/Prestacao-de-Contas-30a-9a-Medicao-VIA-NORTE.pdf\" class=\"pdfemb-viewer\" style=\"\" data-width=\"max\" data-height=\"max\" data-toolbar=\"both\" data-toolbar-fixed=\"on\">Prestacao-de-Contas-30a-9a-Medicao-VIA-NORTE<\/a>\n\n<a href=\"https:\/\/arquivo.pedroleopoldo.mg.gov.br\/wp-content\/uploads\/2024\/12\/Prestacao-de-contas-29a-4a-Medicao-UBS-LUA.pdf\" class=\"pdfemb-viewer\" style=\"\" data-width=\"max\" data-height=\"max\" data-toolbar=\"both\" data-toolbar-fixed=\"on\">Prestacao-de-contas-29a-4a-Medicao-UBS-LUA<\/a>\n\n<a href=\"https:\/\/arquivo.pedroleopoldo.mg.gov.br\/wp-content\/uploads\/2024\/12\/Prestacao-de-contas-28a-9a-Medicao-CEPPEL.pdf\" class=\"pdfemb-viewer\" style=\"\" data-width=\"max\" data-height=\"max\" data-toolbar=\"both\" data-toolbar-fixed=\"on\">Prestacao-de-contas-28a-9a-Medicao-CEPPEL<\/a>\n\n<a href=\"https:\/\/arquivo.pedroleopoldo.mg.gov.br\/wp-content\/uploads\/2024\/12\/Prestacao-de-Contas-27a-3a-Medicao-UBS-LUA.pdf\" class=\"pdfemb-viewer\" style=\"\" data-width=\"max\" data-height=\"max\" data-toolbar=\"both\" data-toolbar-fixed=\"on\">Prestacao-de-Contas-27a-3a-Medicao-UBS-LUA<\/a>\n\n<a href=\"https:\/\/arquivo.pedroleopoldo.mg.gov.br\/wp-content\/uploads\/2024\/11\/Prestacao-de-contas-26a-8a-Medicao-VIA-NORTE-.pdf\" class=\"pdfemb-viewer\" style=\"\" data-width=\"max\" data-height=\"max\" data-toolbar=\"both\" data-toolbar-fixed=\"on\">Prestacao-de-contas-26a-8a-Medicao-VIA-NORTE-<\/a>\n\n<a href=\"https:\/\/arquivo.pedroleopoldo.mg.gov.br\/wp-content\/uploads\/2024\/11\/Prestacao-de-contas-25a-8a-Medicao-CEPPEL.pdf\" class=\"pdfemb-viewer\" style=\"\" data-width=\"max\" data-height=\"max\" data-toolbar=\"both\" data-toolbar-fixed=\"on\">Prestacao-de-contas-25a-8a-Medicao-CEPPEL<\/a>\n\n<a href=\"https:\/\/arquivo.pedroleopoldo.mg.gov.br\/wp-content\/uploads\/2024\/11\/Prestacao-de-Contas-24a-Medicao-7a-medicao-Via-Norte-.pdf\" class=\"pdfemb-viewer\" style=\"\" data-width=\"max\" data-height=\"max\" data-toolbar=\"both\" data-toolbar-fixed=\"on\">Prestacao-de-Contas-24a-Medicao-7a-medicao-Via-Norte-<\/a>\n\n<a href=\"https:\/\/arquivo.pedroleopoldo.mg.gov.br\/wp-content\/uploads\/2024\/10\/Prestacao-de-Contas-23a-Medicao-7a-medicao-CEPPEL.pdf\" class=\"pdfemb-viewer\" style=\"\" data-width=\"max\" data-height=\"max\" data-toolbar=\"both\" data-toolbar-fixed=\"on\">Prestacao-de-Contas-23a-Medicao-7a-medicao-CEPPEL<\/a>\n\n<a href=\"https:\/\/arquivo.pedroleopoldo.mg.gov.br\/wp-content\/uploads\/2024\/10\/Prestacao-de-Contas-22a-Medicao-2a-UBS-LUA.pdf\" class=\"pdfemb-viewer\" style=\"\" data-width=\"max\" data-height=\"max\" data-toolbar=\"both\" data-toolbar-fixed=\"on\">Prestacao-de-Contas-22a-Medicao-2a-UBS-LUA<\/a>\n\n<a href=\"https:\/\/arquivo.pedroleopoldo.mg.gov.br\/wp-content\/uploads\/2024\/09\/Prestacao-de-Contas-21a-Medicao-6a-Medicao-Via-Norte.pdf\" class=\"pdfemb-viewer\" style=\"\" data-width=\"max\" data-height=\"max\" data-toolbar=\"both\" data-toolbar-fixed=\"on\">Prestacao-de-Contas-21a-Medicao-6a-Medicao-Via-Norte<\/a>\n\n<a href=\"https:\/\/arquivo.pedroleopoldo.mg.gov.br\/wp-content\/uploads\/2024\/09\/Prestacao-de-Contas-20a-Medicao-5a-medicao-VIA-NORTE-.pdf\" class=\"pdfemb-viewer\" style=\"\" data-width=\"max\" data-height=\"max\" data-toolbar=\"both\" data-toolbar-fixed=\"on\">Prestacao-de-Contas-20a-Medicao-5a-medicao-VIA-NORTE-<\/a>\n\n<a href=\"https:\/\/arquivo.pedroleopoldo.mg.gov.br\/wp-content\/uploads\/2024\/08\/Prestacao-de-Contas-19a-Medicao-1a-UBS-LUA-1.pdf\" class=\"pdfemb-viewer\" style=\"\" data-width=\"max\" data-height=\"max\" data-toolbar=\"both\" data-toolbar-fixed=\"on\">Prestacao-de-Contas-19a-Medicao-1a-UBS-LUA-1<\/a>\n\n<a href=\"https:\/\/arquivo.pedroleopoldo.mg.gov.br\/wp-content\/uploads\/2024\/08\/Prestacao-de-Contas-18a-Medicao-6a-Medicao-Ceppel.pdf\" class=\"pdfemb-viewer\" style=\"\" data-width=\"max\" data-height=\"max\" data-toolbar=\"both\" data-toolbar-fixed=\"on\">Prestacao-de-Contas-18a-Medicao-6a-Medicao-Ceppel<\/a>\n\n<a href=\"https:\/\/arquivo.pedroleopoldo.mg.gov.br\/wp-content\/uploads\/2024\/08\/Prestacao-de-Contas-17a-Medicao-4a-Medicao-Via-Norte.pdf\" class=\"pdfemb-viewer\" style=\"\" data-width=\"max\" data-height=\"max\" data-toolbar=\"both\" data-toolbar-fixed=\"on\">Prestacao-de-Contas-17a-Medicao-4a-Medicao-Via-Norte<\/a>\n\n<a href=\"https:\/\/arquivo.pedroleopoldo.mg.gov.br\/wp-content\/uploads\/2024\/08\/Prestacao-de-Contas-16a-Medicao-5a-Medicao-Ceppel.pdf\" class=\"pdfemb-viewer\" style=\"\" data-width=\"max\" data-height=\"max\" data-toolbar=\"both\" data-toolbar-fixed=\"on\">Prestacao-de-Contas-16a-Medicao-5a-Medicao-Ceppel<\/a>\n\n<a href=\"https:\/\/arquivo.pedroleopoldo.mg.gov.br\/wp-content\/uploads\/2024\/06\/Prestacao-de-Contas-15a-Medicao-7a-Rodovia-Neves.pdf\" class=\"pdfemb-viewer\" style=\"\" data-width=\"max\" data-height=\"max\" data-toolbar=\"both\" data-toolbar-fixed=\"on\">Prestacao-de-Contas-15a-Medicao-7a-Rodovia-Neves<\/a>\n\n<a href=\"https:\/\/arquivo.pedroleopoldo.mg.gov.br\/wp-content\/uploads\/2024\/06\/Prestacao-de-Contas-14a-Medicao-4a-Medicao-CEPPEL.pdf\" class=\"pdfemb-viewer\" style=\"\" data-width=\"max\" data-height=\"max\" data-toolbar=\"both\" data-toolbar-fixed=\"on\">Prestacao-de-Contas-14a-Medicao-4a-Medicao-CEPPEL<\/a>\n\n<a href=\"https:\/\/arquivo.pedroleopoldo.mg.gov.br\/wp-content\/uploads\/2024\/06\/Prestacao-de-contas-13a-Medicao-3a-Medicao-Via-Norte.pdf\" class=\"pdfemb-viewer\" style=\"\" data-width=\"max\" data-height=\"max\" data-toolbar=\"both\" data-toolbar-fixed=\"on\">Prestacao-de-contas-13a-Medicao-3a-Medicao-Via-Norte<\/a>\n\n<a href=\"https:\/\/arquivo.pedroleopoldo.mg.gov.br\/wp-content\/uploads\/2024\/05\/Prestacao-de-contas-12a-Medicao-3a-Medicao-Ceppel.pdf\" class=\"pdfemb-viewer\" style=\"\" data-width=\"max\" data-height=\"max\" data-toolbar=\"both\" data-toolbar-fixed=\"on\">Prestacao-de-contas-12a-Medicao-3a-Medicao-Ceppel<\/a>\n\n<a href=\"https:\/\/arquivo.pedroleopoldo.mg.gov.br\/wp-content\/uploads\/2024\/04\/Prestacao-de-Contas-11a-Medicao-2a-Med.-Via-Norte.pdf\" class=\"pdfemb-viewer\" style=\"\" data-width=\"max\" data-height=\"max\" data-toolbar=\"both\" data-toolbar-fixed=\"on\">Prestacao-de-Contas-11a-Medicao-2a-Med.-Via-Norte<\/a>\n\n<a href=\"https:\/\/arquivo.pedroleopoldo.mg.gov.br\/wp-content\/uploads\/2024\/04\/Prestacao-de-Contas-10a-Medicao-1a-Med.-Via-Norte.pdf\" class=\"pdfemb-viewer\" style=\"\" data-width=\"max\" data-height=\"max\" data-toolbar=\"both\" data-toolbar-fixed=\"on\">Prestacao-de-Contas-10a-Medicao-1a-Med.-Via-Norte<\/a>\n\n<a href=\"https:\/\/arquivo.pedroleopoldo.mg.gov.br\/wp-content\/uploads\/2024\/04\/Prestacao-de-contas-9a-Medicao-2a-Medicao-Ceppel.pdf\" class=\"pdfemb-viewer\" style=\"\" data-width=\"max\" data-height=\"max\" data-toolbar=\"both\" data-toolbar-fixed=\"on\">Prestacao-de-contas-9a-Medicao-2a-Medicao-Ceppel<\/a>\n\n<a href=\"https:\/\/arquivo.pedroleopoldo.mg.gov.br\/wp-content\/uploads\/2024\/03\/Prestacao-de-contas-8a-Medicao-1a-Medicao-CEPPEL.pdf\" class=\"pdfemb-viewer\" style=\"\" data-width=\"max\" data-height=\"max\" data-toolbar=\"both\" data-toolbar-fixed=\"on\">Prestacao-de-contas-8a-Medicao-1a-Medicao-CEPPEL<\/a>\n\n<a href=\"https:\/\/arquivo.pedroleopoldo.mg.gov.br\/wp-content\/uploads\/2024\/03\/Prestacao-de-contas-7a-Medicao-6a-Medicao-Rodovia-Neves.pdf\" class=\"pdfemb-viewer\" style=\"\" data-width=\"max\" data-height=\"max\" data-toolbar=\"both\" data-toolbar-fixed=\"on\">Prestacao-de-contas-7a-Medicao-6a-Medicao-Rodovia-Neves<\/a>\n\n<a href=\"https:\/\/arquivo.pedroleopoldo.mg.gov.br\/wp-content\/uploads\/2024\/02\/Prestacao-de-Contas-6a-Medicao-Pavimentacao-Rodovia-Neves.pdf\" class=\"pdfemb-viewer\" style=\"\" data-width=\"max\" data-height=\"max\" data-toolbar=\"both\" data-toolbar-fixed=\"on\">Prestacao-de-Contas-6a-Medicao-Pavimentacao-Rodovia-Neves<\/a>\n\n<a href=\"https:\/\/arquivo.pedroleopoldo.mg.gov.br\/wp-content\/uploads\/2024\/02\/Primeiro_Termo_Aditivo_0615767-03-PM_PEDRO_LEOPOLDO-MG-_A_1_assinado-2.pdf\" class=\"pdfemb-viewer\" style=\"\" data-width=\"max\" data-height=\"max\" data-toolbar=\"both\" data-toolbar-fixed=\"on\">Primeiro_Termo_Aditivo_0615767-03-PM_PEDRO_LEOPOLDO-MG-_A_1_assinado-2<\/a>\n\n<a href=\"https:\/\/arquivo.pedroleopoldo.mg.gov.br\/wp-content\/uploads\/2024\/02\/5a-PRESTACAO-DE-CONTAS-VIAS-SANTO-ANTONIO-DA-BARRA.pdf\" class=\"pdfemb-viewer\" style=\"\" data-width=\"max\" data-height=\"max\" data-toolbar=\"both\" data-toolbar-fixed=\"on\">5a-PRESTACAO-DE-CONTAS-VIAS-SANTO-ANTONIO-DA-BARRA<\/a>\n\n<a href=\"https:\/\/arquivo.pedroleopoldo.mg.gov.br\/wp-content\/uploads\/2024\/01\/Prestacao-de-Contas-4a-Medicao-Pavimentacao-Rod.-Neves.pdf\" class=\"pdfemb-viewer\" style=\"\" data-width=\"max\" data-height=\"max\" data-toolbar=\"both\" data-toolbar-fixed=\"on\">Prestacao-de-Contas-4a-Medicao-Pavimentacao-Rod.-Neves<\/a>\n\n\n<div class=\"wp-block-group is-vertical is-layout-flex wp-container-1 wp-block-group-is-layout-flex\"><a href=\"https:\/\/arquivo.pedroleopoldo.mg.gov.br\/wp-content\/uploads\/2023\/12\/Prestacao-de-Contas-3a-Medicao-Pavimentacao-Rodovia-Neves.pdf\" class=\"pdfemb-viewer\" style=\"\" data-width=\"max\" data-height=\"max\" data-toolbar=\"both\" data-toolbar-fixed=\"on\">Prestacao-de-Contas-3a-Medicao-Pavimentacao-Rodovia-Neves<\/a><\/div>\n\n\n<a href=\"https:\/\/arquivo.pedroleopoldo.mg.gov.br\/wp-content\/uploads\/2023\/11\/Prestacao-de-contas-2a-Medicao-Pavimentacao-Rodovia-Neves.pdf\" class=\"pdfemb-viewer\" style=\"\" data-width=\"max\" data-height=\"max\" data-toolbar=\"both\" data-toolbar-fixed=\"on\">Prestacao-de-contas-2a-Medicao-Pavimentacao-Rodovia-Neves<\/a>\n\n<a href=\"https:\/\/arquivo.pedroleopoldo.mg.gov.br\/wp-content\/uploads\/2023\/11\/Prestacao-de-Contas-1a-Medicao-Pavimentacao-Rodovia-Neves.pdf\" class=\"pdfemb-viewer\" style=\"\" data-width=\"max\" data-height=\"max\" data-toolbar=\"both\" data-toolbar-fixed=\"on\">Prestacao-de-Contas-1a-Medicao-Pavimentacao-Rodovia-Neves<\/a>\n\n<a href=\"https:\/\/arquivo.pedroleopoldo.mg.gov.br\/wp-content\/uploads\/2023\/07\/Termo-de-Desapropria\u00e7\u00e3o-Amig\u00e1vel-1\u00ba-Desembolso.pdf\" class=\"pdfemb-viewer\" style=\"\" data-width=\"max\" data-height=\"max\" data-toolbar=\"both\" data-toolbar-fixed=\"on\">Termo-de-Desapropria\u00e7\u00e3o-Amig\u00e1vel-1\u00ba-Desembolso<\/a>\n\n<a href=\"https:\/\/arquivo.pedroleopoldo.mg.gov.br\/wp-content\/uploads\/2023\/07\/EMPENHOS-Presta\u00e7\u00e3o-de-Contas-1\u00ba-Desembolso.pdf\" class=\"pdfemb-viewer\" style=\"\" data-width=\"max\" data-height=\"max\" data-toolbar=\"both\" data-toolbar-fixed=\"on\">EMPENHOS-Presta\u00e7\u00e3o-de-Contas-1\u00ba-Desembolso<\/a>\n\n<a href=\"https:\/\/arquivo.pedroleopoldo.mg.gov.br\/wp-content\/uploads\/2023\/04\/LEI-3677-AUTORIZA-O-PODER-EXECUTIVO-A-CONTRATAR-OPERA\u00c7\u00d5ES-DE-CR\u00c9DITO-COM-A-CAIXA.pdf\" class=\"pdfemb-viewer\" style=\"\" data-width=\"max\" data-height=\"max\" data-toolbar=\"both\" data-toolbar-fixed=\"on\">LEI-3677-AUTORIZA-O-PODER-EXECUTIVO-A-CONTRATAR-OPERA\u00c7\u00d5ES-DE-CR\u00c9DITO-COM-A-CAIXA<\/a>\n\n<a href=\"https:\/\/arquivo.pedroleopoldo.mg.gov.br\/wp-content\/uploads\/2023\/04\/Contrato-n\u00b0-0615767-03-registrado.pdf\" class=\"pdfemb-viewer\" style=\"\" data-width=\"max\" data-height=\"max\" data-toolbar=\"both\" data-toolbar-fixed=\"on\">Contrato-n\u00b0-0615767-03-registrado<\/a>","protected":false},"excerpt":{"rendered":"","protected":false},"author":1,"featured_media":0,"parent":0,"menu_order":0,"comment_status":"closed","ping_status":"closed","template":"","meta":{"footnotes":""},"_links":{"self":[{"href":"https:\/\/arquivo.pedroleopoldo.mg.gov.br\/index.php?rest_route=\/wp\/v2\/pages\/22471"}],"collection":[{"href":"https:\/\/arquivo.pedroleopoldo.mg.gov.br\/index.php?rest_route=\/wp\/v2\/pages"}],"about":[{"href":"https:\/\/arquivo.pedroleopoldo.mg.gov.br\/index.php?rest_route=\/wp\/v2\/types\/page"}],"author":[{"embeddable":true,"href":"https:\/\/arquivo.pedroleopoldo.mg.gov.br\/index.php?rest_route=\/wp\/v2\/users\/1"}],"replies":[{"embeddable":true,"href":"https:\/\/arquivo.pedroleopoldo.mg.gov.br\/index.php?rest_route=%2Fwp%2Fv2%2Fcomments&post=22471"}],"version-history":[{"count":0,"href":"https:\/\/arquivo.pedroleopoldo.mg.gov.br\/index.php?rest_route=\/wp\/v2\/pages\/22471\/revisions"}],"wp:attachment":[{"href":"https:\/\/arquivo.pedroleopoldo.mg.gov.br\/index.php?rest_route=%2Fwp%2Fv2%2Fmedia&parent=22471"}],"curies":[{"name":"wp","href":"https:\/\/api.w.org\/{rel}","templated":true}]}}