{"id":22334,"date":"2023-03-21T14:38:43","date_gmt":"2023-03-21T17:38:43","guid":{"rendered":"http:\/\/pedroleopoldo.mg.gov.br\/?page_id=22334"},"modified":"2025-12-05T10:33:59","modified_gmt":"2025-12-05T13:33:59","slug":"conselho-de-igualdade-racial","status":"publish","type":"page","link":"https:\/\/arquivo.pedroleopoldo.mg.gov.br\/?page_id=22334","title":{"rendered":"Conselho de Igualdade Racial"},"content":{"rendered":"\n<p>Ata Reuni\u00e3o<\/p>\n\n\n<div class=\"ead-preview\"><div class=\"ead-document\" style=\"position: relative;padding-top: 90%\"><div class=\"ead-iframe-wrapper\"><iframe src=\"\/\/docs.google.com\/viewer?url=https%3A%2F%2Farquivo.pedroleopoldo.mg.gov.br%2Fwp-content%2Fuploads%2F2025%2F12%2FAta_COMPIR_23_09_2024.pdf&amp;embedded=true&amp;hl=en\" title=\"Embedded Document\" class=\"ead-iframe\" style=\"width: 100%;height: 100%;border: none;position: absolute;left: 0;top: 0;visibility: hidden;\"><\/iframe><\/div>\t\t\t<div class=\"ead-document-loading\" style=\"width:100%;height:100%;position:absolute;left:0;top:0;z-index:10\">\n\t\t\t\t<div class=\"ead-loading-wrap\">\n\t\t\t\t\t<div class=\"ead-loading-main\">\n\t\t\t\t\t\t<div class=\"ead-loading\">\n\t\t\t\t\t\t\t<img decoding=\"async\" loading=\"lazy\" src=\"https:\/\/arquivo.pedroleopoldo.mg.gov.br\/wp-content\/plugins\/embed-any-document\/images\/loading.svg\" width=\"55\" height=\"55\" alt=\"Loader\">\n\t\t\t\t\t\t\t<span>Loading&#8230;<\/span>\n\t\t\t\t\t\t<\/div>\n\t\t\t\t\t<\/div>\n\t\t\t\t\t<div class=\"ead-loading-foot\">\n\t\t\t\t\t\t<div class=\"ead-loading-foot-title\">\n\t\t\t\t\t\t\t<img decoding=\"async\" loading=\"lazy\" src=\"https:\/\/arquivo.pedroleopoldo.mg.gov.br\/wp-content\/plugins\/embed-any-document\/images\/EAD-logo.svg\" alt=\"EAD Logo\" width=\"36\" height=\"23\"\/>\n\t\t\t\t\t\t\t<span>Taking too long?<\/span>\n\t\t\t\t\t\t<\/div>\n\t\t\t\t\t\t<p>\n\t\t\t\t\t\t\t<div class=\"ead-document-btn ead-reload-btn\" role=\"button\">\n\t\t\t\t\t\t\t\t<img decoding=\"async\" loading=\"lazy\" src=\"https:\/\/arquivo.pedroleopoldo.mg.gov.br\/wp-content\/plugins\/embed-any-document\/images\/reload.svg\" alt=\"Reload\" width=\"12\" height=\"12\"\/> Reload document\t\t\t\t\t\t\t<\/div>\n\t\t\t\t\t\t\t<span>|<\/span>\n\t\t\t\t\t\t\t<a href=\"https:\/\/arquivo.pedroleopoldo.mg.gov.br\/wp-content\/uploads\/2025\/12\/Ata_COMPIR_23_09_2024.pdf\" class=\"ead-document-btn\" target=\"_blank\">\n\t\t\t\t\t\t\t\t<img decoding=\"async\" loading=\"lazy\" src=\"https:\/\/arquivo.pedroleopoldo.mg.gov.br\/wp-content\/plugins\/embed-any-document\/images\/open.svg\" alt=\"Open\" width=\"12\" height=\"12\"\/> Open in new tab\t\t\t\t\t\t\t<\/a>\n\t\t\t\t\t<\/div>\n\t\t\t\t<\/div>\n\t\t\t<\/div>\n\t\t<\/div><p class=\"embed_download\"><a href=\"https:\/\/arquivo.pedroleopoldo.mg.gov.br\/wp-content\/uploads\/2025\/12\/Ata_COMPIR_23_09_2024.pdf\" download>Download [1.56 MB] <\/a><\/p><\/div>\n\n\n<p>Elei\u00e7\u00e3o da Sociedade Civil do Conselho Municipal de Promo\u00e7\u00e3o da Igualdade Racial<\/p>\n\n\n<a href=\"https:\/\/pedroleopoldo.mg.gov.br\/wp-content\/uploads\/2025\/08\/COMPIR.pdf\" class=\"pdfemb-viewer\" style=\"\" data-width=\"max\" data-height=\"max\" data-toolbar=\"both\" data-toolbar-fixed=\"on\">COMPIR<\/a>\n\n<a href=\"https:\/\/pedroleopoldo.mg.gov.br\/wp-content\/uploads\/2025\/08\/Edital-COMPIR-Publicacao.pdf\" class=\"pdfemb-viewer\" style=\"\" data-width=\"max\" data-height=\"max\" data-toolbar=\"both\" data-toolbar-fixed=\"on\">Edital-COMPIR-Publicacao<\/a>\n\n<a href=\"https:\/\/pedroleopoldo.mg.gov.br\/wp-content\/uploads\/2025\/08\/Anexo-I-Inscricao-COMPIR.pdf\" class=\"pdfemb-viewer\" style=\"\" data-width=\"max\" data-height=\"max\" data-toolbar=\"both\" data-toolbar-fixed=\"on\">Anexo-I-Inscricao-COMPIR<\/a>\n\n<a href=\"https:\/\/pedroleopoldo.mg.gov.br\/wp-content\/uploads\/2025\/08\/Anexo-II-Compir-Recurso.pdf\" class=\"pdfemb-viewer\" style=\"\" data-width=\"max\" data-height=\"max\" data-toolbar=\"both\" data-toolbar-fixed=\"on\">Anexo-II-Compir-Recurso<\/a>\n\n<a href=\"https:\/\/pedroleopoldo.mg.gov.br\/wp-content\/uploads\/2024\/05\/1.-Ata-COMPIR-12-01-23.pdf\" class=\"pdfemb-viewer\" style=\"\" data-width=\"max\" data-height=\"max\" data-toolbar=\"both\" data-toolbar-fixed=\"on\">1.-Ata-COMPIR-12-01-23<\/a>\n<p class=\"wp-block-pdfemb-pdf-embedder-viewer\"><\/p>\n\n\n<a href=\"https:\/\/pedroleopoldo.mg.gov.br\/wp-content\/uploads\/2024\/05\/2.-Ata-COMPIR-27-09-23.pdf\" class=\"pdfemb-viewer\" style=\"\" data-width=\"max\" data-height=\"max\" data-toolbar=\"both\" data-toolbar-fixed=\"on\">2.-Ata-COMPIR-27-09-23<\/a>\n<p class=\"wp-block-pdfemb-pdf-embedder-viewer\"><\/p>\n\n\n<a href=\"https:\/\/pedroleopoldo.mg.gov.br\/wp-content\/uploads\/2024\/05\/3.-Ata-COMPIR-23-10-23.pdf\" class=\"pdfemb-viewer\" style=\"\" data-width=\"max\" data-height=\"max\" data-toolbar=\"both\" data-toolbar-fixed=\"on\">3.-Ata-COMPIR-23-10-23<\/a>\n<p class=\"wp-block-pdfemb-pdf-embedder-viewer\"><\/p>\n\n\n<a href=\"https:\/\/pedroleopoldo.mg.gov.br\/wp-content\/uploads\/2024\/05\/4.-Ata-COMPIR-24-10-23.pdf\" class=\"pdfemb-viewer\" style=\"\" data-width=\"max\" data-height=\"max\" data-toolbar=\"both\" data-toolbar-fixed=\"on\">4.-Ata-COMPIR-24-10-23<\/a>\n<p class=\"wp-block-pdfemb-pdf-embedder-viewer\"><\/p>\n\n\n<a href=\"https:\/\/pedroleopoldo.mg.gov.br\/wp-content\/uploads\/2024\/05\/5.-Ata-COMPIR-18-12-23.pdf\" class=\"pdfemb-viewer\" style=\"\" data-width=\"max\" data-height=\"max\" data-toolbar=\"both\" data-toolbar-fixed=\"on\">5.-Ata-COMPIR-18-12-23<\/a>\n<p class=\"wp-block-pdfemb-pdf-embedder-viewer\"><\/p>\n\n\n<a href=\"https:\/\/pedroleopoldo.mg.gov.br\/wp-content\/uploads\/2024\/05\/6.-Ata-COMPIR-20-02-24.pdf\" class=\"pdfemb-viewer\" style=\"\" data-width=\"max\" data-height=\"max\" data-toolbar=\"both\" data-toolbar-fixed=\"on\">6.-Ata-COMPIR-20-02-24<\/a>\n<p class=\"wp-block-pdfemb-pdf-embedder-viewer\"><\/p>\n\n\n<a href=\"https:\/\/pedroleopoldo.mg.gov.br\/wp-content\/uploads\/2024\/05\/7.-Ata-COMPIR-10-04-24.pdf\" class=\"pdfemb-viewer\" style=\"\" data-width=\"max\" data-height=\"max\" data-toolbar=\"both\" data-toolbar-fixed=\"on\">7.-Ata-COMPIR-10-04-24<\/a>\n<p class=\"wp-block-pdfemb-pdf-embedder-viewer\"><\/p>\n","protected":false},"excerpt":{"rendered":"<p>Ata Reuni\u00e3o Elei\u00e7\u00e3o da Sociedade Civil do Conselho Municipal de Promo\u00e7\u00e3o da Igualdade Racial<\/p>\n","protected":false},"author":1,"featured_media":0,"parent":0,"menu_order":0,"comment_status":"closed","ping_status":"closed","template":"","meta":{"footnotes":""},"_links":{"self":[{"href":"https:\/\/arquivo.pedroleopoldo.mg.gov.br\/index.php?rest_route=\/wp\/v2\/pages\/22334"}],"collection":[{"href":"https:\/\/arquivo.pedroleopoldo.mg.gov.br\/index.php?rest_route=\/wp\/v2\/pages"}],"about":[{"href":"https:\/\/arquivo.pedroleopoldo.mg.gov.br\/index.php?rest_route=\/wp\/v2\/types\/page"}],"author":[{"embeddable":true,"href":"https:\/\/arquivo.pedroleopoldo.mg.gov.br\/index.php?rest_route=\/wp\/v2\/users\/1"}],"replies":[{"embeddable":true,"href":"https:\/\/arquivo.pedroleopoldo.mg.gov.br\/index.php?rest_route=%2Fwp%2Fv2%2Fcomments&post=22334"}],"version-history":[{"count":0,"href":"https:\/\/arquivo.pedroleopoldo.mg.gov.br\/index.php?rest_route=\/wp\/v2\/pages\/22334\/revisions"}],"wp:attachment":[{"href":"https:\/\/arquivo.pedroleopoldo.mg.gov.br\/index.php?rest_route=%2Fwp%2Fv2%2Fmedia&parent=22334"}],"curies":[{"name":"wp","href":"https:\/\/api.w.org\/{rel}","templated":true}]}}