{"id":2135,"date":"2018-03-12T16:51:08","date_gmt":"2018-03-12T19:51:08","guid":{"rendered":"http:\/\/pedroleopoldo.mg.gov.br\/?page_id=2135"},"modified":"2024-07-22T15:02:13","modified_gmt":"2024-07-22T18:02:13","slug":"resolucao","status":"publish","type":"page","link":"https:\/\/arquivo.pedroleopoldo.mg.gov.br\/?page_id=2135","title":{"rendered":"Conselho Municipal de Sa\u00fade"},"content":{"rendered":"\n<h2 class=\"wp-block-heading\">Confer\u00eancias<\/h2>\n\n\n<a href=\"https:\/\/pedroleopoldo.mg.gov.br\/wp-content\/uploads\/2023\/06\/Confer\u00eancia-Estadual-de-Sa\u00fade.pdf\" class=\"pdfemb-viewer\" style=\"\" data-width=\"max\" data-height=\"max\" data-toolbar=\"both\" data-toolbar-fixed=\"on\">Confer\u00eancia-Estadual-de-Sa\u00fade<\/a>\n<p class=\"wp-block-pdfemb-pdf-embedder-viewer\"><\/p>\n\n\n<a href=\"https:\/\/pedroleopoldo.mg.gov.br\/wp-content\/uploads\/2023\/05\/Conferencia-de-sa\u00fade.pdf\" class=\"pdfemb-viewer\" style=\"\" data-width=\"max\" data-height=\"max\" data-toolbar=\"both\" data-toolbar-fixed=\"on\">Conferencia-de-sa\u00fade<\/a>\n<p class=\"wp-block-pdfemb-pdf-embedder-viewer\"><\/p>\n\n\n\n<h2 class=\"wp-block-heading\">ATAS<\/h2>\n\n\n<a href=\"https:\/\/pedroleopoldo.mg.gov.br\/wp-content\/uploads\/2024\/07\/ATA-ASSINADA-REUNIAO-362.pdf\" class=\"pdfemb-viewer\" style=\"\" data-width=\"max\" data-height=\"max\" data-toolbar=\"both\" data-toolbar-fixed=\"on\">ATA-ASSINADA-REUNIAO-362<\/a>\n<p class=\"wp-block-pdfemb-pdf-embedder-viewer\"><\/p>\n\n\n<a href=\"https:\/\/pedroleopoldo.mg.gov.br\/wp-content\/uploads\/2024\/07\/ATA-ASSINADA-REUNIAO-363.pdf\" class=\"pdfemb-viewer\" style=\"\" data-width=\"max\" data-height=\"max\" data-toolbar=\"both\" data-toolbar-fixed=\"on\">ATA-ASSINADA-REUNIAO-363<\/a>\n<p class=\"wp-block-pdfemb-pdf-embedder-viewer\"><\/p>\n\n\n<a href=\"https:\/\/pedroleopoldo.mg.gov.br\/wp-content\/uploads\/2024\/07\/Ata-364-reuniao-assinada-Conselho-Muncipal-de-Saude.odt.pdf\" class=\"pdfemb-viewer\" style=\"\" data-width=\"max\" data-height=\"max\" data-toolbar=\"both\" data-toolbar-fixed=\"on\">Ata-364-reuniao-assinada-Conselho-Muncipal-de-Saude.odt<\/a>\n<p class=\"wp-block-pdfemb-pdf-embedder-viewer\"><\/p>\n\n\n<a href=\"https:\/\/pedroleopoldo.mg.gov.br\/wp-content\/uploads\/2023\/07\/Ata-357-reuni\u00e3o-CMS.pdf\" class=\"pdfemb-viewer\" style=\"\" data-width=\"max\" data-height=\"max\" data-toolbar=\"both\" data-toolbar-fixed=\"on\">Ata-357-reuni\u00e3o-CMS<\/a>\n<p class=\"wp-block-pdfemb-pdf-embedder-viewer\"><\/p>\n\n\n<a href=\"https:\/\/pedroleopoldo.mg.gov.br\/wp-content\/uploads\/2023\/05\/ATA-355.pdf\" class=\"pdfemb-viewer\" style=\"\" data-width=\"max\" data-height=\"max\" data-toolbar=\"both\" data-toolbar-fixed=\"on\">ATA-355<\/a>\n<p class=\"wp-block-pdfemb-pdf-embedder-viewer\"><\/p>\n\n\n<a href=\"https:\/\/pedroleopoldo.mg.gov.br\/wp-content\/uploads\/2023\/05\/ATA-356-reuni\u00e3o.pdf\" class=\"pdfemb-viewer\" style=\"\" data-width=\"max\" data-height=\"max\" data-toolbar=\"both\" data-toolbar-fixed=\"on\">ATA-356-reuni\u00e3o<\/a>\n<p class=\"wp-block-pdfemb-pdf-embedder-viewer\"><\/p>\n\n\n<a href=\"https:\/\/pedroleopoldo.mg.gov.br\/wp-content\/uploads\/2023\/05\/Reuni\u00e3o-357.pdf\" class=\"pdfemb-viewer\" style=\"\" data-width=\"max\" data-height=\"max\" data-toolbar=\"both\" data-toolbar-fixed=\"on\">Reuni\u00e3o-357<\/a>\n<p class=\"wp-block-pdfemb-pdf-embedder-viewer\"><\/p>\n\n\n<a href=\"https:\/\/pedroleopoldo.mg.gov.br\/wp-content\/uploads\/2023\/05\/Lista-de-presen\u00e7a-357-reuni\u00e3o.pdf\" class=\"pdfemb-viewer\" style=\"\" data-width=\"max\" data-height=\"max\" data-toolbar=\"both\" data-toolbar-fixed=\"on\">Lista-de-presen\u00e7a-357-reuni\u00e3o<\/a>\n<p class=\"wp-block-pdfemb-pdf-embedder-viewer\"><\/p>\n\n\n<a href=\"https:\/\/pedroleopoldo.mg.gov.br\/wp-content\/uploads\/2023\/01\/COMPOSI\u00c7\u00c3O-2022-2023.pdf\" class=\"pdfemb-viewer\" style=\"\" data-width=\"max\" data-height=\"max\" data-toolbar=\"both\" data-toolbar-fixed=\"on\">COMPOSI\u00c7\u00c3O-2022-2023<\/a>\n<p class=\"wp-block-pdfemb-pdf-embedder-viewer\"><\/p>\n\n\n<a href=\"https:\/\/pedroleopoldo.mg.gov.br\/wp-content\/uploads\/2023\/01\/ATA-351-Maio.pdf\" class=\"pdfemb-viewer\" style=\"\" data-width=\"max\" data-height=\"max\" data-toolbar=\"both\" data-toolbar-fixed=\"on\">ATA-351-Maio<\/a>\n<p class=\"wp-block-pdfemb-pdf-embedder-viewer\"><\/p>\n\n\n<a href=\"https:\/\/pedroleopoldo.mg.gov.br\/wp-content\/uploads\/2023\/01\/ATA-352-Julho.pdf\" class=\"pdfemb-viewer\" style=\"\" data-width=\"max\" data-height=\"max\" data-toolbar=\"both\" data-toolbar-fixed=\"on\">ATA-352-Julho<\/a>\n<p class=\"wp-block-pdfemb-pdf-embedder-viewer\"><\/p>\n\n\n<a href=\"https:\/\/pedroleopoldo.mg.gov.br\/wp-content\/uploads\/2023\/01\/ATA-353-Setembro.pdf\" class=\"pdfemb-viewer\" style=\"\" data-width=\"max\" data-height=\"max\" data-toolbar=\"both\" data-toolbar-fixed=\"on\">ATA-353-Setembro<\/a>\n<p class=\"wp-block-pdfemb-pdf-embedder-viewer\"><\/p>\n\n\n<a href=\"https:\/\/pedroleopoldo.mg.gov.br\/wp-content\/uploads\/2023\/01\/ATA-354-Novembro.pdf\" class=\"pdfemb-viewer\" style=\"\" data-width=\"max\" data-height=\"max\" data-toolbar=\"both\" data-toolbar-fixed=\"on\">ATA-354-Novembro<\/a>\n<p class=\"wp-block-pdfemb-pdf-embedder-viewer\"><\/p>\n\n\n\n<h4 class=\"wp-block-heading\">Lei n\u00b0 3.639 &#8211; Secretaria Municipal de Sa\u00fade (dispon\u00edvel para download)<\/h4>\n\n\n\n<div class=\"wp-block-file\"><a id=\"wp-block-file--media-3c41901c-39b9-4214-8a66-0acd554ed269\" href=\"http:\/\/pedroleopoldo.mg.gov.br\/wp-content\/uploads\/2022\/02\/LEI_ORDINARIA_3639.pdf\">LEI_ORDINARIA_3639<\/a><a href=\"http:\/\/pedroleopoldo.mg.gov.br\/wp-content\/uploads\/2022\/02\/LEI_ORDINARIA_3639.pdf\" class=\"wp-block-file__button wp-element-button\" download aria-describedby=\"wp-block-file--media-3c41901c-39b9-4214-8a66-0acd554ed269\">Baixar<\/a><\/div>\n\n\n\n<h4 class=\"wp-block-heading\"><strong>Inscri\u00e7\u00f5es Deferidas <\/strong><\/h4>\n\n\n<a href=\"https:\/\/pedroleopoldo.mg.gov.br\/wp-content\/uploads\/2022\/02\/Deferimento-das-Inscri\u00e7\u00f5es.pdf\" class=\"pdfemb-viewer\" style=\"\" data-width=\"max\" data-height=\"max\" data-toolbar=\"both\" data-toolbar-fixed=\"on\">Deferimento-das-Inscri\u00e7\u00f5es<\/a>\n<p class=\"wp-block-pdfemb-pdf-embedder-viewer\"><\/p>\n\n\n\n<h4 class=\"wp-block-heading\">Entidades inscritas &#8211; Elei\u00e7\u00e3o do Conselho <\/h4>\n\n\n<a href=\"https:\/\/pedroleopoldo.mg.gov.br\/wp-content\/uploads\/2022\/02\/Publica\u00e7\u00e3o-de-inscritos-do-CMS.pdf\" class=\"pdfemb-viewer\" style=\"\" data-width=\"max\" data-height=\"max\" data-toolbar=\"both\" data-toolbar-fixed=\"on\">Publica\u00e7\u00e3o-de-inscritos-do-CMS<\/a>\n<p class=\"wp-block-pdfemb-pdf-embedder-viewer\"><\/p>\n\n\n\n<p><strong>Altera\u00e7\u00e3o Prazo Elei\u00e7\u00e3o Conselho Municipal de Sa\u00fade<\/strong><\/p>\n\n\n<a href=\"https:\/\/pedroleopoldo.mg.gov.br\/wp-content\/uploads\/2022\/01\/Altera\u00e7\u00e3o-cronograma-Elei\u00e7\u00e3o-Conselho-Sa\u00fade.pdf\" class=\"pdfemb-viewer\" style=\"\" data-width=\"max\" data-height=\"max\" data-toolbar=\"both\" data-toolbar-fixed=\"on\">Altera\u00e7\u00e3o-cronograma-Elei\u00e7\u00e3o-Conselho-Sa\u00fade<\/a>\n<p class=\"wp-block-pdfemb-pdf-embedder-viewer\"><\/p>\n\n\n\n<p><strong>Edital de Elei\u00e7\u00e3o do Conselho Municipal de Sa\u00fade<\/strong><\/p>\n\n\n\n<p>Aten\u00e7\u00e3o! Na \u00faltima p\u00e1gina deste edital voc\u00ea encontra a ficha de inscri\u00e7\u00e3o para a elei\u00e7\u00e3o que est\u00e1 dispon\u00edvel para download.<\/p>\n\n\n\n<div class=\"wp-block-file\"><a id=\"wp-block-file--media-ee4f0348-cadc-4c56-ac20-b2323b26181b\" href=\"http:\/\/pedroleopoldo.mg.gov.br\/wp-content\/uploads\/2021\/12\/EDITAL-DE-ELEI\u00c7\u00c3O-DE-ENTIDADES-2021-.pdf\">EDITAL-DE-ELEI\u00c7\u00c3O-DE-ENTIDADES-2021-<\/a><a href=\"http:\/\/pedroleopoldo.mg.gov.br\/wp-content\/uploads\/2021\/12\/EDITAL-DE-ELEI\u00c7\u00c3O-DE-ENTIDADES-2021-.pdf\" class=\"wp-block-file__button wp-element-button\" download aria-describedby=\"wp-block-file--media-ee4f0348-cadc-4c56-ac20-b2323b26181b\">Baixar<\/a><\/div>\n\n\n\n<p>REGIMENTO INTERNO CMS<\/p>\n\n\n<a href=\"https:\/\/pedroleopoldo.mg.gov.br\/wp-content\/uploads\/2019\/09\/REGIMENTO-INTERNO-DO-CONSELHO-MUNICIPAL-DE-SA\u00daDEDE-PEDRO-LEOPOLDO-APROVADA.pdf\" class=\"pdfemb-viewer\" style=\"\" data-width=\"max\" data-height=\"max\" data-toolbar=\"both\" data-toolbar-fixed=\"on\">REGIMENTO-INTERNO-DO-CONSELHO-MUNICIPAL-DE-SA\u00daDEDE-PEDRO-LEOPOLDO-APROVADA<\/a>\n<p class=\"wp-block-pdfemb-pdf-embedder-viewer\"><\/p>\n\n\n<a href=\"https:\/\/pedroleopoldo.mg.gov.br\/wp-content\/uploads\/2019\/09\/Lei-3.503.pdf\" class=\"pdfemb-viewer\" style=\"\" data-width=\"max\" data-height=\"max\" data-toolbar=\"both\" data-toolbar-fixed=\"on\">Lei-3.503<\/a>\n<p class=\"wp-block-pdfemb-pdf-embedder-viewer\"><\/p>\n\n\n<div class=\"ead-preview\"><div class=\"ead-document\" style=\"position: relative;padding-top: 90%;\"><div class=\"ead-iframe-wrapper\"><iframe src=\"\/\/docs.google.com\/viewer?url=http%3A%2F%2Fpedroleopoldo.mg.gov.br%2Fwp-content%2Fuploads%2F2018%2F11%2FEDITAL-DE-ELEI%C3%87%C3%83O-DE-ENTIDADES-V2-2.pdf&amp;embedded=true&amp;hl=en\" title=\"Embedded Document\" class=\"ead-iframe\" style=\"width: 100%;height: 100%;border: none;position: absolute;left: 0;top: 0;visibility: hidden;\"><\/iframe><\/div>\t\t\t<div class=\"ead-document-loading\" style=\"width:100%;height:100%;position:absolute;left:0;top:0;z-index:10;\">\n\t\t\t\t<div class=\"ead-loading-wrap\">\n\t\t\t\t\t<div class=\"ead-loading-main\">\n\t\t\t\t\t\t<div class=\"ead-loading\">\n\t\t\t\t\t\t\t<img src=\"https:\/\/arquivo.pedroleopoldo.mg.gov.br\/wp-content\/plugins\/embed-any-document\/images\/loading.svg\" width=\"55\" height=\"55\" alt=\"Loader\">\n\t\t\t\t\t\t\t<span>Loading...<\/span>\n\t\t\t\t\t\t<\/div>\n\t\t\t\t\t<\/div>\n\t\t\t\t\t<div class=\"ead-loading-foot\">\n\t\t\t\t\t\t<div class=\"ead-loading-foot-title\">\n\t\t\t\t\t\t\t<img src=\"https:\/\/arquivo.pedroleopoldo.mg.gov.br\/wp-content\/plugins\/embed-any-document\/images\/EAD-logo.svg\" alt=\"EAD Logo\" width=\"36\" height=\"23\"\/>\n\t\t\t\t\t\t\t<span>Taking too long?<\/span>\n\t\t\t\t\t\t<\/div>\n\t\t\t\t\t\t<p>\n\t\t\t\t\t\t\t<div class=\"ead-document-btn ead-reload-btn\" role=\"button\">\n\t\t\t\t\t\t\t\t<img src=\"https:\/\/arquivo.pedroleopoldo.mg.gov.br\/wp-content\/plugins\/embed-any-document\/images\/reload.svg\" alt=\"Reload\" width=\"12\" height=\"12\"\/> Reload document\t\t\t\t\t\t\t<\/div>\n\t\t\t\t\t\t\t<span>|<\/span>\n\t\t\t\t\t\t\t<a href=\"http:\/\/pedroleopoldo.mg.gov.br\/wp-content\/uploads\/2018\/11\/EDITAL-DE-ELEI\u00c7\u00c3O-DE-ENTIDADES-V2-2.pdf\" class=\"ead-document-btn\" target=\"_blank\">\n\t\t\t\t\t\t\t\t<img src=\"https:\/\/arquivo.pedroleopoldo.mg.gov.br\/wp-content\/plugins\/embed-any-document\/images\/open.svg\" alt=\"Open\" width=\"12\" height=\"12\"\/> Open in new tab\t\t\t\t\t\t\t<\/a>\n\t\t\t\t\t<\/div>\n\t\t\t\t<\/div>\n\t\t\t<\/div>\n\t\t<\/div><p class=\"embed_download\"><a href=\"http:\/\/pedroleopoldo.mg.gov.br\/wp-content\/uploads\/2018\/11\/EDITAL-DE-ELEI\u00c7\u00c3O-DE-ENTIDADES-V2-2.pdf\" download>Download [795.00 B] <\/a><\/p><\/div>\n<div class=\"ead-preview\"><div class=\"ead-document\" style=\"position: relative;padding-top: 90%;\"><div class=\"ead-iframe-wrapper\"><iframe src=\"\/\/docs.google.com\/viewer?url=http%3A%2F%2Fpedroleopoldo.mg.gov.br%2Fwp-content%2Fuploads%2F2018%2F10%2FREQUERIMENTO-DE-INSCRI%C3%87%C3%83O.pdf&amp;embedded=true&amp;hl=en\" title=\"Embedded Document\" class=\"ead-iframe\" style=\"width: 100%;height: 100%;border: none;position: absolute;left: 0;top: 0;visibility: hidden;\"><\/iframe><\/div>\t\t\t<div class=\"ead-document-loading\" style=\"width:100%;height:100%;position:absolute;left:0;top:0;z-index:10;\">\n\t\t\t\t<div class=\"ead-loading-wrap\">\n\t\t\t\t\t<div class=\"ead-loading-main\">\n\t\t\t\t\t\t<div class=\"ead-loading\">\n\t\t\t\t\t\t\t<img src=\"https:\/\/arquivo.pedroleopoldo.mg.gov.br\/wp-content\/plugins\/embed-any-document\/images\/loading.svg\" width=\"55\" height=\"55\" alt=\"Loader\">\n\t\t\t\t\t\t\t<span>Loading...<\/span>\n\t\t\t\t\t\t<\/div>\n\t\t\t\t\t<\/div>\n\t\t\t\t\t<div class=\"ead-loading-foot\">\n\t\t\t\t\t\t<div class=\"ead-loading-foot-title\">\n\t\t\t\t\t\t\t<img src=\"https:\/\/arquivo.pedroleopoldo.mg.gov.br\/wp-content\/plugins\/embed-any-document\/images\/EAD-logo.svg\" alt=\"EAD Logo\" width=\"36\" height=\"23\"\/>\n\t\t\t\t\t\t\t<span>Taking too long?<\/span>\n\t\t\t\t\t\t<\/div>\n\t\t\t\t\t\t<p>\n\t\t\t\t\t\t\t<div class=\"ead-document-btn ead-reload-btn\" role=\"button\">\n\t\t\t\t\t\t\t\t<img src=\"https:\/\/arquivo.pedroleopoldo.mg.gov.br\/wp-content\/plugins\/embed-any-document\/images\/reload.svg\" alt=\"Reload\" width=\"12\" height=\"12\"\/> Reload document\t\t\t\t\t\t\t<\/div>\n\t\t\t\t\t\t\t<span>|<\/span>\n\t\t\t\t\t\t\t<a href=\"http:\/\/pedroleopoldo.mg.gov.br\/wp-content\/uploads\/2018\/10\/REQUERIMENTO-DE-INSCRI\u00c7\u00c3O.pdf\" class=\"ead-document-btn\" target=\"_blank\">\n\t\t\t\t\t\t\t\t<img src=\"https:\/\/arquivo.pedroleopoldo.mg.gov.br\/wp-content\/plugins\/embed-any-document\/images\/open.svg\" alt=\"Open\" width=\"12\" height=\"12\"\/> Open in new tab\t\t\t\t\t\t\t<\/a>\n\t\t\t\t\t<\/div>\n\t\t\t\t<\/div>\n\t\t\t<\/div>\n\t\t<\/div><p class=\"embed_download\"><a href=\"http:\/\/pedroleopoldo.mg.gov.br\/wp-content\/uploads\/2018\/10\/REQUERIMENTO-DE-INSCRI\u00c7\u00c3O.pdf\" download>Download [795.00 B] <\/a><\/p><\/div>\n<div class=\"ead-preview\"><div class=\"ead-document\" style=\"position: relative;padding-top: 90%;\"><div class=\"ead-iframe-wrapper\"><iframe src=\"\/\/docs.google.com\/viewer?url=http%3A%2F%2Fpedroleopoldo.mg.gov.br%2Fwp-content%2Fuploads%2F2018%2F11%2FRela%C3%A7%C3%A3o-de-Inscritos-CMS.pdf&amp;embedded=true&amp;hl=en\" title=\"Embedded Document\" class=\"ead-iframe\" style=\"width: 100%;height: 100%;border: none;position: absolute;left: 0;top: 0;visibility: hidden;\"><\/iframe><\/div>\t\t\t<div class=\"ead-document-loading\" style=\"width:100%;height:100%;position:absolute;left:0;top:0;z-index:10;\">\n\t\t\t\t<div class=\"ead-loading-wrap\">\n\t\t\t\t\t<div class=\"ead-loading-main\">\n\t\t\t\t\t\t<div class=\"ead-loading\">\n\t\t\t\t\t\t\t<img src=\"https:\/\/arquivo.pedroleopoldo.mg.gov.br\/wp-content\/plugins\/embed-any-document\/images\/loading.svg\" width=\"55\" height=\"55\" alt=\"Loader\">\n\t\t\t\t\t\t\t<span>Loading...<\/span>\n\t\t\t\t\t\t<\/div>\n\t\t\t\t\t<\/div>\n\t\t\t\t\t<div class=\"ead-loading-foot\">\n\t\t\t\t\t\t<div class=\"ead-loading-foot-title\">\n\t\t\t\t\t\t\t<img src=\"https:\/\/arquivo.pedroleopoldo.mg.gov.br\/wp-content\/plugins\/embed-any-document\/images\/EAD-logo.svg\" alt=\"EAD Logo\" width=\"36\" height=\"23\"\/>\n\t\t\t\t\t\t\t<span>Taking too long?<\/span>\n\t\t\t\t\t\t<\/div>\n\t\t\t\t\t\t<p>\n\t\t\t\t\t\t\t<div class=\"ead-document-btn ead-reload-btn\" role=\"button\">\n\t\t\t\t\t\t\t\t<img src=\"https:\/\/arquivo.pedroleopoldo.mg.gov.br\/wp-content\/plugins\/embed-any-document\/images\/reload.svg\" alt=\"Reload\" width=\"12\" height=\"12\"\/> Reload document\t\t\t\t\t\t\t<\/div>\n\t\t\t\t\t\t\t<span>|<\/span>\n\t\t\t\t\t\t\t<a href=\"http:\/\/pedroleopoldo.mg.gov.br\/wp-content\/uploads\/2018\/11\/Rela\u00e7\u00e3o-de-Inscritos-CMS.pdf\" class=\"ead-document-btn\" target=\"_blank\">\n\t\t\t\t\t\t\t\t<img src=\"https:\/\/arquivo.pedroleopoldo.mg.gov.br\/wp-content\/plugins\/embed-any-document\/images\/open.svg\" alt=\"Open\" width=\"12\" height=\"12\"\/> Open in new tab\t\t\t\t\t\t\t<\/a>\n\t\t\t\t\t<\/div>\n\t\t\t\t<\/div>\n\t\t\t<\/div>\n\t\t<\/div><p class=\"embed_download\"><a href=\"http:\/\/pedroleopoldo.mg.gov.br\/wp-content\/uploads\/2018\/11\/Rela\u00e7\u00e3o-de-Inscritos-CMS.pdf\" download>Download [795.00 B] <\/a><\/p><\/div>\n\n\n<p><strong>Atas do Conselho Municipal de Sa\u00fade<\/strong><\/p>\n\n\n<a href=\"https:\/\/pedroleopoldo.mg.gov.br\/wp-content\/uploads\/2021\/10\/342.pdf\" class=\"pdfemb-viewer\" style=\"\" data-width=\"max\" data-height=\"max\" data-toolbar=\"both\" data-toolbar-fixed=\"on\">342<\/a>\n<p class=\"wp-block-pdfemb-pdf-embedder-viewer\"><\/p>\n\n\n<a href=\"https:\/\/pedroleopoldo.mg.gov.br\/wp-content\/uploads\/2021\/10\/343.pdf\" class=\"pdfemb-viewer\" style=\"\" data-width=\"max\" data-height=\"max\" data-toolbar=\"both\" data-toolbar-fixed=\"on\">343<\/a>\n<p class=\"wp-block-pdfemb-pdf-embedder-viewer\"><\/p>\n\n\n<a href=\"https:\/\/pedroleopoldo.mg.gov.br\/wp-content\/uploads\/2021\/10\/344.pdf\" class=\"pdfemb-viewer\" style=\"\" data-width=\"max\" data-height=\"max\" data-toolbar=\"both\" data-toolbar-fixed=\"on\">344<\/a>\n<p class=\"wp-block-pdfemb-pdf-embedder-viewer\"><\/p>\n\n\n<a href=\"https:\/\/pedroleopoldo.mg.gov.br\/wp-content\/uploads\/2021\/10\/345.pdf\" class=\"pdfemb-viewer\" style=\"\" data-width=\"max\" data-height=\"max\" data-toolbar=\"both\" data-toolbar-fixed=\"on\">345<\/a>\n<p class=\"wp-block-pdfemb-pdf-embedder-viewer\"><\/p>\n\n\n<a href=\"https:\/\/pedroleopoldo.mg.gov.br\/wp-content\/uploads\/2021\/10\/346.pdf\" class=\"pdfemb-viewer\" style=\"\" data-width=\"max\" data-height=\"max\" data-toolbar=\"both\" data-toolbar-fixed=\"on\">346<\/a>\n<p class=\"wp-block-pdfemb-pdf-embedder-viewer\"><\/p>\n\n\n\n<p><\/p>\n","protected":false},"excerpt":{"rendered":"<p>Confer\u00eancias ATAS Lei n\u00b0 3.639 &#8211; Secretaria Municipal de Sa\u00fade (dispon\u00edvel para download) Inscri\u00e7\u00f5es Deferidas Entidades inscritas &#8211; Elei\u00e7\u00e3o do Conselho Altera\u00e7\u00e3o Prazo Elei\u00e7\u00e3o Conselho Municipal de Sa\u00fade Edital de Elei\u00e7\u00e3o do Conselho Municipal de Sa\u00fade Aten\u00e7\u00e3o! Na \u00faltima p\u00e1gina deste edital voc\u00ea encontra a ficha de inscri\u00e7\u00e3o para a elei\u00e7\u00e3o que est\u00e1 dispon\u00edvel para &hellip; <a href=\"https:\/\/arquivo.pedroleopoldo.mg.gov.br\/?page_id=2135\" class=\"more-link\">Continuar lendo <span class=\"screen-reader-text\">Conselho Municipal de Sa\u00fade<\/span><\/a><\/p>\n","protected":false},"author":1,"featured_media":0,"parent":0,"menu_order":0,"comment_status":"closed","ping_status":"closed","template":"","meta":{"footnotes":""},"_links":{"self":[{"href":"https:\/\/arquivo.pedroleopoldo.mg.gov.br\/index.php?rest_route=\/wp\/v2\/pages\/2135"}],"collection":[{"href":"https:\/\/arquivo.pedroleopoldo.mg.gov.br\/index.php?rest_route=\/wp\/v2\/pages"}],"about":[{"href":"https:\/\/arquivo.pedroleopoldo.mg.gov.br\/index.php?rest_route=\/wp\/v2\/types\/page"}],"author":[{"embeddable":true,"href":"https:\/\/arquivo.pedroleopoldo.mg.gov.br\/index.php?rest_route=\/wp\/v2\/users\/1"}],"replies":[{"embeddable":true,"href":"https:\/\/arquivo.pedroleopoldo.mg.gov.br\/index.php?rest_route=%2Fwp%2Fv2%2Fcomments&post=2135"}],"version-history":[{"count":0,"href":"https:\/\/arquivo.pedroleopoldo.mg.gov.br\/index.php?rest_route=\/wp\/v2\/pages\/2135\/revisions"}],"wp:attachment":[{"href":"https:\/\/arquivo.pedroleopoldo.mg.gov.br\/index.php?rest_route=%2Fwp%2Fv2%2Fmedia&parent=2135"}],"curies":[{"name":"wp","href":"https:\/\/api.w.org\/{rel}","templated":true}]}}