{"id":2127,"date":"2018-03-12T16:47:46","date_gmt":"2018-03-12T19:47:46","guid":{"rendered":"http:\/\/pedroleopoldo.mg.gov.br\/?page_id=2127"},"modified":"2026-03-23T16:59:44","modified_gmt":"2026-03-23T19:59:44","slug":"protocolos","status":"publish","type":"page","link":"https:\/\/arquivo.pedroleopoldo.mg.gov.br\/?page_id=2127","title":{"rendered":"Secretaria Municipal de Sa\u00fade"},"content":{"rendered":"\n<h2 class=\"wp-block-heading\">Casa do Autista &#8211; Projeto e Fluxos <\/h2>\n\n\n<div class=\"ead-preview\"><div class=\"ead-document\" style=\"position: relative;padding-top: 90%\"><div class=\"ead-iframe-wrapper\"><iframe src=\"\/\/docs.google.com\/viewer?url=https%3A%2F%2Farquivo.pedroleopoldo.mg.gov.br%2Fwp-content%2Fuploads%2F2025%2F09%2FProjeto-Casa-do-Autista-Bernardo-Neto-Becker-1.pdf&amp;embedded=true&amp;hl=en\" title=\"Embedded Document\" class=\"ead-iframe\" style=\"width: 100%;height: 100%;border: none;position: absolute;left: 0;top: 0;visibility: hidden;\"><\/iframe><\/div>\t\t\t<div class=\"ead-document-loading\" style=\"width:100%;height:100%;position:absolute;left:0;top:0;z-index:10\">\n\t\t\t\t<div class=\"ead-loading-wrap\">\n\t\t\t\t\t<div class=\"ead-loading-main\">\n\t\t\t\t\t\t<div class=\"ead-loading\">\n\t\t\t\t\t\t\t<img decoding=\"async\" loading=\"lazy\" src=\"https:\/\/arquivo.pedroleopoldo.mg.gov.br\/wp-content\/plugins\/embed-any-document\/images\/loading.svg\" width=\"55\" height=\"55\" alt=\"Loader\">\n\t\t\t\t\t\t\t<span>Loading&#8230;<\/span>\n\t\t\t\t\t\t<\/div>\n\t\t\t\t\t<\/div>\n\t\t\t\t\t<div class=\"ead-loading-foot\">\n\t\t\t\t\t\t<div class=\"ead-loading-foot-title\">\n\t\t\t\t\t\t\t<img decoding=\"async\" loading=\"lazy\" src=\"https:\/\/arquivo.pedroleopoldo.mg.gov.br\/wp-content\/plugins\/embed-any-document\/images\/EAD-logo.svg\" alt=\"EAD Logo\" width=\"36\" height=\"23\"\/>\n\t\t\t\t\t\t\t<span>Taking too long?<\/span>\n\t\t\t\t\t\t<\/div>\n\t\t\t\t\t\t<p>\n\t\t\t\t\t\t\t<div class=\"ead-document-btn ead-reload-btn\" role=\"button\">\n\t\t\t\t\t\t\t\t<img decoding=\"async\" loading=\"lazy\" src=\"https:\/\/arquivo.pedroleopoldo.mg.gov.br\/wp-content\/plugins\/embed-any-document\/images\/reload.svg\" alt=\"Reload\" width=\"12\" height=\"12\"\/> Reload document\t\t\t\t\t\t\t<\/div>\n\t\t\t\t\t\t\t<span>|<\/span>\n\t\t\t\t\t\t\t<a href=\"https:\/\/arquivo.pedroleopoldo.mg.gov.br\/wp-content\/uploads\/2025\/09\/Projeto-Casa-do-Autista-Bernardo-Neto-Becker-1.pdf\" class=\"ead-document-btn\" target=\"_blank\">\n\t\t\t\t\t\t\t\t<img decoding=\"async\" loading=\"lazy\" src=\"https:\/\/arquivo.pedroleopoldo.mg.gov.br\/wp-content\/plugins\/embed-any-document\/images\/open.svg\" alt=\"Open\" width=\"12\" height=\"12\"\/> Open in new tab\t\t\t\t\t\t\t<\/a>\n\t\t\t\t\t<\/div>\n\t\t\t\t<\/div>\n\t\t\t<\/div>\n\t\t<\/div><p class=\"embed_download\"><a href=\"https:\/\/arquivo.pedroleopoldo.mg.gov.br\/wp-content\/uploads\/2025\/09\/Projeto-Casa-do-Autista-Bernardo-Neto-Becker-1.pdf\" download>Download [0.00 B] <\/a><\/p><\/div>\n\n<div class=\"ead-preview\"><div class=\"ead-document\" style=\"position: relative;padding-top: 90%\"><div class=\"ead-iframe-wrapper\"><iframe src=\"\/\/docs.google.com\/viewer?url=https%3A%2F%2Farquivo.pedroleopoldo.mg.gov.br%2Fwp-content%2Fuploads%2F2025%2F09%2FFluxos-regulatorios-e-Procedimentos-Operacionais-Padronizados-JRRCPCD-1.pdf&amp;embedded=true&amp;hl=en\" title=\"Embedded Document\" class=\"ead-iframe\" style=\"width: 100%;height: 100%;border: none;position: absolute;left: 0;top: 0;visibility: hidden;\"><\/iframe><\/div>\t\t\t<div class=\"ead-document-loading\" style=\"width:100%;height:100%;position:absolute;left:0;top:0;z-index:10\">\n\t\t\t\t<div class=\"ead-loading-wrap\">\n\t\t\t\t\t<div class=\"ead-loading-main\">\n\t\t\t\t\t\t<div class=\"ead-loading\">\n\t\t\t\t\t\t\t<img decoding=\"async\" loading=\"lazy\" src=\"https:\/\/arquivo.pedroleopoldo.mg.gov.br\/wp-content\/plugins\/embed-any-document\/images\/loading.svg\" width=\"55\" height=\"55\" alt=\"Loader\">\n\t\t\t\t\t\t\t<span>Loading&#8230;<\/span>\n\t\t\t\t\t\t<\/div>\n\t\t\t\t\t<\/div>\n\t\t\t\t\t<div class=\"ead-loading-foot\">\n\t\t\t\t\t\t<div class=\"ead-loading-foot-title\">\n\t\t\t\t\t\t\t<img decoding=\"async\" loading=\"lazy\" src=\"https:\/\/arquivo.pedroleopoldo.mg.gov.br\/wp-content\/plugins\/embed-any-document\/images\/EAD-logo.svg\" alt=\"EAD Logo\" width=\"36\" height=\"23\"\/>\n\t\t\t\t\t\t\t<span>Taking too long?<\/span>\n\t\t\t\t\t\t<\/div>\n\t\t\t\t\t\t<p>\n\t\t\t\t\t\t\t<div class=\"ead-document-btn ead-reload-btn\" role=\"button\">\n\t\t\t\t\t\t\t\t<img decoding=\"async\" loading=\"lazy\" src=\"https:\/\/arquivo.pedroleopoldo.mg.gov.br\/wp-content\/plugins\/embed-any-document\/images\/reload.svg\" alt=\"Reload\" width=\"12\" height=\"12\"\/> Reload document\t\t\t\t\t\t\t<\/div>\n\t\t\t\t\t\t\t<span>|<\/span>\n\t\t\t\t\t\t\t<a href=\"https:\/\/arquivo.pedroleopoldo.mg.gov.br\/wp-content\/uploads\/2025\/09\/Fluxos-regulatorios-e-Procedimentos-Operacionais-Padronizados-JRRCPCD-1.pdf\" class=\"ead-document-btn\" target=\"_blank\">\n\t\t\t\t\t\t\t\t<img decoding=\"async\" loading=\"lazy\" src=\"https:\/\/arquivo.pedroleopoldo.mg.gov.br\/wp-content\/plugins\/embed-any-document\/images\/open.svg\" alt=\"Open\" width=\"12\" height=\"12\"\/> Open in new tab\t\t\t\t\t\t\t<\/a>\n\t\t\t\t\t<\/div>\n\t\t\t\t<\/div>\n\t\t\t<\/div>\n\t\t<\/div><p class=\"embed_download\"><a href=\"https:\/\/arquivo.pedroleopoldo.mg.gov.br\/wp-content\/uploads\/2025\/09\/Fluxos-regulatorios-e-Procedimentos-Operacionais-Padronizados-JRRCPCD-1.pdf\" download>Download [420.03 KB] <\/a><\/p><\/div>\n\n\n<h2 class=\"wp-block-heading\">Portaria Interna da Secretaria Municipal de Sa\u00fade<\/h2>\n\n\n<div class=\"ead-preview\"><div class=\"ead-document\" style=\"position: relative;padding-top: 90%\"><div class=\"ead-iframe-wrapper\"><iframe src=\"\/\/docs.google.com\/viewer?url=https%3A%2F%2Farquivo.pedroleopoldo.mg.gov.br%2Fwp-content%2Fuploads%2F2025%2F09%2FPORTARIA-gtim-2025-ASSINADA.pdf&amp;embedded=true&amp;hl=en\" title=\"Embedded Document\" class=\"ead-iframe\" style=\"width: 100%;height: 100%;border: none;position: absolute;left: 0;top: 0;visibility: hidden;\"><\/iframe><\/div>\t\t\t<div class=\"ead-document-loading\" style=\"width:100%;height:100%;position:absolute;left:0;top:0;z-index:10\">\n\t\t\t\t<div class=\"ead-loading-wrap\">\n\t\t\t\t\t<div class=\"ead-loading-main\">\n\t\t\t\t\t\t<div class=\"ead-loading\">\n\t\t\t\t\t\t\t<img decoding=\"async\" loading=\"lazy\" src=\"https:\/\/arquivo.pedroleopoldo.mg.gov.br\/wp-content\/plugins\/embed-any-document\/images\/loading.svg\" width=\"55\" height=\"55\" alt=\"Loader\">\n\t\t\t\t\t\t\t<span>Loading&#8230;<\/span>\n\t\t\t\t\t\t<\/div>\n\t\t\t\t\t<\/div>\n\t\t\t\t\t<div class=\"ead-loading-foot\">\n\t\t\t\t\t\t<div class=\"ead-loading-foot-title\">\n\t\t\t\t\t\t\t<img decoding=\"async\" loading=\"lazy\" src=\"https:\/\/arquivo.pedroleopoldo.mg.gov.br\/wp-content\/plugins\/embed-any-document\/images\/EAD-logo.svg\" alt=\"EAD Logo\" width=\"36\" height=\"23\"\/>\n\t\t\t\t\t\t\t<span>Taking too long?<\/span>\n\t\t\t\t\t\t<\/div>\n\t\t\t\t\t\t<p>\n\t\t\t\t\t\t\t<div class=\"ead-document-btn ead-reload-btn\" role=\"button\">\n\t\t\t\t\t\t\t\t<img decoding=\"async\" loading=\"lazy\" src=\"https:\/\/arquivo.pedroleopoldo.mg.gov.br\/wp-content\/plugins\/embed-any-document\/images\/reload.svg\" alt=\"Reload\" width=\"12\" height=\"12\"\/> Reload document\t\t\t\t\t\t\t<\/div>\n\t\t\t\t\t\t\t<span>|<\/span>\n\t\t\t\t\t\t\t<a href=\"https:\/\/arquivo.pedroleopoldo.mg.gov.br\/wp-content\/uploads\/2025\/09\/PORTARIA-gtim-2025-ASSINADA.pdf\" class=\"ead-document-btn\" target=\"_blank\">\n\t\t\t\t\t\t\t\t<img decoding=\"async\" loading=\"lazy\" src=\"https:\/\/arquivo.pedroleopoldo.mg.gov.br\/wp-content\/plugins\/embed-any-document\/images\/open.svg\" alt=\"Open\" width=\"12\" height=\"12\"\/> Open in new tab\t\t\t\t\t\t\t<\/a>\n\t\t\t\t\t<\/div>\n\t\t\t\t<\/div>\n\t\t\t<\/div>\n\t\t<\/div><p class=\"embed_download\"><a href=\"https:\/\/arquivo.pedroleopoldo.mg.gov.br\/wp-content\/uploads\/2025\/09\/PORTARIA-gtim-2025-ASSINADA.pdf\" download>Download [387.93 KB] <\/a><\/p><\/div>\n\n\n<h2 class=\"wp-block-heading\">Portaria Interna da Secretaria Municipal de Sa\u00fade <\/h2>\n\n\n<a href=\"https:\/\/arquivo.pedroleopoldo.mg.gov.br\/wp-content\/uploads\/2025\/06\/PORTARIA-INTERNA-SMS-No-001-de-2025.pdf\" class=\"pdfemb-viewer\" style=\"\" data-width=\"max\" data-height=\"max\" data-toolbar=\"both\" data-toolbar-fixed=\"on\">PORTARIA-INTERNA-SMS-No-001-de-2025<\/a>\n\n\n<h3 class=\"wp-block-heading\">PLANO MUNICIPAL DE SA\u00daDE<\/h3>\n\n\n<a href=\"https:\/\/arquivo.pedroleopoldo.mg.gov.br\/wp-content\/uploads\/2025\/05\/Plano-Municipal-de-Saude-2022-2025-Versao-aprovada-em-1.docx-1-2.pdf\" class=\"pdfemb-viewer\" style=\"\" data-width=\"max\" data-height=\"max\" data-toolbar=\"both\" data-toolbar-fixed=\"on\">Plano-Municipal-de-Saude-2022-2025-Versao-aprovada-em-1.docx-1-2<\/a>\n\n\n<p><\/p>\n\n\n\n<h4 class=\"wp-block-heading\">Convoca\u00e7\u00e3o dos Participantes da XII Confer\u00eancia Municipal de Sa\u00fade<\/h4>\n\n\n<a href=\"https:\/\/arquivo.pedroleopoldo.mg.gov.br\/wp-content\/uploads\/2025\/05\/Convocacao-Plenaria-de-eleicao-do-Conselho-2025-1.pdf\" class=\"pdfemb-viewer\" style=\"\" data-width=\"max\" data-height=\"max\" data-toolbar=\"both\" data-toolbar-fixed=\"on\">Convocacao-Plenaria-de-eleicao-do-Conselho-2025-1<\/a>\n<p class=\"wp-block-pdfemb-pdf-embedder-viewer\"><\/p>\n\n\n\n<h4 class=\"wp-block-heading\">Protocolo cl\u00ednico para dispensa\u00e7\u00e3o de f\u00f3rmulas nutricionais<\/h4>\n\n\n<a href=\"https:\/\/arquivo.pedroleopoldo.mg.gov.br\/wp-content\/uploads\/2025\/04\/potocolo-clinico.pdf\" class=\"pdfemb-viewer\" style=\"\" data-width=\"max\" data-height=\"max\" data-toolbar=\"both\" data-toolbar-fixed=\"on\">potocolo-clinico<\/a>\n<p class=\"wp-block-pdfemb-pdf-embedder-viewer\"><\/p>\n\n\n\n<h2 class=\"wp-block-heading\">XII CONFER\u00caNCIA MUNICIPAL DE SA\u00daDE &#8211; PEDRO LEOPOLDO MG<\/h2>\n\n\n\n<p><a href=\"https:\/\/docs.google.com\/forms\/d\/e\/1FAIpQLSdOFhS4mLY8LQgoX1hfYx0msYTMevu3LasgWLKv3zyiPy1sXQ\/viewform\">https:\/\/docs.google.com\/forms\/d\/e\/1FAIpQLSdOFhS4mLY8LQgoX1hfYx0msYTMevu3LasgWLKv3zyiPy1sXQ\/viewform<\/a><\/p>\n\n\n\n<h2 class=\"wp-block-heading\">Dispensa\u00e7\u00e3o do Medicamento<\/h2>\n\n\n<a href=\"https:\/\/arquivo.pedroleopoldo.mg.gov.br\/wp-content\/uploads\/2024\/11\/METILFENIDATO-PEDRO-LEOPOLDO-20241-1.pdf\" class=\"pdfemb-viewer\" style=\"\" data-width=\"max\" data-height=\"max\" data-toolbar=\"both\" data-toolbar-fixed=\"on\">METILFENIDATO-PEDRO-LEOPOLDO-20241-1<\/a>\n<p class=\"wp-block-pdfemb-pdf-embedder-viewer\"><\/p>\n\n\n<a href=\"https:\/\/arquivo.pedroleopoldo.mg.gov.br\/wp-content\/uploads\/2024\/11\/ANEXO-METILFENIDATO-.pdf\" class=\"pdfemb-viewer\" style=\"\" data-width=\"max\" data-height=\"max\" data-toolbar=\"both\" data-toolbar-fixed=\"on\">ANEXO-METILFENIDATO-<\/a>\n<p class=\"wp-block-pdfemb-pdf-embedder-viewer\"><\/p>\n\n\n\n<h2 class=\"wp-block-heading\">&nbsp;Pagamento do Auxilio Financeiro Complementar da Enfermagem<\/h2>\n\n\n<a href=\"https:\/\/arquivo.pedroleopoldo.mg.gov.br\/wp-content\/uploads\/2024\/05\/Piso-Enfermagem-Maio-2024-1.pdf\" class=\"pdfemb-viewer\" style=\"\" data-width=\"max\" data-height=\"max\" data-toolbar=\"both\" data-toolbar-fixed=\"on\">Piso-Enfermagem-Maio-2024-1<\/a>\n<p class=\"wp-block-pdfemb-pdf-embedder-viewer\"><\/p>\n\n\n\n<h2 class=\"wp-block-heading\">PROTOCOLO PARA UTILIZA\u00c7\u00c3O DE TRANSPORTE<br>SANIT\u00c1RIO ELETIVO \u2013 TSE, NO MUNIC\u00cdPIO DE PEDRO LEOPOLDO<\/h2>\n\n\n<a href=\"https:\/\/arquivo.pedroleopoldo.mg.gov.br\/wp-content\/uploads\/2023\/01\/PROTOCOLO-TRANSPORTE.pdf\" class=\"pdfemb-viewer\" style=\"\" data-width=\"max\" data-height=\"max\" data-toolbar=\"both\" data-toolbar-fixed=\"on\">PROTOCOLO-TRANSPORTE<\/a>\n<p class=\"wp-block-pdfemb-pdf-embedder-viewer\"><\/p>\n\n\n\n<p>O Transporte Sanit\u00e1rio Individual para tratamento fora do domic\u00edlio funciona de segunda a sexta-feira, em dias e&nbsp; hor\u00e1rios diurnos. Quando houver decreto municipal determinando que, em certo dia \u00fatil n\u00e3o haver\u00e1 expediente na prefeitura, este servi\u00e7o tamb\u00e9m n\u00e3o funcionar\u00e1.<\/p>\n\n\n<a href=\"https:\/\/arquivo.pedroleopoldo.mg.gov.br\/wp-content\/uploads\/2023\/01\/ANEXOS-PROTOCOLO-TFD-TSE.pdf\" class=\"pdfemb-viewer\" style=\"\" data-width=\"max\" data-height=\"max\" data-toolbar=\"both\" data-toolbar-fixed=\"on\">ANEXOS-PROTOCOLO-TFD-TSE<\/a>\n<p class=\"wp-block-pdfemb-pdf-embedder-viewer\"><\/p>\n\n\n\n<h2 class=\"wp-block-heading\">PLANO MUNICIPAL DE SA\u00daDE 2022- 2025<\/h2>\n\n\n<a href=\"https:\/\/arquivo.pedroleopoldo.mg.gov.br\/wp-content\/uploads\/2023\/01\/Plano-Municipal-de-Sa\u00fade-2022-2025-Vers\u00e3o-aprovada-em-1.docx-1.pdf\" class=\"pdfemb-viewer\" style=\"\" data-width=\"max\" data-height=\"max\" data-toolbar=\"both\" data-toolbar-fixed=\"on\">Plano-Municipal-de-Sa\u00fade-2022-2025-Vers\u00e3o-aprovada-em-1.docx-1<\/a>\n<p class=\"wp-block-pdfemb-pdf-embedder-viewer\"><\/p>\n\n\n\n<p>Nota T\u00e9cnica Covid 18\/11\/2022<\/p>\n\n\n<a href=\"https:\/\/arquivo.pedroleopoldo.mg.gov.br\/wp-content\/uploads\/2022\/11\/NOTA-T\u00c9CNICA-COVID-18-11-22-1.pdf\" class=\"pdfemb-viewer\" style=\"\" data-width=\"max\" data-height=\"max\" data-toolbar=\"both\" data-toolbar-fixed=\"on\">NOTA-T\u00c9CNICA-COVID-18-11-22-1<\/a>\n<p class=\"wp-block-pdfemb-pdf-embedder-viewer\"><\/p>\n\n\n\n<h2 class=\"wp-block-heading\">Protocolo de Fraldas <\/h2>\n\n\n<a href=\"https:\/\/arquivo.pedroleopoldo.mg.gov.br\/wp-content\/uploads\/2023\/02\/Protocolo-de-Fraldas-1.pdf\" class=\"pdfemb-viewer\" style=\"\" data-width=\"max\" data-height=\"max\" data-toolbar=\"both\" data-toolbar-fixed=\"on\">Protocolo-de-Fraldas-1<\/a>\n<p class=\"wp-block-pdfemb-pdf-embedder-viewer\"><\/p>\n\n\n\n<h2 class=\"wp-block-heading\"><strong>Fluxo de Solicita\u00e7\u00e3o de Oxigenoterapia Domiciliar<\/strong><\/h2>\n\n\n<a href=\"https:\/\/arquivo.pedroleopoldo.mg.gov.br\/wp-content\/uploads\/2023\/01\/Fluxo-de-solicita\u00e7\u00e3o-de-oxigenoterapia-domiciliar-2022-1.pdf\" class=\"pdfemb-viewer\" style=\"\" data-width=\"max\" data-height=\"max\" data-toolbar=\"both\" data-toolbar-fixed=\"on\">Fluxo-de-solicita\u00e7\u00e3o-de-oxigenoterapia-domiciliar-2022-1<\/a>\n<p class=\"wp-block-pdfemb-pdf-embedder-viewer\"><\/p>\n\n\n\n<p><strong>Comunicado &#8211; Monkeypox<\/strong><\/p>\n\n\n\n<p>A Prefeitura por meio da Secretaria Municipal de Sa\u00fade informa que recebeu da Funda\u00e7\u00e3o Ezequiel Dias (FUNED), na manh\u00e3 de segunda-feira (29) , o resultado positivo do primeiro caso de monkeypox no munic\u00edpio, tamb\u00e9m conhecida como var\u00edola dos macacos, confirmando o diagn\u00f3stico inicial.<\/p>\n\n\n\n<p>O paciente, que permanece est\u00e1vel clinicamente, est\u00e1 em isolamento domiciliar, em acompanhamento pela Vigil\u00e2ncia Epidemiol\u00f3gica e pela equipe de Aten\u00e7\u00e3o Prim\u00e1ria \u00e0 Sa\u00fade do munic\u00edpio.<\/p>\n\n\n\n<p>At\u00e9 o momento Pedro Leopoldo possui 6 casos notificados, sendo 01 positivo.<\/p>\n\n\n\n<p>A Secretaria de Sa\u00fade ressalta que em caso de suspeita da doen\u00e7a, a pessoa deve procurar pela unidade de sa\u00fade mais pr\u00f3xima da sua resid\u00eancia.<\/p>\n\n\n\n<p><\/p>\n\n\n\n<h2 class=\"wp-block-heading\">Nota T\u00e9cnica Monkeypox &#8211; Var\u00edola dos Macacos<\/h2>\n\n\n<a href=\"https:\/\/arquivo.pedroleopoldo.mg.gov.br\/wp-content\/uploads\/2022\/07\/Nota-T\u00e9cnica-Monkeypox-para-popula\u00e7\u00e3o-1.pdf\" class=\"pdfemb-viewer\" style=\"\" data-width=\"max\" data-height=\"max\" data-toolbar=\"both\" data-toolbar-fixed=\"on\">Nota-T\u00e9cnica-Monkeypox-para-popula\u00e7\u00e3o-1<\/a>\n<p class=\"wp-block-pdfemb-pdf-embedder-viewer\"><\/p>\n\n\n\n<h3 class=\"wp-block-heading\">Protocolo de Dispensa\u00e7\u00e3o de F\u00f3rmulas Nutricionais<\/h3>\n\n\n<a href=\"https:\/\/arquivo.pedroleopoldo.mg.gov.br\/wp-content\/uploads\/2022\/07\/Protocolo-de-dispensa\u00e7\u00e3o-de-F\u00f3rmulas-Nutricionais-2022.pdf\" class=\"pdfemb-viewer\" style=\"\" data-width=\"max\" data-height=\"max\" data-toolbar=\"both\" data-toolbar-fixed=\"on\">Protocolo-de-dispensa\u00e7\u00e3o-de-F\u00f3rmulas-Nutricionais-2022<\/a>\n<p class=\"wp-block-pdfemb-pdf-embedder-viewer\"><\/p>\n\n\n\n<h2 class=\"wp-block-heading\">Nota Informativa 75\u00aa Vers\u00e3o<\/h2>\n\n\n<a href=\"https:\/\/arquivo.pedroleopoldo.mg.gov.br\/wp-content\/uploads\/2022\/01\/Nota-Informativa-75\u00aa-vers\u00e3o-SES-MG.pdf\" class=\"pdfemb-viewer\" style=\"\" data-width=\"max\" data-height=\"max\" data-toolbar=\"both\" data-toolbar-fixed=\"on\">Nota-Informativa-75\u00aa-vers\u00e3o-SES-MG<\/a>\n<p class=\"wp-block-pdfemb-pdf-embedder-viewer\"><\/p>\n\n\n<a href=\"https:\/\/arquivo.pedroleopoldo.mg.gov.br\/wp-content\/uploads\/2021\/12\/Boletim-Epidemio-S\u00edfilis-2021-FINAL-1.pdf\" class=\"pdfemb-viewer\" style=\"\" data-width=\"max\" data-height=\"max\" data-toolbar=\"both\" data-toolbar-fixed=\"on\">Boletim-Epidemio-S\u00edfilis-2021-FINAL-1<\/a>\n<p class=\"wp-block-pdfemb-pdf-embedder-viewer\"><\/p>\n\n\n\n<h2 class=\"wp-block-heading\"><strong>Nota T\u00e9cnica 004\/2021<\/strong><\/h2>\n\n\n\n<p><strong>NOTA T\u00c9CNICA<\/strong><strong> N\u00ba<\/strong><strong> 004\/2021<\/strong><\/p>\n\n\n\n<p><strong>Edi\u00e7\u00e3o 26\/10\/2021<\/strong><\/p>\n\n\n\n<p><strong>VACINA\u00c7\u00c3O COVID-19 NO MUNIC\u00cdPIO DE PEDRO LEOPOLDO-MG<\/strong><\/p>\n\n\n\n<p>Considerando a Nota Informativa n\u00ba 49\u00aa e \u00faltima Nota Informativa \u2013 59\u00aa, vers\u00e3o Vacina\u00e7\u00e3o Covid-19, expedidas pela Secretaria de Estado de Sa\u00fade de Minas Gerais, cujo item 7 descreve:<\/p>\n\n\n\n<p>\u201c<em>Popula\u00e7\u00e3o que busca administra\u00e7\u00e3o da D2 em local diferente da administra\u00e7\u00e3o de D1\u2192 O PNI preza pelos princ\u00edpios do SUS de universalidade, equidade e integralidade. Desta forma, entende-se a necessidade de concluir o esquema vacinal contra COVID-19 conforme proposto pelas Notas Informativas e diretrizes t\u00e9cnicas atuais, independente do local de vacina\u00e7\u00e3o da 1\u00aa dose.<\/em><\/p>\n\n\n\n<p><em>ATEN\u00c7\u00c3O: A aplica\u00e7\u00e3o da 2\u00aa dose deve ser garantida independente da UF ou Munic\u00edpio em que a 1\u00aa<\/em><em>dose foi realizada, garantindo assim o esquema vacinal de toda a popula\u00e7\u00e3o brasileira.\u201d<\/em><\/p>\n\n\n\n<p>O munic\u00edpio entende e tamb\u00e9m preza pelos direitos da popula\u00e7\u00e3o garantidos pelos princ\u00edpios do SUS, por\u00e9m, o PNI e as Notas Informativas do Estado n\u00e3o garante a reposi\u00e7\u00e3o das doses utilizadas na popula\u00e7\u00e3o que se vacinou em outros munic\u00edpios.<\/p>\n\n\n\n<p>Assim, visando a garantia da D2 e Dose Refor\u00e7o na popula\u00e7\u00e3o vacinada exclusivamente no munic\u00edpio de Pedro Leopoldo, fica recomendado que, na procura pela D2 ou Dose Refor\u00e7o por pessoas que se vacinaram em outros munic\u00edpios, estes dever\u00e3o ser direcionados para receberem a vacina com doses remanescentes apenas no fim do dia, quando dispon\u00edveis, j\u00e1 que, apesar da orienta\u00e7\u00e3o do PNI, os crit\u00e9rios para distribui\u00e7\u00e3o das vacinas continuam sendo baseadas no c\u00e1lculo de D1 nos respectivos munic\u00edpios.<\/p>\n\n\n\n<p>Cabe ressaltar que, se houver a disponibiliza\u00e7\u00e3o de doses extras por parte do Estado de Minas Gerais, para atendimento a essas demandas, poder\u00e1 ser garantida de forma integral a vacina\u00e7\u00e3o de pessoas vacinadas em outros munic\u00edpios.<\/p>\n\n\n\n<p><strong>Daniel Lucas do Carmo<\/strong><\/p>\n\n\n\n<p>Chefe de Divis\u00e3o de Vigil\u00e2ncia em Sa\u00fade<\/p>\n\n\n\n<p><strong>Michelli de Matos Moreno<\/strong><\/p>\n\n\n\n<p>Diretora de Aten\u00e7\u00e3o e Vigil\u00e2ncia em Sa\u00fade<\/p>\n\n\n\n<p><strong>H\u00e9lio Renato Neri<\/strong><\/p>\n\n\n\n<p>Secret\u00e1rio Municipal de Sa\u00fade<\/p>\n\n\n\n<p>______________________________________________________________________________<\/p>\n\n\n\n<p><\/p>\n\n\n\n<p><\/p>\n\n\n\n<p><strong>Vacina\u00e7\u00e3o contra a Poliomelite 2020<\/strong><\/p>\n\n\n\n<p>Come\u00e7ou no dia 05 de outubro e vai at\u00e9 dia 30 deste m\u00eas a Campanha Nacional de Vacina\u00e7\u00e3o contra poliomielite e a Campanha de Multivacina\u00e7\u00e3o para atualiza\u00e7\u00e3o de cart\u00e3o de vacina das crian\u00e7as e adolescentes. No pr\u00f3ximo s\u00e1bado, dia 17, Dia D da Campanha, as Unidades de Sa\u00fade estar\u00e3o abertas das 8 \u00e0s 16 horas para vacina\u00e7\u00e3o. Todas as crian\u00e7as de 1 a 4 anos, mesmo que estejam com as vacinas em dia, devem tomar a dose contra a poliomielite.<br>Vamos proteger nossas crian\u00e7as!<br>Vacina \u00e9 prote\u00e7\u00e3o.<br><br><strong>* N\u00e3o esque\u00e7a de levar o cart\u00e3o de vacina.<\/strong><\/p>\n\n\n\n<p><strong><em>Unidades de Vacina\u00e7\u00e3o<\/em><\/strong>:<\/p>\n\n\n\n<p>Centro Municipal de Imuniza\u00e7\u00e3o<br>Unidade de Apoio em Quinta das Palmeiras<br>ESF Fidalgo<br>ESF Lagoa<br>ESF Ad\u00e9lia Issa \/ CEO<br>ESF Teot\u00f4nio Batista de Freitas<br>ESF Romero<br>ESF Dom Camilo<br>ESF Vera Cruz<br>ESF Santo Ant\u00f4nio da Barra<br>ESF Dr. Lund<\/p>\n\n\n\n<p><\/p>\n\n\n\n<p><\/p>\n\n\n\n<p><strong>Nota Oficial &#8211; Suspeita Sarampo<\/strong><\/p>\n\n\n<a href=\"https:\/\/arquivo.pedroleopoldo.mg.gov.br\/wp-content\/uploads\/2019\/09\/supeita-sarampo-2.pdf\" class=\"pdfemb-viewer\" style=\"\" data-width=\"max\" data-height=\"max\" data-toolbar=\"both\" data-toolbar-fixed=\"on\">supeita-sarampo-2<\/a>\n<p class=\"wp-block-pdfemb-pdf-embedder-viewer\"><\/p>\n\n\n\n<p><\/p>\n\n\n\n<p>Nota Informativa Febre Maculosa<\/p>\n\n\n<a href=\"https:\/\/arquivo.pedroleopoldo.mg.gov.br\/wp-content\/uploads\/2019\/06\/A-Febre-Maculosa-Brasileira-PL_1_.pdf\" class=\"pdfemb-viewer\" style=\"\" data-width=\"max\" data-height=\"max\" data-toolbar=\"both\" data-toolbar-fixed=\"on\">A-Febre-Maculosa-Brasileira-PL_1_<\/a>\n<p class=\"wp-block-pdfemb-pdf-embedder-viewer\"><\/p>\n\n\n<p><strong>Protocolos<\/strong><\/p>\n<p>Protocolo Cl\u00ednico de dispensa\u00e7\u00e3o de F\u00f3rmulas Nutricionais<\/p>\n<p><a href=\"file:\/\/\/C:\/Users\/fcsrodrigues\/Downloads\/Protocolo%20f%C3%B3rmulas%20nutricionais_2020.pdf\"><a href=\"https:\/\/arquivo.pedroleopoldo.mg.gov.br\/wp-content\/uploads\/2020\/01\/Protocolo-f\u00f3rmulas-nutricionais_2020.pdf\" class=\"pdfemb-viewer\" style=\"\" data-width=\"max\" data-height=\"max\" data-toolbar=\"both\" data-toolbar-fixed=\"on\">Protocolo f\u00f3rmulas nutricionais_2020<\/a><\/a><\/p>\n<p><a href=\"https:\/\/arquivo.pedroleopoldo.mg.gov.br\/wp-content\/uploads\/2018\/10\/Protocolo-ODP.pdf\">Protocolo ODP<\/a><\/p>\n<p><a href=\"https:\/\/arquivo.pedroleopoldo.mg.gov.br\/wp-content\/uploads\/2018\/10\/Protocolo-de-Endocrinologia-SMS-PL-2018.pdf\">Protocolo de Endocrinologia &#8211; SMS-PL 2018<\/a><\/p>\n<p><a href=\"https:\/\/arquivo.pedroleopoldo.mg.gov.br\/wp-content\/uploads\/2020\/03\/REMUME-atualizado.pdf\">REMUME 2020<\/a>&nbsp;<\/p>\n<p><a href=\"https:\/\/arquivo.pedroleopoldo.mg.gov.br\/wp-content\/uploads\/2018\/10\/Resolu\u00e7\u00e3o-01-2018-Frota-SMS.pdf\">Resolu\u00e7\u00e3o 01-2018 Frota SMS<\/a><\/p>\n<\/p>\n\n\n<h2 class=\"wp-block-heading\"><\/h2>\n\n\n\n<p>Programa\u00e7\u00e3o Anual de Sa\u00fade<\/p>\n\n\n<a href=\"https:\/\/arquivo.pedroleopoldo.mg.gov.br\/wp-content\/uploads\/2019\/06\/Programa\u00e7\u00e3o-Anual-de-Sa\u00fade-2018.pdf\" class=\"pdfemb-viewer\" style=\"\" data-width=\"max\" data-height=\"max\" data-toolbar=\"both\" data-toolbar-fixed=\"on\">Programa\u00e7\u00e3o-Anual-de-Sa\u00fade-2018<\/a>\n<p class=\"wp-block-pdfemb-pdf-embedder-viewer\"><\/p>\n\n\n\n<p>Plano Municipal de Sa\u00fade 2018-2021<\/p>\n\n\n<a href=\"https:\/\/arquivo.pedroleopoldo.mg.gov.br\/wp-content\/uploads\/2019\/06\/Plano-Municipal-de-Sa\u00fade-2018-2021-Vers\u00e3o-aprovada-em-14-de-nov.-2017.pdf\" class=\"pdfemb-viewer\" style=\"\" data-width=\"max\" data-height=\"max\" data-toolbar=\"both\" data-toolbar-fixed=\"on\">Plano-Municipal-de-Sa\u00fade-2018-2021-Vers\u00e3o-aprovada-em-14-de-nov.-2017<\/a>\n<p class=\"wp-block-pdfemb-pdf-embedder-viewer\"><\/p>\n\n\n\n<p><\/p>\n\n\n\n<p><\/p>\n\n\n\n<p>RENAME \u2013 Rela\u00e7\u00e3o Nacional de Medicamentos Essenciais.<\/p>\n\n\n<a href=\"https:\/\/arquivo.pedroleopoldo.mg.gov.br\/wp-content\/uploads\/2019\/05\/Medicamentos-Rename.pdf\" class=\"pdfemb-viewer\" style=\"\" data-width=\"max\" data-height=\"max\" data-toolbar=\"both\" data-toolbar-fixed=\"on\">Medicamentos Rename<\/a>\n\n\n\n<p><strong>Portaria SMS n\u00ba 001, de 07 de Maio de 2019<\/strong><\/p>\n\n\n<a href=\"https:\/\/arquivo.pedroleopoldo.mg.gov.br\/wp-content\/uploads\/2019\/05\/Portaria-e-Recomenda\u00e7\u00e3o.pdf\" class=\"pdfemb-viewer\" style=\"\" data-width=\"max\" data-height=\"max\" data-toolbar=\"both\" data-toolbar-fixed=\"on\">Portaria-e-Recomenda\u00e7\u00e3o<\/a>\n<p class=\"wp-block-pdfemb-pdf-embedder-viewer\"><\/p>\n\n\n\n<p><\/p>\n\n\n\n<p><\/p>\n","protected":false},"excerpt":{"rendered":"<p>Casa do Autista &#8211; Projeto e Fluxos Portaria Interna da Secretaria Municipal de Sa\u00fade Portaria Interna da Secretaria Municipal de Sa\u00fade PLANO MUNICIPAL DE SA\u00daDE Convoca\u00e7\u00e3o dos Participantes da XII Confer\u00eancia Municipal de Sa\u00fade Protocolo cl\u00ednico para dispensa\u00e7\u00e3o de f\u00f3rmulas nutricionais XII CONFER\u00caNCIA MUNICIPAL DE SA\u00daDE &#8211; PEDRO LEOPOLDO MG https:\/\/docs.google.com\/forms\/d\/e\/1FAIpQLSdOFhS4mLY8LQgoX1hfYx0msYTMevu3LasgWLKv3zyiPy1sXQ\/viewform Dispensa\u00e7\u00e3o do Medicamento &nbsp;Pagamento &hellip; <a href=\"https:\/\/arquivo.pedroleopoldo.mg.gov.br\/?page_id=2127\" class=\"more-link\">Continuar lendo <span class=\"screen-reader-text\">Secretaria Municipal de Sa\u00fade<\/span><\/a><\/p>\n","protected":false},"author":1,"featured_media":0,"parent":0,"menu_order":0,"comment_status":"closed","ping_status":"closed","template":"","meta":{"footnotes":""},"_links":{"self":[{"href":"https:\/\/arquivo.pedroleopoldo.mg.gov.br\/index.php?rest_route=\/wp\/v2\/pages\/2127"}],"collection":[{"href":"https:\/\/arquivo.pedroleopoldo.mg.gov.br\/index.php?rest_route=\/wp\/v2\/pages"}],"about":[{"href":"https:\/\/arquivo.pedroleopoldo.mg.gov.br\/index.php?rest_route=\/wp\/v2\/types\/page"}],"author":[{"embeddable":true,"href":"https:\/\/arquivo.pedroleopoldo.mg.gov.br\/index.php?rest_route=\/wp\/v2\/users\/1"}],"replies":[{"embeddable":true,"href":"https:\/\/arquivo.pedroleopoldo.mg.gov.br\/index.php?rest_route=%2Fwp%2Fv2%2Fcomments&post=2127"}],"version-history":[{"count":1,"href":"https:\/\/arquivo.pedroleopoldo.mg.gov.br\/index.php?rest_route=\/wp\/v2\/pages\/2127\/revisions"}],"predecessor-version":[{"id":32429,"href":"https:\/\/arquivo.pedroleopoldo.mg.gov.br\/index.php?rest_route=\/wp\/v2\/pages\/2127\/revisions\/32429"}],"wp:attachment":[{"href":"https:\/\/arquivo.pedroleopoldo.mg.gov.br\/index.php?rest_route=%2Fwp%2Fv2%2Fmedia&parent=2127"}],"curies":[{"name":"wp","href":"https:\/\/api.w.org\/{rel}","templated":true}]}}